{"id":13401,"date":"2024-04-03T08:44:00","date_gmt":"2024-04-03T08:44:00","guid":{"rendered":"https:\/\/legends.goalunited.org\/?page_id=13401"},"modified":"2024-04-03T08:44:02","modified_gmt":"2024-04-03T08:44:02","slug":"game-rules","status":"publish","type":"page","link":"https:\/\/legends.goalunited.org\/de\/game-rules\/","title":{"rendered":"Spielregeln"},"content":{"rendered":"<p><br><\/p>\n\n\n\n<p>Spielregeln<\/p>\n\n\n\n<p>Die nachstehend aufgef\u00fchrten Spielregeln stellen eine Erg\u00e4nzung zu den <a href=\"https:\/\/agb.traviangames.com\/terms-de.pdf\">allgemeinen Gesch\u00e4ftsbedingungen<\/a> dar.<\/p>\n\n\n\n<p>Im Falle eine Sperre sollten die allgemeinen Gesch\u00e4ftsbedingungen (Ziff. 6) gepr\u00fcft werden \u2013 wir empfehlen aber, sie auch vorher schon gr\u00fcndlich zu lesen.<\/p>\n\n\n\n<p>Alle Spielregeln gelten f\u00fcr aktive Spieler, sowie f\u00fcr Spieler, die beabsichtigen, ihr Konto zu l\u00f6schen, und f\u00fcr Spieler, die bereits die L\u00f6schungsphase f\u00fcr ihr Konto aktiviert haben.<\/p>\n\n\n\n<p>1. Account und Vereine<\/p>\n\n\n\n<p>1.1. Jeder goalunited-Manager darf nur einen Account besitzen (bis zu 3 Vereine auf demselben Account sind durch die <a href=\"https:\/\/support.goalunited.org\/de\/support\/solutions\/articles\/7000046178-top-manager\">Top-Manager-Funktion<\/a> m\u00f6glich)<\/p>\n\n\n\n<p>Gemeldete oder entdeckte Multiaccounts werden geschlossen, der Besitzer wird benachrichtigt und der Hauptaccount wird bestraft.<\/p>\n\n\n\n<p>1.2. Der Accountinhaber ist die Person, deren E-Mail-Adresse f\u00fcr das Konto registriert ist. Der Support hat das Recht, die E-Mail-Adresse zum Zwecke der \u00dcberpr\u00fcfung der Inhaberschaft anzufordern.<\/p>\n\n\n\n<p>1.3. Die gemeinsame Nutzung von Passw\u00f6rtern f\u00fcr Accounts ist nicht gestattet. Bei diesbez\u00fcglichen Beschwerden, die beim Support eingehen, wird das betreffende Konto je nach Ergebnis der Untersuchung bestraft\/geschlossen. Unsere Supporter oder Teammitglieder werden Sie niemals nach Ihrem Passwort fragen. Sollte Ihnen eine solche Situation widerfahren, melden Sie dies bitte sofort an <a href=\"mailto:complaints@traviangames.com\">complaints@traviangames.com<\/a>.<\/p>\n\n\n\n<p>1.4. Inaktive Accounts\/Vereine k\u00f6nnen m\u00f6glicherweise im Laufe der Zeit aus dem einen oder anderen Grund technischer Natur gel\u00f6scht werden. Accounts, die ein aktiven Premium-Account haben sind gesch\u00fctzt, jedoch kann der\/die Verein(e) immer noch auf den Anfang zur\u00fcckgesetzt werden (Neustart), falls ein Verein aufgrund der Inaktivit\u00e4t in Konkurs geht. Es ist nicht m\u00f6glich, bereits gel\u00f6schte oder bankrotte Accounts\/Vereine wiederherzustellen.<\/p>\n\n\n\n<p>1.5 Der Verkauf von Accounts ist untersagt. Jeder derartige Versuch kann zu einer permanenten L\u00f6schung des Accounts f\u00fchren.<\/p>\n\n\n\n<p>2. In-Game-Kommunikation und Nutzung\/Hochladen von Inhalten<\/p>\n\n\n\n<p>2.1 Spieler m\u00fcssen stets h\u00f6flich \u00fcber In-Game-Nachrichten, G\u00e4stebuch, Pressemitteilungen und alle anderen von goalunited zur Verf\u00fcgung gestellten Kommunikationsplattformen kommunizieren. Jegliche Form der Beleidigung, Beschimpfung oder Obsz\u00f6nit\u00e4t gegen\u00fcber einem Manager, einer Gruppe von Managern oder einem Mitglied des Teams \u00fcber einen der Kommunikationskan\u00e4le im Spiel wird mit einer Strafe auf dem Spielaccount geahndet.<\/p>\n\n\n\n<p>2.2 Das Hochladen und Anzeigen von Materialien, die nicht f\u00fcr Minderj\u00e4hrige geeignet sind, ist strengstens untersagt.<\/p>\n\n\n\n<p>2.3 Werbung jeglicher Art ist nicht gestattet. Travian Games GmbH und\/oder verbundene Unternehmen oder vertrauensw\u00fcrdige Seiten (YouTube, Wikipedia etc.) sind erlaubt.<\/p>\n\n\n\n<p>2.4 Nachrichten und Unterhaltungen zwischen zwei Parteien innerhalb des Spiels d\u00fcrfen nur dann ver\u00f6ffentlicht werden, wenn alle beteiligten Parteien zugestimmt haben. Die Ver\u00f6ffentlichung von Nachrichten oder E-Mails an oder von goalunited-Mitarbeitern ist ohne ausdr\u00fcckliche Zustimmung nicht gestattet.<\/p>\n\n\n\n<p>2.5 Inhalte, die eine exakte \u00dcbereinstimmung mit dem Original\/dem urheberrechtlich gesch\u00fctzten Inhalt darstellen, werden entfernt (z.B. ein offizieller Vereinsname oder ein offizielles Logo); bitte meldet jeden Inhalt \u00fcber den Meldebutton im Spiel, wenn du Inhalte entdeckst, die urheberrechtlich gesch\u00fctztes Material\/Markenzeichen oder irgendetwas, das gegen die vorliegenden Regeln verst\u00f6\u00dft, enthalten.<\/p>\n\n\n\n<p>2.6 Jeder gemeldete oder entdeckte Inhalt, der eine Diskriminierung aufgrund von Geschlecht, Alter, Rasse, sexueller Orientierung, Behinderung, politischer \u00dcberzeugung oder Religion darstellt, wird entfernt und entsprechend bestraft.<\/p>\n\n\n\n<p>2.7 Jeder andere unangemessene Inhalt, der vom Support oder Team als st\u00f6rend f\u00fcr das Spielerlebnis anderer angesehen wird, kann sanktioniert werden.<\/p>\n\n\n\n<p>2.8. Es ist verboten, einen Spieler zu zwingen, sein Konto zu l\u00f6schen, auszuh\u00e4ndigen oder freizugeben, oder zu verlangen, dass er sein Passwort preisgibt oder gegen eine Regel verst\u00f6\u00dft.<\/p>\n\n\n\n<p>2.9. Es ist verboten, sich als ein Mitglied des Personals auszugeben, um falsche Informationen \u00fcber das Spiel zu verbreiten oder Spieler zu zwingen\/zu \u00fcberreden, Aktionen, ohne ihren Willen durchzuf\u00fchren.<\/p>\n\n\n\n<p>3. Verwaltung\/Moderation<\/p>\n\n\n\n<p>3.1. Das Support-Team und die Administratoren sind befugt, die Strafen f\u00fcr Regelverst\u00f6\u00dfe im Spiel zu bestimmen.<\/p>\n\n\n\n<p>3.2. Im Falle von Regelverst\u00f6\u00dfen sollte der einzige Ansprechpartner das Support-Team sein. Alle Spieler k\u00f6nnen ihren Einspruch unter Angabe der Umst\u00e4nde \u00fcber das Kontaktformular einreichen. Sollte der Spieler gute Gr\u00fcnde haben, die Entscheidung des Support-Mitarbeiters anzuzweifeln, bittet darum, dass das Ticket auf eine h\u00f6here Ebene eskaliert wird. Der Fall wird dann zus\u00e4tzlich gepr\u00fcft.<\/p>\n\n\n\n<p>3.3. Das goalunited-Team beh\u00e4lt sich das Recht vor, die Spielregeln jederzeit zu \u00e4ndern, um sicherzustellen, dass das Spiel ein unterhaltsamer, fairer und respektvoller Ort bleibt.<\/p>\n\n\n\n<p>3.4. Das goalunited-Team beh\u00e4lt sich das Recht vor, den gesunden und fairen Zustand des Spiels f\u00fcr seine Spieler stets zu sch\u00fctzen, insbesondere in Situationen, in denen die Bewertung und Untersuchung der potenziell sch\u00e4dlichen Situation oder Handlung stark darauf hinweisen, dass dem Spiel und\/oder einem oder mehreren Spielern im Spiel Schaden zugef\u00fcgt wird. In solchen Situationen hat das goalunited-Team das volle Recht, die notwendigen Ma\u00dfnahmen zu ergreifen, auch wenn die spezifische Situation als solche nicht in den aktuellen Spielregeln enthalten ist.<\/p>\n\n\n\n<p>3.5 Konstruktive und h\u00f6fliche Kritik und R\u00fcckmeldungen zum Spiel und seinen Mitarbeitern sind willkommen, jedoch ist zu beachten, dass Versuche, den Wert und das Image des Spiels oder einer oder mehrerer Personen aus unserem Team herabzusetzen, entsprechend geahndet werden.<\/p>\n\n\n\n<p>3.6. Das goalunited-Team wird die Ma\u00dfnahmen, die wegen Regelverst\u00f6\u00dfen in goalunited ergriffen wurden, nicht offenlegen oder ver\u00f6ffentlichen.<\/p>\n\n\n\n<p>4. Faires Spiel<\/p>\n\n\n\n<p>4.1 Das Ausnutzen von Spielfehlern oder Features im Rahmen einer Vorteilsnahme zum Nachteil anderer Manager oder zum Nachteil des Spiels ist verboten. Jeder gefundene Exploit sollte sofort dem Support-Team gemeldet werden.<\/p>\n\n\n\n<p>4.2 Es wird dringend empfohlen, alle Gegner im Spiel so gleich wie m\u00f6glich zu behandeln. Dies ist eine der wichtigsten Regeln des Fair-Play.<\/p>\n\n\n\n<p>4.3 Wenn Sie in offiziellen oder inoffiziellen Wettbewerben (Freundschafts-\/Trainingsspiele ausgenommen) mehrmals absichtlich eine schw\u00e4chere Best-Elf aufstellen, um dem Gegner einen Sieg zu &#8222;schenken&#8220;, kann dies zu einer Aktion des Support-Teams f\u00fchren.<\/p>\n\n\n\n<p>4.4 Jedes andere Fair-Play- und unsportliche Verhalten wird als Versto\u00df gewertet und kann zum dauerhaften Verlust des Vereins\/Accounts f\u00fchren.<br><br><\/p>\n\n\n\n<p><\/p>","protected":false},"excerpt":{"rendered":"<p>Spielregeln Die nachstehend aufgef\u00fchrten Spielregeln stellen eine Erg\u00e4nzung zu den allgemeinen Gesch\u00e4ftsbedingungen dar. Im Falle eine Sperre sollten die allgemeinen Gesch\u00e4ftsbedingungen (Ziff. 6) gepr\u00fcft werden \u2013 wir empfehlen aber, sie <a href=\"https:\/\/legends.goalunited.org\/de\/game-rules\/\" class=\"more-link\">[&hellip;]<\/a><\/p>\n","protected":false},"author":1,"featured_media":0,"parent":0,"menu_order":0,"comment_status":"closed","ping_status":"closed","template":"","meta":{"_mi_skip_tracking":false,"_monsterinsights_sitenote_active":false,"_monsterinsights_sitenote_note":"","_monsterinsights_sitenote_category":0,"Layout":""},"aioseo_notices":[],"_links":{"self":[{"href":"https:\/\/legends.goalunited.org\/de\/wp-json\/wp\/v2\/pages\/13401"}],"collection":[{"href":"https:\/\/legends.goalunited.org\/de\/wp-json\/wp\/v2\/pages"}],"about":[{"href":"https:\/\/legends.goalunited.org\/de\/wp-json\/wp\/v2\/types\/page"}],"author":[{"embeddable":true,"href":"https:\/\/legends.goalunited.org\/de\/wp-json\/wp\/v2\/users\/1"}],"replies":[{"embeddable":true,"href":"https:\/\/legends.goalunited.org\/de\/wp-json\/wp\/v2\/comments?post=13401"}],"version-history":[{"count":4,"href":"https:\/\/legends.goalunited.org\/de\/wp-json\/wp\/v2\/pages\/13401\/revisions"}],"predecessor-version":[{"id":13405,"href":"https:\/\/legends.goalunited.org\/de\/wp-json\/wp\/v2\/pages\/13401\/revisions\/13405"}],"wp:attachment":[{"href":"https:\/\/legends.goalunited.org\/de\/wp-json\/wp\/v2\/media?parent=13401"}],"curies":[{"name":"wp","href":"https:\/\/api.w.org\/{rel}","templated":true}]}}