{"id":36,"date":"2016-07-14T18:07:33","date_gmt":"2016-07-14T18:07:33","guid":{"rendered":"https:\/\/82.149.252.48\/?page_id=36"},"modified":"2026-03-02T10:56:38","modified_gmt":"2026-03-02T10:56:38","slug":"impressum","status":"publish","type":"page","link":"https:\/\/legends.goalunited.org\/de\/impressum\/","title":{"rendered":"Impressum"},"content":{"rendered":"<p><strong>Verantwortlich f\u00fcr die Angebote dieser Seite:<\/strong><\/p>\n<p>Travian Games GmbH<br \/>\nMoosacher Str. 70<br \/>\n80809 M\u00fcnchen<br \/>\nDeutschland<br \/>\n<a href=\"mailto:mail@traviangames.com\">mail@traviangames.com<\/a><\/p>\n<p><strong>Registergericht:<\/strong><br \/>\n<strong>Amtsgericht M\u00fcnchen<\/strong>, HRB 173511<br \/>\n<strong>USt-IdNr.<\/strong>: DE 246258085<br \/>\n<strong>Gesch\u00e4ftsf\u00fchrer<\/strong>: <span lang=\"EN-US\">Viktor Pulz, <\/span>J\u00f6rg Strathaus<br \/>\n<strong>Telefon<\/strong>: +49 89\/32 49 15 93 8 (Nicht f\u00fcr Support-Anfragen)<br \/>\n<strong>Fax<\/strong>: +49 89\/32 49 15 97 3 (Nur f\u00fcr Plus-Support)<\/p>\n<p><strong>Support:<\/strong><br \/>\n<a href=\"https:\/\/support.goalunited.org\/de\/support\/tickets\/new\">Kontakt<\/a><\/p>\n<p><strong>Jugendschutzbeauftragter:<\/strong><br \/>\nRechtsanwalt: Dr. Andreas Lober<br \/>\nBEITEN BURKHARDT Rechtsanwaltsgesellschaft mbH<\/p>\n<p><a href=\"mailto:youthprotection@traviangames.com\">youthprotection@traviangames.com<\/a><\/p>\n<p><strong>Datenschutzbeauftragter:<\/strong><\/p>\n<p>Philipp Heindorff<\/p>\n<p><a href=\"mailto:privacy@traviangames.com\">privacy@traviangames.com<\/a><\/p>\n<p>Bei Supportanfragen sollte immer der Benutzername und der Spielserver mit angegeben werden.<\/p>\n<p>Alle Rechte an Texten, Grafiken und Quellcodes liegen bei der Travian Games GmbH.<\/p>\n<p>Travian ist eine eingetragene Handelsmarke der Travian Games GmbH.<\/p>\n<p>Die EU-Online-Streitbeilegungsplattform (ODR) wurde eingestellt. Wir sind weder verpflichtet noch bereit, an Streitbeilegungsverfahren vor einer Verbraucherschlichtungsstelle teilzunehmen (\u00a7 36 VSBG). Verbraucher k\u00f6nnen sich mit ihren Anliegen oder Beschwerden direkt an uns unter protest@traviangames.com wenden.<\/p>\n<p>Haftungshinweis: Trotz sorgf\u00e4ltiger inhaltlicher Kontrolle \u00fcbernehmen wir keine Haftung f\u00fcr die Inhalte externer Links.<br \/>\nF\u00fcr den Inhalt der verlinkten Seiten sind ausschlie\u00dflich deren Betreiber verantwortlich.<\/span><\/p>","protected":false},"excerpt":{"rendered":"<p>Verantwortlich f\u00fcr die Angebote dieser Seite: Travian Games GmbH Moosacher Str. 70 80809 M\u00fcnchen Deutschland mail@traviangames.com Registergericht: Amtsgericht M\u00fcnchen, HRB 173511 USt-IdNr.: DE 246258085 Gesch\u00e4ftsf\u00fchrer: Viktor Pulz, J\u00f6rg Strathaus Telefon: <a href=\"https:\/\/legends.goalunited.org\/de\/impressum\/\" class=\"more-link\">[&hellip;]<\/a><\/p>\n","protected":false},"author":1,"featured_media":0,"parent":0,"menu_order":0,"comment_status":"closed","ping_status":"closed","template":"","meta":{"_mi_skip_tracking":false,"_monsterinsights_sitenote_active":false,"_monsterinsights_sitenote_note":"","_monsterinsights_sitenote_category":0,"Layout":""},"aioseo_notices":[],"_links":{"self":[{"href":"https:\/\/legends.goalunited.org\/de\/wp-json\/wp\/v2\/pages\/36"}],"collection":[{"href":"https:\/\/legends.goalunited.org\/de\/wp-json\/wp\/v2\/pages"}],"about":[{"href":"https:\/\/legends.goalunited.org\/de\/wp-json\/wp\/v2\/types\/page"}],"author":[{"embeddable":true,"href":"https:\/\/legends.goalunited.org\/de\/wp-json\/wp\/v2\/users\/1"}],"replies":[{"embeddable":true,"href":"https:\/\/legends.goalunited.org\/de\/wp-json\/wp\/v2\/comments?post=36"}],"version-history":[{"count":69,"href":"https:\/\/legends.goalunited.org\/de\/wp-json\/wp\/v2\/pages\/36\/revisions"}],"predecessor-version":[{"id":13470,"href":"https:\/\/legends.goalunited.org\/de\/wp-json\/wp\/v2\/pages\/36\/revisions\/13470"}],"wp:attachment":[{"href":"https:\/\/legends.goalunited.org\/de\/wp-json\/wp\/v2\/media?parent=36"}],"curies":[{"name":"wp","href":"https:\/\/api.w.org\/{rel}","templated":true}]}}