{"id":13401,"date":"2024-04-03T08:44:00","date_gmt":"2024-04-03T08:44:00","guid":{"rendered":"https:\/\/legends.goalunited.org\/?page_id=13401"},"modified":"2024-04-03T08:44:02","modified_gmt":"2024-04-03T08:44:02","slug":"game-rules","status":"publish","type":"page","link":"https:\/\/legends.goalunited.org\/es\/game-rules\/","title":{"rendered":"Reglas del juego"},"content":{"rendered":"<p><br><\/p>\n\n\n\n<p><strong>Reglas del juego<\/strong><\/p>\n\n\n\n<p>Las Reglas de Juego que se enumeran a continuaci\u00f3n representan un a\u00f1adido a lasgenerales <a href=\"https:\/\/agb.traviangames.com\/terms-es.pdf\">terminos y condiciones<\/a>.<\/p>\n\n\n\n<p>Las condiciones generales (Secci\u00f3n 6) deben consultarse en caso de baneo, o simplemente para comprobar qu\u00e9 est\u00e1 permitido y qu\u00e9 no.<\/p>\n\n\n\n<p>Todas las reglas del juego se aplican a los jugadores activos, a los que tienen intenci\u00f3n de eliminar su cuenta y a los que ya han activado la fase de eliminaci\u00f3n de su cuenta.<\/p>\n\n\n\n<p><strong>1. Cuentas y clubs<\/strong><\/p>\n\n\n\n<p>1.1. Cada entrenador de goalunited s\u00f3lo puede poseer una cuenta (es posible tener hasta 3 clubes en la misma cuenta a trav\u00e9s de la funci\u00f3n <a href=\"https:\/\/support.goalunited.org\/es\/support\/solutions\/articles\/7000046178-top-manager\">Entrenador Top<\/a>). Las multicuentas denunciadas o detectadas se cerrar\u00e1n, se notificar\u00e1 al propietario y se penalizar\u00e1 a la cuenta principal.<\/p>\n\n\n\n<p>1.2. El titular de la cuenta es la persona cuya direcci\u00f3n de correo electr\u00f3nico est\u00e1 registrada en la cuenta. El servicio de asistencia t\u00e9cnica tiene derecho a solicitar la direcci\u00f3n de correo electr\u00f3nico a efectos de verificaci\u00f3n de la titularidad.<\/p>\n\n\n\n<p>1.3. No est\u00e1 permitido compartir las contrase\u00f1as de las cuentas. En caso de que el servicio de asistencia reciba quejas en este sentido, la cuenta en cuesti\u00f3n ser\u00e1 penalizada o cerrada en funci\u00f3n del resultado de la investigaci\u00f3n. Nuestros colaboradores o miembros del equipo nunca te pedir\u00e1n tu contrase\u00f1a. Si se diera esta situaci\u00f3n, comun\u00edcalo inmediatamente a complaints@traviangames.com<\/p>\n\n\n\n<p>1.4. Las cuentas\/clubes inactivos pueden ser potencialmente borrados con el tiempo por una u otra raz\u00f3n de naturaleza t\u00e9cnica. Las cuentas que tienen una cuenta premium activa est\u00e1n protegidas, sin embargo, el club (s) todav\u00eda se puede restablecer al principio (Empezar de nuevo) en caso de que debido a la negligencia un club se declara en quiebra. Es imposible restaurar cuentas\/clubes ya eliminados o en quiebra.<\/p>\n\n\n\n<p>1.5 La venta de cuentas est\u00e1 prohibida. Cualquier intento de este tipo puede llevar a la eliminaci\u00f3n permanente de la cuenta.<\/p>\n\n\n\n<p><strong>2. Comunicaci\u00f3n dentro del juego y uso\/carga de contenidos<\/strong><\/p>\n\n\n\n<p>2.1 Los jugadores siempre deben comunicarse educadamente a trav\u00e9s de mensajes en el juego, libro de visitas, comunicados de prensa y todas las dem\u00e1s plataformas de comunicaci\u00f3n disponibles proporcionadas por goalunited. Cualquier forma de insulto, lenguaje abusivo, o blasfemia dirigida a un entrenador, grupo de entrenadores, o miembros del Equipo de Goalunited, a trav\u00e9s de cualquiera de los canales de comunicaci\u00f3n en el juego, ser\u00e1 castigada con una acci\u00f3n en la cuenta del juego.<\/p>\n\n\n\n<p>2.2 Queda terminantemente prohibido subir y mostrar material no apto para menores.<\/p>\n\n\n\n<p>2.3 La publicidad de cualquier tipo no est\u00e1 permitida. Travian Games GmbH y\/o empresas afiliadas o p\u00e1ginas de confianza (YouTube, Wikipedia, etc.) est\u00e1n permitidos.<\/p>\n\n\n\n<p>2.4 Los mensajes y conversaciones entre dos partes dentro del juego s\u00f3lo pueden ser publicados si todas las partes implicadas han dado su consentimiento. La publicaci\u00f3n de mensajes o correos electr\u00f3nicos a o del personal de goalunited est\u00e1 prohibida a menos que se haya dado el consentimiento expl\u00edcito.<\/p>\n\n\n\n<p>2.5 Se eliminar\u00e1n los contenidos que coincidan exactamente con el original\/con derechos de autor (como el nombre oficial de un club o el logotipo oficial); por favor, informa de cualquier contenido utilizando el bot\u00f3n de informar en el juego si observas contenido que contenga material con derechos de autor\/marca registrada o cualquier cosa que infrinja las presentes normas.<\/p>\n\n\n\n<p>2.6 Cualquier contenido denunciado o detectado que represente discriminaci\u00f3n por raz\u00f3n de sexo, edad, raza, orientaci\u00f3n sexual, discapacidad, creencias pol\u00edticas o religi\u00f3n ser\u00e1 eliminado y sancionado en consecuencia.<\/p>\n\n\n\n<p>2.7 Cualquier otro contenido inapropiado, que sea considerado por el Servicio de Atenci\u00f3n al Cliente o el Personal como perturbador de la experiencia de juego de los dem\u00e1s, puede ser sancionado.<\/p>\n\n\n\n<p>2.8. Est\u00e1 prohibido obligar a un jugador a borrar, entregar o compartir su cuenta, o exigirle que comparta su contrase\u00f1a, o que infrinja una norma.<\/p>\n\n\n\n<p>2.9. Est\u00e1 prohibido hacerse pasar por un miembro del personal con el fin de difundir informaci\u00f3n falsa sobre el juego o forzar\/persuadir a los jugadores a realizar acciones sin su voluntad.<\/p>\n\n\n\n<p><strong>3. Administraci\u00f3n\/Moderaci\u00f3n<\/strong><\/p>\n\n\n\n<p>3.1. El equipo de asistencia y los administradores tienen potestad para decidir las sanciones por infracciones de las normas del juego.<\/p>\n\n\n\n<p>3.2. En caso de infracci\u00f3n de las normas, su \u00fanico contacto debe ser el equipo de asistencia. Todos los jugadores pueden enviar su apelaci\u00f3n, explicando sus circunstancias, utilizando el formulario de contacto proporcionado. En caso de que el jugador tenga motivos fundados para cuestionar la decisi\u00f3n del agente de soporte, solicite que el ticket se eleve a un nivel superior. En ese caso, el caso se revisar\u00e1 de forma adicional.<\/p>\n\n\n\n<p>3.3. El equipo goalunited se reserva el derecho de cambiar las reglas del juego en cualquier momento para asegurar que el juego siga siendo un lugar divertido, justo y respetuoso.<\/p>\n\n\n\n<p>3.4. El equipo de goalunited se reserva el derecho de proteger siempre el estado saludable y justo del juego para sus jugadores, especialmente en situaciones en las que la evaluaci\u00f3n e investigaci\u00f3n de la situaci\u00f3n o acci\u00f3n potencialmente da\u00f1ina indique fuertemente que se est\u00e1 incurriendo en un da\u00f1o contra el juego y\/o uno o m\u00e1s jugadores en el juego. En tales situaciones, el equipo de goalunited tiene pleno derecho a tomar las acciones necesarias incluso si la situaci\u00f3n espec\u00edfica como tal no est\u00e1 cubierta en las reglas de juego actuales.<\/p>\n\n\n\n<p>3.5 Las cr\u00edticas y comentarios constructivos y educados sobre el juego y su personal son bienvenidos, pero ten en cuenta que los intentos de menoscabar el valor y la imagen del juego o de uno o varios miembros de nuestro equipo ser\u00e1n debidamente sancionados.<\/p>\n\n\n\n<p>3.6. El equipo de goalunited no revelar\u00e1 ni har\u00e1 p\u00fablicas las medidas que se hayan tomado por violaci\u00f3n de las normas en goalunited<\/p>\n\n\n\n<p><strong>4. Juego limpio<\/strong><\/p>\n\n\n\n<p>4.1 El uso de bugs del juego o la explotaci\u00f3n de caracter\u00edsticas en el \u00e1mbito de aprovecharse en detrimento de otros administradores o en detrimento del juego est\u00e1 prohibido. Cualquier exploit encontrado debe ser reportado inmediatamente al equipo de soporte.<\/p>\n\n\n\n<p>4.2 Se recomienda encarecidamente tratar a todos los oponentes del juego de la forma m\u00e1s equitativa posible. Esta es una de las principales reglas del juego limpio.<\/p>\n\n\n\n<p>4.3 La alineaci\u00f3n intencionada de un once m\u00e1s d\u00e9bil varias veces en competiciones oficiales o no oficiales (excluidos los partidos amistosos o de entrenamiento) para \u00abregalar\u00bb una victoria al adversario puede dar lugar a una acci\u00f3n por parte del equipo de apoyo.<\/p>\n\n\n\n<p>4.4 Cualquier otra conducta antideportiva o contraria al juego limpio se considerar\u00e1 una infracci\u00f3n y puede conllevar la p\u00e9rdida permanente del club\/cuenta.<\/p>\n\n\n\n<p><\/p>\n\n\n\n<p><\/p>","protected":false},"excerpt":{"rendered":"<p>Reglas del juego Las Reglas de Juego que se enumeran a continuaci\u00f3n representan un a\u00f1adido a lasgenerales terminos y condiciones. Las condiciones generales (Secci\u00f3n 6) deben consultarse en caso de <a href=\"https:\/\/legends.goalunited.org\/es\/game-rules\/\" class=\"more-link\">[&hellip;]<\/a><\/p>\n","protected":false},"author":1,"featured_media":0,"parent":0,"menu_order":0,"comment_status":"closed","ping_status":"closed","template":"","meta":{"_mi_skip_tracking":false,"_monsterinsights_sitenote_active":false,"_monsterinsights_sitenote_note":"","_monsterinsights_sitenote_category":0,"Layout":""},"aioseo_notices":[],"_links":{"self":[{"href":"https:\/\/legends.goalunited.org\/es\/wp-json\/wp\/v2\/pages\/13401"}],"collection":[{"href":"https:\/\/legends.goalunited.org\/es\/wp-json\/wp\/v2\/pages"}],"about":[{"href":"https:\/\/legends.goalunited.org\/es\/wp-json\/wp\/v2\/types\/page"}],"author":[{"embeddable":true,"href":"https:\/\/legends.goalunited.org\/es\/wp-json\/wp\/v2\/users\/1"}],"replies":[{"embeddable":true,"href":"https:\/\/legends.goalunited.org\/es\/wp-json\/wp\/v2\/comments?post=13401"}],"version-history":[{"count":4,"href":"https:\/\/legends.goalunited.org\/es\/wp-json\/wp\/v2\/pages\/13401\/revisions"}],"predecessor-version":[{"id":13405,"href":"https:\/\/legends.goalunited.org\/es\/wp-json\/wp\/v2\/pages\/13401\/revisions\/13405"}],"wp:attachment":[{"href":"https:\/\/legends.goalunited.org\/es\/wp-json\/wp\/v2\/media?parent=13401"}],"curies":[{"name":"wp","href":"https:\/\/api.w.org\/{rel}","templated":true}]}}