{"id":2,"date":"2016-07-14T06:22:50","date_gmt":"2016-07-14T06:22:50","guid":{"rendered":"https:\/\/82.149.252.48\/?page_id=2"},"modified":"2020-09-28T10:40:32","modified_gmt":"2020-09-28T10:40:32","slug":"start","status":"publish","type":"page","link":"https:\/\/legends.goalunited.org\/es\/","title":{"rendered":"INICIO"},"content":{"rendered":"<p>\n        <!DOCTYPE html>\n        <html>\n        <head>\n        \t<title><\/title>\n        \t<meta http-equiv=\"Content-Type\" content=\"text\/html;charset=utf-8\" \/>\n        <\/head>\n        <body>\n        <div class=\"gu-rss\"><span class=\"ok\">Server online<\/span><\/div><\/body>\n    <\/html><br \/>\n<a name=\"thegame\"><\/a><\/p>\n<p><img loading=\"lazy\" class=\"aligncenter wp-image-250 size-full\" src=\"https:\/\/82.149.252.48\/wp-content\/uploads\/2016\/08\/GU_Legends_Website_Trenner.jpg\" alt=\"goalunited legends seperator\" width=\"700\" height=\"53\" data-headline=\"goalunited legends seperator\" srcset=\"https:\/\/legends.goalunited.org\/wp-content\/uploads\/2016\/08\/GU_Legends_Website_Trenner.jpg 700w, https:\/\/legends.goalunited.org\/wp-content\/uploads\/2016\/08\/GU_Legends_Website_Trenner-300x23.jpg 300w\" sizes=\"(max-width: 700px) 100vw, 700px\" \/><\/p>\n<h2>EL JUEGO<\/h2>\n<p>goalunited LEGENDS es un simulador de m\u00e1nager de f\u00fatbol. Sus ligas no tienen comparaci\u00f3n con las de otros juegos online de m\u00e1nager de f\u00fatbol debido a su profundidad del juego que proporciona una diversi\u00f3n total a sus jugadores.<\/p>\n<ul>\n<li>Haz realidad tu sue\u00f1o, convi\u00e9rtete en la persona m\u00e1s importante de tu equipo de f\u00fatbol y domina la liga.<\/li>\n<li>Combina tus roles de gestor y entrenador y convi\u00e9rtete en el poderoso jefe del club.<\/li>\n<li>S\u00f3lo podr\u00e1s situarte en lo m\u00e1s alto de la liga si eres un astuto estratega tanto dentro como fuera de la cancha.<\/li>\n<\/ul>\n<h3><a href=\"https:\/\/82.149.252.48\/wp-content\/uploads\/2017\/01\/goalunited_LEGENDS_home_2017_01_19.jpg\"><img loading=\"lazy\" class=\"alignnone wp-image-315\" src=\"https:\/\/82.149.252.48\/wp-content\/uploads\/2017\/01\/goalunited_LEGENDS_home_2017_01_19-300x213.jpg\" width=\"400\" height=\"285\" data-headline=\"goalunited legends home screen\" srcset=\"https:\/\/legends.goalunited.org\/wp-content\/uploads\/2017\/01\/goalunited_LEGENDS_home_2017_01_19-300x213.jpg 300w, https:\/\/legends.goalunited.org\/wp-content\/uploads\/2017\/01\/goalunited_LEGENDS_home_2017_01_19-768x546.jpg 768w, https:\/\/legends.goalunited.org\/wp-content\/uploads\/2017\/01\/goalunited_LEGENDS_home_2017_01_19-1024x729.jpg 1024w, https:\/\/legends.goalunited.org\/wp-content\/uploads\/2017\/01\/goalunited_LEGENDS_home_2017_01_19-703x500.jpg 703w, https:\/\/legends.goalunited.org\/wp-content\/uploads\/2017\/01\/goalunited_LEGENDS_home_2017_01_19.jpg 1556w\" sizes=\"(max-width: 400px) 100vw, 400px\" \/><\/a><\/h3>\n<h3>C\u00e1lculos inteligentes de partido que cumplen con la profundidad del juego.<\/h3>\n<p>Un amplio y complejo sistema de c\u00e1lculo del partido reside en el coraz\u00f3n de goalunited LEGENDS, generando un realismo absoluto y la cantidad perfecta de competici\u00f3n entre los seguidores de la Liga. Este juego multifaceta te permite asumir un rol de gerente y llevar tu club a la fortuna:<\/p>\n<p><a href=\"https:\/\/82.149.252.48\/wp-content\/uploads\/2017\/01\/goalunited_LEGENDS_lineup_2017_01_19.jpg\"><img loading=\"lazy\" class=\"alignnone wp-image-316 size-medium\" src=\"https:\/\/82.149.252.48\/wp-content\/uploads\/2017\/01\/goalunited_LEGENDS_lineup_2017_01_19-300x213.jpg\" width=\"300\" height=\"213\" data-headline=\"LINE-UP\" srcset=\"https:\/\/legends.goalunited.org\/wp-content\/uploads\/2017\/01\/goalunited_LEGENDS_lineup_2017_01_19-300x213.jpg 300w, https:\/\/legends.goalunited.org\/wp-content\/uploads\/2017\/01\/goalunited_LEGENDS_lineup_2017_01_19-768x546.jpg 768w, https:\/\/legends.goalunited.org\/wp-content\/uploads\/2017\/01\/goalunited_LEGENDS_lineup_2017_01_19-1024x729.jpg 1024w, https:\/\/legends.goalunited.org\/wp-content\/uploads\/2017\/01\/goalunited_LEGENDS_lineup_2017_01_19-703x500.jpg 703w, https:\/\/legends.goalunited.org\/wp-content\/uploads\/2017\/01\/goalunited_LEGENDS_lineup_2017_01_19.jpg 1556w\" sizes=\"(max-width: 300px) 100vw, 300px\" \/><\/a><a href=\"https:\/\/82.149.252.48\/wp-content\/uploads\/2017\/01\/goalunited_LEGENDS_liveticker_2017_01_19.jpg\"><img loading=\"lazy\" class=\"wp-image-317 size-medium alignleft\" src=\"https:\/\/82.149.252.48\/wp-content\/uploads\/2017\/01\/goalunited_LEGENDS_liveticker_2017_01_19-300x213.jpg\" width=\"300\" height=\"213\" data-headline=\"liveticker\" srcset=\"https:\/\/legends.goalunited.org\/wp-content\/uploads\/2017\/01\/goalunited_LEGENDS_liveticker_2017_01_19-300x213.jpg 300w, https:\/\/legends.goalunited.org\/wp-content\/uploads\/2017\/01\/goalunited_LEGENDS_liveticker_2017_01_19-768x546.jpg 768w, https:\/\/legends.goalunited.org\/wp-content\/uploads\/2017\/01\/goalunited_LEGENDS_liveticker_2017_01_19-1024x729.jpg 1024w, https:\/\/legends.goalunited.org\/wp-content\/uploads\/2017\/01\/goalunited_LEGENDS_liveticker_2017_01_19-703x500.jpg 703w, https:\/\/legends.goalunited.org\/wp-content\/uploads\/2017\/01\/goalunited_LEGENDS_liveticker_2017_01_19.jpg 1556w\" sizes=\"(max-width: 300px) 100vw, 300px\" \/><\/a><\/p>\n<p>Desde desarrollar tu propio campo hasta un gran estadio, a trav\u00e9s de patrocinadores y nuevos miembros del personal, toda la responsabilidad est\u00e1 en tus manos. T\u00fa entrenar\u00e1s a los m\u00e1ximos goleadores y a las j\u00f3venes promesas &#8211; el talento joven es important\u00edsimo y adem\u00e1s ahorra dinero, pero a veces puede ser buena idea comprobar a tiempo rea el mercado de transferencias. Es la \u00fanica manera que puedes encontrar r\u00e1pidamente a un sustituto para el jugador clave que se ha lesionado durante el entrenamiento. Para ayudar a una r\u00e1pida recuperaci\u00f3n del jugador, tambi\u00e9n tendr\u00e1s que contratar a un m\u00e9dico de primera. Como m\u00e1nager y como entrenador, todo est\u00e1 en tus manos.<\/p>\n<p>\u00bfTus opciones de gol aumentan despu\u00e9s de adquirir un jugador nuevo para tu equipo? Ten siempre en cuenta que los entrenadores de la comunidad no se cansan nunca y siempre aprovechan el mercado de fichajes: goalunited LEGENDS es m\u00e1s que f\u00fatbol.<\/p>\n<h3><a href=\"https:\/\/82.149.252.48\/wp-content\/uploads\/2017\/01\/goalunited_LEGENDS_trophies_2017_01_19.jpg\"><img loading=\"lazy\" class=\"wp-image-313 size-medium alignleft\" src=\"https:\/\/82.149.252.48\/wp-content\/uploads\/2017\/01\/goalunited_LEGENDS_arena_2017_01_19-300x213.jpg\" width=\"300\" height=\"213\" data-headline=\"arena\" srcset=\"https:\/\/legends.goalunited.org\/wp-content\/uploads\/2017\/01\/goalunited_LEGENDS_arena_2017_01_19-300x213.jpg 300w, https:\/\/legends.goalunited.org\/wp-content\/uploads\/2017\/01\/goalunited_LEGENDS_arena_2017_01_19-768x546.jpg 768w, https:\/\/legends.goalunited.org\/wp-content\/uploads\/2017\/01\/goalunited_LEGENDS_arena_2017_01_19-1024x729.jpg 1024w, https:\/\/legends.goalunited.org\/wp-content\/uploads\/2017\/01\/goalunited_LEGENDS_arena_2017_01_19-703x500.jpg 703w, https:\/\/legends.goalunited.org\/wp-content\/uploads\/2017\/01\/goalunited_LEGENDS_arena_2017_01_19.jpg 1556w\" sizes=\"(max-width: 300px) 100vw, 300px\" \/><img loading=\"lazy\" class=\"wp-image-318 size-medium alignleft\" src=\"https:\/\/82.149.252.48\/wp-content\/uploads\/2017\/01\/goalunited_LEGENDS_trophies_2017_01_19-300x213.jpg\" width=\"300\" height=\"213\" data-headline=\"trophies\" srcset=\"https:\/\/legends.goalunited.org\/wp-content\/uploads\/2017\/01\/goalunited_LEGENDS_trophies_2017_01_19-300x213.jpg 300w, https:\/\/legends.goalunited.org\/wp-content\/uploads\/2017\/01\/goalunited_LEGENDS_trophies_2017_01_19-768x546.jpg 768w, https:\/\/legends.goalunited.org\/wp-content\/uploads\/2017\/01\/goalunited_LEGENDS_trophies_2017_01_19-1024x729.jpg 1024w, https:\/\/legends.goalunited.org\/wp-content\/uploads\/2017\/01\/goalunited_LEGENDS_trophies_2017_01_19-703x500.jpg 703w, https:\/\/legends.goalunited.org\/wp-content\/uploads\/2017\/01\/goalunited_LEGENDS_trophies_2017_01_19.jpg 1556w\" sizes=\"(max-width: 300px) 100vw, 300px\" \/><\/a><\/h3>\n<h3><\/h3>\n<h3><\/h3>\n<h3><\/h3>\n<h3><\/h3>\n<h3>El futuro a simple vista<\/h3>\n<p>Las expectativas de tus leales seguidores aumentan con tus \u00e9xitos. A partir de entonces s\u00f3lo podr\u00e1s satisfacerlos con una gran tienda para fans o quiz\u00e1 con un restaurante. \u00bfQu\u00e9 tal un gran aparcamiento o una estaci\u00f3n de tren pr\u00f3xima al estadio? \u00bfY qu\u00e9 hay de los patrocinadores y sus necesidades? Hace falta tener buen ojo para todos estos detalles, los mejores consejos y trucos en el f\u00fatbol y las mejores t\u00e1cticas tienen su oportunidad en la dura competencia entre la comunidad global &#8211; \u00a1una emoci\u00f3n completa para cualquier jugador!<\/p>\n<h3>Ad\u00e9ntrate en el papel de entrenador y m\u00e1nager de f\u00fatbol al mismo tiempo<\/h3>\n<p>Convi\u00e9rtete en una leyenda del f\u00fatbol coordinando el entrenamiento de tus jugadores con tus objetivos de la temporada. Como siempre se dice, el pr\u00f3ximo rival es el m\u00e1s duro: tendr\u00e1s que mantener un resumen constante de tus competiciones y ajustar al equipo adecuadamente. Analiza vuestro \u00faltimo resumen del partido y considera el estado de tus jugadores para que puedas ajustar la estrategia del siguiente partido.<\/p>\n<p>\u00bfEst\u00e1s preparado para convertirte en una <strong>leyenda<\/strong> en goalunited LEGENDS?<\/p>\n<p><a href=\"https:\/\/82.149.252.48\/wp-content\/uploads\/2017\/01\/goalunited_LEGENDS_2017_01_19.jpg\"><img loading=\"lazy\" class=\"wp-image-312 size-medium alignleft\" src=\"https:\/\/82.149.252.48\/wp-content\/uploads\/2017\/01\/goalunited_LEGENDS_2017_01_19-300x213.jpg\" width=\"300\" height=\"213\" data-headline=\"league\" srcset=\"https:\/\/legends.goalunited.org\/wp-content\/uploads\/2017\/01\/goalunited_LEGENDS_2017_01_19-300x213.jpg 300w, https:\/\/legends.goalunited.org\/wp-content\/uploads\/2017\/01\/goalunited_LEGENDS_2017_01_19-768x546.jpg 768w, https:\/\/legends.goalunited.org\/wp-content\/uploads\/2017\/01\/goalunited_LEGENDS_2017_01_19-1024x729.jpg 1024w, https:\/\/legends.goalunited.org\/wp-content\/uploads\/2017\/01\/goalunited_LEGENDS_2017_01_19-703x500.jpg 703w, https:\/\/legends.goalunited.org\/wp-content\/uploads\/2017\/01\/goalunited_LEGENDS_2017_01_19.jpg 1556w\" sizes=\"(max-width: 300px) 100vw, 300px\" \/><\/a><\/p>\n<p><a href=\"https:\/\/82.149.252.48\/wp-content\/uploads\/2017\/01\/goalunited_LEGENDS_cup_2017_01_19.jpg\"><img loading=\"lazy\" class=\"wp-image-314 size-medium alignleft\" src=\"https:\/\/82.149.252.48\/wp-content\/uploads\/2017\/01\/goalunited_LEGENDS_cup_2017_01_19-300x213.jpg\" width=\"300\" height=\"213\" data-headline=\"cup\" srcset=\"https:\/\/legends.goalunited.org\/wp-content\/uploads\/2017\/01\/goalunited_LEGENDS_cup_2017_01_19-300x213.jpg 300w, https:\/\/legends.goalunited.org\/wp-content\/uploads\/2017\/01\/goalunited_LEGENDS_cup_2017_01_19-768x546.jpg 768w, https:\/\/legends.goalunited.org\/wp-content\/uploads\/2017\/01\/goalunited_LEGENDS_cup_2017_01_19-1024x729.jpg 1024w, https:\/\/legends.goalunited.org\/wp-content\/uploads\/2017\/01\/goalunited_LEGENDS_cup_2017_01_19-703x500.jpg 703w, https:\/\/legends.goalunited.org\/wp-content\/uploads\/2017\/01\/goalunited_LEGENDS_cup_2017_01_19.jpg 1556w\" sizes=\"(max-width: 300px) 100vw, 300px\" \/><\/a><\/p>\n<p>Los desarrolladores de northworks Software GmbH de Hamburgo han estado trabajando con mucha pasi\u00f3n desde el inicio de las series goalunited en 2006. Su meta es proporcionar a los todos los aficionados del f\u00fatbol retos realistas con profundidad de inmersi\u00f3n. Entre otros reconocimientos, goalunited ha sido premiada con el German Developer&#8217;s Prize en 2009 y con German Computer Games Prize en 2011.<\/p>","protected":false},"excerpt":{"rendered":"<p>EL JUEGO goalunited LEGENDS es un simulador de m\u00e1nager de f\u00fatbol. Sus ligas no tienen comparaci\u00f3n con las de otros juegos online de m\u00e1nager de f\u00fatbol debido a su profundidad <a href=\"https:\/\/legends.goalunited.org\/es\/\" class=\"more-link\">[&hellip;]<\/a><\/p>\n","protected":false},"author":1,"featured_media":0,"parent":0,"menu_order":0,"comment_status":"closed","ping_status":"closed","template":"","meta":{"_mi_skip_tracking":false,"_monsterinsights_sitenote_active":false,"_monsterinsights_sitenote_note":"","_monsterinsights_sitenote_category":0,"Layout":"2c-l"},"aioseo_notices":[],"_links":{"self":[{"href":"https:\/\/legends.goalunited.org\/es\/wp-json\/wp\/v2\/pages\/2"}],"collection":[{"href":"https:\/\/legends.goalunited.org\/es\/wp-json\/wp\/v2\/pages"}],"about":[{"href":"https:\/\/legends.goalunited.org\/es\/wp-json\/wp\/v2\/types\/page"}],"author":[{"embeddable":true,"href":"https:\/\/legends.goalunited.org\/es\/wp-json\/wp\/v2\/users\/1"}],"replies":[{"embeddable":true,"href":"https:\/\/legends.goalunited.org\/es\/wp-json\/wp\/v2\/comments?post=2"}],"version-history":[{"count":107,"href":"https:\/\/legends.goalunited.org\/es\/wp-json\/wp\/v2\/pages\/2\/revisions"}],"predecessor-version":[{"id":13043,"href":"https:\/\/legends.goalunited.org\/es\/wp-json\/wp\/v2\/pages\/2\/revisions\/13043"}],"wp:attachment":[{"href":"https:\/\/legends.goalunited.org\/es\/wp-json\/wp\/v2\/media?parent=2"}],"curies":[{"name":"wp","href":"https:\/\/api.w.org\/{rel}","templated":true}]}}