{"id":13401,"date":"2024-04-03T08:44:00","date_gmt":"2024-04-03T08:44:00","guid":{"rendered":"https:\/\/legends.goalunited.org\/?page_id=13401"},"modified":"2024-04-03T08:44:02","modified_gmt":"2024-04-03T08:44:02","slug":"game-rules","status":"publish","type":"page","link":"https:\/\/legends.goalunited.org\/fr\/game-rules\/","title":{"rendered":"R\u00e8gles du jeu"},"content":{"rendered":"<p><br><\/p>\n\n\n\n<p><strong>R\u00e8gles du jeu<\/strong><\/p>\n\n\n\n<p><br>Les r\u00e8gles de jeu \u00e9num\u00e9r\u00e9es ci-dessous s\u2019ajoutent aux <a href=\"https:\/\/agb.traviangames.com\/terms-fr.pdf\">terms et conditions<\/a> g\u00e9n\u00e9rales.<\/p>\n\n\n\n<p>Les conditions g\u00e9n\u00e9rales (Section 6) devraient \u00eatre consult\u00e9es en cas d\u2019interdiction, ou simplement pour v\u00e9rifier ce qui est autoris\u00e9 et ce qui ne l\u2019est pas.<br>Toutes les r\u00e8gles du jeu s\u2019appliquent aux joueurs actifs, aux joueurs qui ont l\u2019intention de supprimer leur compte et \u00e0 ceux qui ont d\u00e9j\u00e0 activ\u00e9 la phase de suppression pour leur compte.<br><br><strong>1. Compte et clubs<\/strong><br>1.1. Chaque manager goalunited n\u2019est autoris\u00e9 \u00e0 poss\u00e9der qu\u2019un seul compte (jusqu\u2019\u00e0 3 clubs sur le m\u00eame compte sont possibles via la fonctionnalit\u00e9 <a href=\"https:\/\/support.goalunited.org\/fr\/support\/solutions\/articles\/7000046178-top-manager\">Top Manager&nbsp;<\/a>. Les comptes multiples signal\u00e9s ou d\u00e9tect\u00e9s seront ferm\u00e9s, le propri\u00e9taire du compte sera avis\u00e9 et le compte principal sera p\u00e9nalis\u00e9.<br><br>1.2. Le titulaire du compte est la personne dont l\u2019adresse courriel est enregistr\u00e9e sur le compte. L\u2019\u00e9quipe support a le droit de demander l\u2019adresse courriel aux fins de v\u00e9rification de la propri\u00e9t\u00e9.<br><br>1.3. Le partage des mots de passe des comptes n\u2019est pas autoris\u00e9. En cas de plaintes re\u00e7ues par le Support \u00e0 cet \u00e9gard, le compte en question sera p\u00e9nalis\u00e9\/ferm\u00e9 en fonction du r\u00e9sultat de l\u2019enqu\u00eate. Nos supporters ou membres de l\u2019\u00e9quipe ne vous demanderont jamais votre mot de passe; si une telle situation peut vous arriver, signalez-le imm\u00e9diatement \u00e0 complaints@traviangames.com<br><br>1.4. Les comptes\/clubs inactifs peuvent \u00e9ventuellement \u00eatre supprim\u00e9s au fil du temps pour une raison ou une autre de nature technique. Les comptes qui ont un compte premium actif sont prot\u00e9g\u00e9s, cependant, le club(s) peut encore \u00eatre r\u00e9initialis\u00e9 au d\u00e9but (commencer \u00e0 z\u00e9ro) au cas o\u00f9 en raison de la n\u00e9gligence un club devient faillite. Il est impossible de restaurer des comptes\/clubs d\u00e9j\u00e0 supprim\u00e9s ou en faillite.<br><br>1.5 La vente des comptes est interdite. Une telle tentative peut entra\u00eener la suppression permanente du compte.<br><br><strong>2. Communication en jeu et utilisation\/t\u00e9l\u00e9chargement du contenu<\/strong><\/p>\n\n\n\n<p>2.1 Les joueurs doivent toujours communiquer poliment via les messages en jeu, le livre d\u2019or, les communiqu\u00e9s de presse et toutes les autres plateformes de communication disponibles fournies par goalunited. Toute forme d\u2019insulte, de langage injurieux ou de grossi\u00e8ret\u00e9 envers un manager, un groupe de manager ou des membres de l\u2019\u00e9quipe manager football, par l\u2019un des canaux de communication en jeu, sera punie par une action sur le compte de jeu.<br><br>2.2 Le t\u00e9l\u00e9chargement et l\u2019affichage de mat\u00e9riel non adapt\u00e9 aux mineurs sont strictement interdits.<\/p>\n\n\n\n<p>2.3 Les publicit\u00e9s de toute nature sont interdites. Travian Games GmbH et\/ou des soci\u00e9t\u00e9s affili\u00e9es ou des pages de confiance (YouTube, Wikipedia, etc.) sont autoris\u00e9s.<br><br>2.4 Les messages et conversations entre deux parties dans le jeu ne peuvent \u00eatre publi\u00e9s que si toutes les parties concern\u00e9es y consentent. Il est interdit de publier des messages ou des courriels \u00e0 destination ou en provenance de l\u2019\u00e9quipe de goalunited, \u00e0 moins d\u2019y consentir explicitement.<br><br>2.5 Le contenu qui correspond exactement \u00e0 l\u2019original ou au droit d\u2019auteur sera supprim\u00e9 (tel que le nom officiel du club ou le logo officiel); veuillez signaler tout contenu en utilisant le bouton de rapport dans le jeu si vous remarquez le contenu qui contient du mat\u00e9riel prot\u00e9g\u00e9 par le droit d\u2019auteur \/ marque ou tout ce qui viole les r\u00e8gles actuelles.<br><br>2.6 Tout contenu signal\u00e9 ou d\u00e9tect\u00e9 qui repr\u00e9sente de la discrimination fond\u00e9e sur le sexe, l\u2019\u00e2ge, la race, l\u2019orientation sexuelle, le handicap, les convictions politiques ou la religion sera supprim\u00e9 et p\u00e9nalis\u00e9 en cons\u00e9quence.<br><br>2.7 Tout autre contenu inappropri\u00e9, consid\u00e9r\u00e9 par l\u2019\u00e9quipe goalunited ou les administrateurs\/mod\u00e9rateurs comme perturbant l\u2019exp\u00e9rience de jeu des autres, peut \u00eatre sanctionn\u00e9.<br><br>2.8. Il est interdit de forcer un manager \u00e0 supprimer, remettre ou partager son compte, ou d\u2019exiger qu\u2019il partage son mot de passe, ou viole une r\u00e8gle.<br><br>2.9. Il est interdit de se faire passer pour un membre du personnel dans le but de diffuser de fausses informations sur le jeu ou de forcer\/persuader les joueurs d\u2019effectuer des actions sans leur volont\u00e9.<br><br><strong>3. Administration\/mod\u00e9ration<\/strong><br><br>3.1. L\u2019\u00e9quipe de soutien et les administrateurs sont autoris\u00e9s \u00e0 d\u00e9cider des sanctions en cas de violation des r\u00e8gles en jeu.<\/p>\n\n\n\n<p>3.2. En cas de violation des r\u00e8gles, votre seul contact devrait \u00eatre l\u2019\u00e9quipe de soutien. Tous les joueurs peuvent envoyer leur appel, expliquer leurs circonstances, en utilisant le formulaire de contact fourni. Si le joueur a de bonnes raisons de remettre en question la d\u00e9cision de l\u2019agent de support, veuillez demander le ticket pour \u00eatre remont\u00e9 \u00e0 un niveau sup\u00e9rieur. Le cas sera ensuite examin\u00e9.<br><br>3.3. L\u2019\u00e9quipe de goalunited se r\u00e9serve le droit de modifier les r\u00e8gles du jeu \u00e0 tout moment pour s\u2019assurer que le jeu demeure un endroit amusant, juste et respectueux.<br><br>3.4. L\u2019\u00e9quipe de goalunited se r\u00e9serve le droit de toujours prot\u00e9ger l\u2019\u00e9tat sain et \u00e9quitable du gameplay pour ses joueurs, en particulier dans les situations o\u00f9 l\u2019\u00e9valuation et l\u2019enqu\u00eate de la situation ou de l\u2019action potentiellement nocive indiquent fortement que le gameplay et\/ou un ou plusieurs joueurs sont l\u00e9s\u00e9s. Dans de telles situations, l\u2019\u00e9quipe de goalunited a le plein droit de prendre les mesures n\u00e9cessaires m\u00eame si la situation sp\u00e9cifique en tant que telle n\u2019est pas couverte dans les r\u00e8gles de jeu actuelles.<\/p>\n\n\n\n<p>3.5 Les critiques et les commentaires constructifs et polis concernant le jeu et ses membres du personnel sont les bienvenus, cependant, gardez \u00e0 l\u2019esprit que les tentatives visant \u00e0 diminuer la valeur et l\u2019image du jeu ou d\u2019une ou plusieurs personnes de notre \u00e9quipe seront sanctionn\u00e9s.<br><br>3.6. L\u2019\u00e9quipe de goalunited ne divulguera pas ou ne rendra pas publiques les mesures qui ont \u00e9t\u00e9 prises pour la violation des r\u00e8gles en goalunited&nbsp;<br><br><strong>4. Fair-Play<\/strong><br><br>4.1 L\u2019utilisation de bugs ou de fonctionnalit\u00e9s dans le but de profiter au d\u00e9triment d\u2019autres managers ou au d\u00e9triment du jeu est interdite. Tout exploit d\u00e9couvert doit \u00eatre imm\u00e9diatement signal\u00e9 \u00e0 l\u2019\u00e9quipe de soutien.<\/p>\n\n\n\n<p>4.2 Traiter tous vos adversaires en jeu de la m\u00eame fa\u00e7on que possible est fortement encourag\u00e9. C\u2019est l\u2019une des principales r\u00e8gles du fair-play.<\/p>\n\n\n\n<p>4.3 La mise en place intentionnelle du premier 11 en utilisant des joueurs les plus faibles \u00e0 plusieurs reprises dans des comp\u00e9titions officielles ou non officielles (matchs amicaux\/d\u2019entra\u00eenement exclus) pour \u00ab&nbsp;offrir&nbsp;\u00bb une victoire \u00e0 l\u2019adversaire peut entra\u00eener une action de l\u2019\u00e9quipe de soutien.<\/p>\n\n\n\n<p>4.4 Toute autre conduite non sportive sera consid\u00e9r\u00e9e comme une infraction et pourrait entra\u00eener la perte permanente du club ou du compte.<\/p>\n\n\n\n<p><\/p>\n\n\n\n<p><\/p>","protected":false},"excerpt":{"rendered":"<p>R\u00e8gles du jeu Les r\u00e8gles de jeu \u00e9num\u00e9r\u00e9es ci-dessous s\u2019ajoutent aux terms et conditions g\u00e9n\u00e9rales. Les conditions g\u00e9n\u00e9rales (Section 6) devraient \u00eatre consult\u00e9es en cas d\u2019interdiction, ou simplement pour v\u00e9rifier <a href=\"https:\/\/legends.goalunited.org\/fr\/game-rules\/\" class=\"more-link\">[&hellip;]<\/a><\/p>\n","protected":false},"author":1,"featured_media":0,"parent":0,"menu_order":0,"comment_status":"closed","ping_status":"closed","template":"","meta":{"_mi_skip_tracking":false,"_monsterinsights_sitenote_active":false,"_monsterinsights_sitenote_note":"","_monsterinsights_sitenote_category":0,"Layout":""},"aioseo_notices":[],"_links":{"self":[{"href":"https:\/\/legends.goalunited.org\/fr\/wp-json\/wp\/v2\/pages\/13401"}],"collection":[{"href":"https:\/\/legends.goalunited.org\/fr\/wp-json\/wp\/v2\/pages"}],"about":[{"href":"https:\/\/legends.goalunited.org\/fr\/wp-json\/wp\/v2\/types\/page"}],"author":[{"embeddable":true,"href":"https:\/\/legends.goalunited.org\/fr\/wp-json\/wp\/v2\/users\/1"}],"replies":[{"embeddable":true,"href":"https:\/\/legends.goalunited.org\/fr\/wp-json\/wp\/v2\/comments?post=13401"}],"version-history":[{"count":4,"href":"https:\/\/legends.goalunited.org\/fr\/wp-json\/wp\/v2\/pages\/13401\/revisions"}],"predecessor-version":[{"id":13405,"href":"https:\/\/legends.goalunited.org\/fr\/wp-json\/wp\/v2\/pages\/13401\/revisions\/13405"}],"wp:attachment":[{"href":"https:\/\/legends.goalunited.org\/fr\/wp-json\/wp\/v2\/media?parent=13401"}],"curies":[{"name":"wp","href":"https:\/\/api.w.org\/{rel}","templated":true}]}}