{"id":2,"date":"2016-07-14T06:22:50","date_gmt":"2016-07-14T06:22:50","guid":{"rendered":"https:\/\/82.149.252.48\/?page_id=2"},"modified":"2020-09-28T10:40:32","modified_gmt":"2020-09-28T10:40:32","slug":"start","status":"publish","type":"page","link":"https:\/\/legends.goalunited.org\/fr\/","title":{"rendered":"COMMENCER"},"content":{"rendered":"<p>\n        <!DOCTYPE html>\n        <html>\n        <head>\n        \t<title><\/title>\n        \t<meta http-equiv=\"Content-Type\" content=\"text\/html;charset=utf-8\" \/>\n        <\/head>\n        <body>\n        <div class=\"gu-rss\"><span class=\"ok\">Server online<\/span><\/div><\/body>\n    <\/html><br \/>\n<a name=\"thegame\"><\/a><\/p>\n<p><img loading=\"lazy\" class=\"aligncenter wp-image-250 size-full\" src=\"https:\/\/82.149.252.48\/wp-content\/uploads\/2016\/08\/GU_Legends_Website_Trenner.jpg\" alt=\"goalunited legends seperator\" width=\"700\" height=\"53\" data-headline=\"goalunited legends seperator\" srcset=\"https:\/\/legends.goalunited.org\/wp-content\/uploads\/2016\/08\/GU_Legends_Website_Trenner.jpg 700w, https:\/\/legends.goalunited.org\/wp-content\/uploads\/2016\/08\/GU_Legends_Website_Trenner-300x23.jpg 300w\" sizes=\"(max-width: 700px) 100vw, 700px\" \/><\/p>\n<h2>JEU<\/h2>\n<p>goalunited LEGENDS est une simulation footballistique, dont la profondeur de jeu unique vous tiendra en haleine comme aucun autre jeu de football en ligne.<\/p>\n<ul>\n<li>R\u00e9alisez votre r\u00eave en remportant le championnat \u00e0 la t\u00eate de votre propre club de football.<\/li>\n<li>Endossez \u00e0 la fois le r\u00f4le de manager et d&rsquo;entra\u00eeneur et devenez la personne la plus influente de votre club.<\/li>\n<li>Imposez-vous en t\u00eate du championnat gr\u00e2ce \u00e0 une strat\u00e9gie efficace sur et en dehors des terrains.<\/li>\n<\/ul>\n<h3><a href=\"https:\/\/82.149.252.48\/wp-content\/uploads\/2016\/08\/Home.jpg\"><img loading=\"lazy\" class=\"alignnone wp-image-177\" src=\"https:\/\/82.149.252.48\/wp-content\/uploads\/2016\/08\/Home-300x213.jpg\" alt=\"manager football start\" width=\"400\" height=\"285\" data-headline=\"goalunited legends home screen\" srcset=\"https:\/\/legends.goalunited.org\/wp-content\/uploads\/2016\/08\/Home-300x213.jpg 300w, https:\/\/legends.goalunited.org\/wp-content\/uploads\/2016\/08\/Home-768x546.jpg 768w, https:\/\/legends.goalunited.org\/wp-content\/uploads\/2016\/08\/Home-1024x729.jpg 1024w, https:\/\/legends.goalunited.org\/wp-content\/uploads\/2016\/08\/Home-703x500.jpg 703w, https:\/\/legends.goalunited.org\/wp-content\/uploads\/2016\/08\/Home.jpg 1556w\" sizes=\"(max-width: 400px) 100vw, 400px\" \/><\/a><\/h3>\n<h3>Une simulation des matchs intelligente et une profondeur de jeu unique<\/h3>\n<p>Gr\u00e2ce \u00e0 un syst\u00e8me de simulation des matchs particuli\u00e8rement complexe et d\u00e9taill\u00e9, goalunited LEGENDS vous garantit un r\u00e9alisme absolu et une comp\u00e9tition cr\u00e9dible entre les fans de la Ligue 1. Dans ce jeu aux facettes multiples, vous endosserez le r\u00f4le de manager d&rsquo;un club que vous devrez conduire \u00e0 la gloire.<\/p>\n<p><a href=\"https:\/\/82.149.252.48\/wp-content\/uploads\/2016\/07\/Lineup.png\"><img loading=\"lazy\" class=\"alignleft wp-image-184 size-medium\" src=\"https:\/\/82.149.252.48\/wp-content\/uploads\/2016\/07\/Lineup-300x213.png\" alt=\"manager football titularisation\" width=\"300\" height=\"213\" data-headline=\"LINE-UP\" srcset=\"https:\/\/legends.goalunited.org\/wp-content\/uploads\/2016\/07\/Lineup-300x213.png 300w, https:\/\/legends.goalunited.org\/wp-content\/uploads\/2016\/07\/Lineup-768x546.png 768w, https:\/\/legends.goalunited.org\/wp-content\/uploads\/2016\/07\/Lineup-1024x729.png 1024w, https:\/\/legends.goalunited.org\/wp-content\/uploads\/2016\/07\/Lineup-703x500.png 703w, https:\/\/legends.goalunited.org\/wp-content\/uploads\/2016\/07\/Lineup.png 1556w\" sizes=\"(max-width: 300px) 100vw, 300px\" \/><\/a><a href=\"https:\/\/82.149.252.48\/wp-content\/uploads\/2016\/08\/LIVETICKER.jpg\"><img loading=\"lazy\" class=\"alignleft wp-image-172\" src=\"https:\/\/82.149.252.48\/wp-content\/uploads\/2016\/08\/LIVETICKER-300x213.jpg\" alt=\"manager football live ticker\" width=\"300\" height=\"213\" data-headline=\"liveticker\" srcset=\"https:\/\/legends.goalunited.org\/wp-content\/uploads\/2016\/08\/LIVETICKER-300x213.jpg 300w, https:\/\/legends.goalunited.org\/wp-content\/uploads\/2016\/08\/LIVETICKER-768x546.jpg 768w, https:\/\/legends.goalunited.org\/wp-content\/uploads\/2016\/08\/LIVETICKER-1024x729.jpg 1024w, https:\/\/legends.goalunited.org\/wp-content\/uploads\/2016\/08\/LIVETICKER-703x500.jpg 703w, https:\/\/legends.goalunited.org\/wp-content\/uploads\/2016\/08\/LIVETICKER.jpg 1556w\" sizes=\"(max-width: 300px) 100vw, 300px\" \/><\/a><\/p>\n<p>Du d\u00e9veloppement de votre stade en ar\u00e8ne grandiose \u00e0 la signature de sponsors en passant par le recrutement de votre personnel, vous devrez apprendre \u00e0 g\u00e9rer votre club dans son ensemble. Rep\u00e9rez les jeunes espoirs et entra\u00eenez les meilleurs buteurs et les plus grands joueurs de demain. Faites des affaires en consultant r\u00e9guli\u00e8rement le march\u00e9 des transferts en temps r\u00e9el. De cette mani\u00e8re, vous pourrez rapidement trouver un rempla\u00e7ant si un de vos joueurs cl\u00e9s venait \u00e0 se blesser. Dans ce cas, et afin de lui permettre un prompt r\u00e9tablissement, vous devrez \u00e9galement penser \u00e0 recruter un m\u00e9decin renomm\u00e9. C&rsquo;est aussi \u00e7a, \u00eatre manager et entra\u00eeneur d&rsquo;un club !<\/p>\n<p>Mettez toutes les chances de votre c\u00f4t\u00e9 en achetant les meilleurs joueurs pour votre \u00e9quipe. N&rsquo;oubliez pas que les autres managers aussi garderont un \u0153il sur le march\u00e9 des transferts et que la concurrence promet d&rsquo;\u00eatre rude. Avec goalunited LEGENDS, d\u00e9couvrez le monde du ballon rond comme vous ne l&rsquo;avez jamais vu !<\/p>\n<h3><a href=\"https:\/\/82.149.252.48\/wp-content\/uploads\/2016\/08\/ARENA.jpg\"><img loading=\"lazy\" class=\"alignleft wp-image-175 size-medium\" src=\"https:\/\/82.149.252.48\/wp-content\/uploads\/2016\/08\/ARENA-300x213.jpg\" alt=\"manager football arena\" width=\"300\" height=\"213\" data-headline=\"arena\" srcset=\"https:\/\/legends.goalunited.org\/wp-content\/uploads\/2016\/08\/ARENA-300x213.jpg 300w, https:\/\/legends.goalunited.org\/wp-content\/uploads\/2016\/08\/ARENA-768x546.jpg 768w, https:\/\/legends.goalunited.org\/wp-content\/uploads\/2016\/08\/ARENA-1024x729.jpg 1024w, https:\/\/legends.goalunited.org\/wp-content\/uploads\/2016\/08\/ARENA-703x500.jpg 703w, https:\/\/legends.goalunited.org\/wp-content\/uploads\/2016\/08\/ARENA.jpg 1556w\" sizes=\"(max-width: 300px) 100vw, 300px\" \/><\/a><\/h3>\n<h3><img loading=\"lazy\" class=\"alignleft wp-image-174 size-medium\" src=\"https:\/\/82.149.252.48\/wp-content\/uploads\/2016\/08\/TROPHIES-300x213.jpg\" alt=\"manager football clubhouse\" width=\"300\" height=\"213\" data-headline=\"trophies\" srcset=\"https:\/\/legends.goalunited.org\/wp-content\/uploads\/2016\/08\/TROPHIES-300x213.jpg 300w, https:\/\/legends.goalunited.org\/wp-content\/uploads\/2016\/08\/TROPHIES-768x546.jpg 768w, https:\/\/legends.goalunited.org\/wp-content\/uploads\/2016\/08\/TROPHIES-1024x729.jpg 1024w, https:\/\/legends.goalunited.org\/wp-content\/uploads\/2016\/08\/TROPHIES-703x500.jpg 703w, https:\/\/legends.goalunited.org\/wp-content\/uploads\/2016\/08\/TROPHIES.jpg 1556w\" sizes=\"(max-width: 300px) 100vw, 300px\" \/><\/h3>\n<h3><\/h3>\n<h3><\/h3>\n<h3><\/h3>\n<h3><\/h3>\n<h3>Un coup d&rsquo;\u0153il vers l&rsquo;avenir<\/h3>\n<p>Les attentes de vos fans augmenteront au fil de vos succ\u00e8s. Pour les r\u00e9compenser de leur fid\u00e9lit\u00e9, pensez \u00e0 installer une grande boutique, un restaurant plus moderne, un parking ou m\u00eame une gare \u00e0 proximit\u00e9 du stade. Soyez \u00e0 l&rsquo;aff\u00fbt du moindre d\u00e9tail et utilisez vos connaissances du football \u00e0 bon escient pour vous imposer au sein de la communaut\u00e9 de managers.<\/p>\n<h3>Endossez \u00e0 la fois le r\u00f4le de manager et d&rsquo;entra\u00eeneur<\/h3>\n<p>Devenez une l\u00e9gende de l&rsquo;histoire du football en coordonnant au mieux le programme d&rsquo;entra\u00eenement de vos joueurs \u00e0 vos objectifs de saison. Disputez les matchs les uns apr\u00e8s les autres, tout en gardant un \u0153il sur la concurrence et en adaptant votre \u00e9quipe \u00e0 celle de votre adversaire. Analysez les rapports de match et \u00e9valuez l&rsquo;\u00e9tat physique de vos joueurs en vue du prochain match.<\/p>\n<p>Que diriez-vous de devenir une\u00a0<strong>l\u00e9gende<\/strong> de goalunited LEGENDS ?<\/p>\n<p><a href=\"https:\/\/82.149.252.48\/wp-content\/uploads\/2016\/08\/LEAGUE.jpg\"><img loading=\"lazy\" class=\"alignleft wp-image-178 size-medium\" src=\"https:\/\/82.149.252.48\/wp-content\/uploads\/2016\/08\/LEAGUE-300x213.jpg\" alt=\"manager football ligue\" width=\"300\" height=\"213\" data-headline=\"league\" srcset=\"https:\/\/legends.goalunited.org\/wp-content\/uploads\/2016\/08\/LEAGUE-300x213.jpg 300w, https:\/\/legends.goalunited.org\/wp-content\/uploads\/2016\/08\/LEAGUE-768x546.jpg 768w, https:\/\/legends.goalunited.org\/wp-content\/uploads\/2016\/08\/LEAGUE-1024x729.jpg 1024w, https:\/\/legends.goalunited.org\/wp-content\/uploads\/2016\/08\/LEAGUE-703x500.jpg 703w, https:\/\/legends.goalunited.org\/wp-content\/uploads\/2016\/08\/LEAGUE.jpg 1556w\" sizes=\"(max-width: 300px) 100vw, 300px\" \/><\/a><\/p>\n<p><a href=\"https:\/\/82.149.252.48\/wp-content\/uploads\/2016\/08\/CUP.jpg\"><img loading=\"lazy\" class=\"alignleft wp-image-176 size-medium\" src=\"https:\/\/82.149.252.48\/wp-content\/uploads\/2016\/08\/CUP-300x213.jpg\" alt=\"manager football cup\" width=\"300\" height=\"213\" data-headline=\"cup\" srcset=\"https:\/\/legends.goalunited.org\/wp-content\/uploads\/2016\/08\/CUP-300x213.jpg 300w, https:\/\/legends.goalunited.org\/wp-content\/uploads\/2016\/08\/CUP-768x546.jpg 768w, https:\/\/legends.goalunited.org\/wp-content\/uploads\/2016\/08\/CUP-1024x729.jpg 1024w, https:\/\/legends.goalunited.org\/wp-content\/uploads\/2016\/08\/CUP-703x500.jpg 703w, https:\/\/legends.goalunited.org\/wp-content\/uploads\/2016\/08\/CUP.jpg 1556w\" sizes=\"(max-width: 300px) 100vw, 300px\" \/><\/a><\/p>\n<p>Les d\u00e9veloppeurs de la soci\u00e9t\u00e9 northworks Software GmbH, bas\u00e9e \u00e0 Hambourg, ont travaill\u00e9 d&rsquo;arrache-pied sur ce projet depuis le lancement de la s\u00e9rie goalunited en 2006. Leur objectif est de proposer \u00e0 tous les amateurs de football une simulation r\u00e9aliste \u00e0 la profondeur de jeu in\u00e9gal\u00e9e. Le jeu goalunited a d\u00e9j\u00e0 re\u00e7u le Prix des d\u00e9veloppeurs allemands en 2009, ainsi que le Prix des jeux allemands sur ordinateur en 2011.<\/p>","protected":false},"excerpt":{"rendered":"<p>JEU goalunited LEGENDS est une simulation footballistique, dont la profondeur de jeu unique vous tiendra en haleine comme aucun autre jeu de football en ligne. R\u00e9alisez votre r\u00eave en remportant <a href=\"https:\/\/legends.goalunited.org\/fr\/\" class=\"more-link\">[&hellip;]<\/a><\/p>\n","protected":false},"author":1,"featured_media":0,"parent":0,"menu_order":0,"comment_status":"closed","ping_status":"closed","template":"","meta":{"_mi_skip_tracking":false,"_monsterinsights_sitenote_active":false,"_monsterinsights_sitenote_note":"","_monsterinsights_sitenote_category":0,"Layout":"2c-l"},"aioseo_notices":[],"_links":{"self":[{"href":"https:\/\/legends.goalunited.org\/fr\/wp-json\/wp\/v2\/pages\/2"}],"collection":[{"href":"https:\/\/legends.goalunited.org\/fr\/wp-json\/wp\/v2\/pages"}],"about":[{"href":"https:\/\/legends.goalunited.org\/fr\/wp-json\/wp\/v2\/types\/page"}],"author":[{"embeddable":true,"href":"https:\/\/legends.goalunited.org\/fr\/wp-json\/wp\/v2\/users\/1"}],"replies":[{"embeddable":true,"href":"https:\/\/legends.goalunited.org\/fr\/wp-json\/wp\/v2\/comments?post=2"}],"version-history":[{"count":107,"href":"https:\/\/legends.goalunited.org\/fr\/wp-json\/wp\/v2\/pages\/2\/revisions"}],"predecessor-version":[{"id":13043,"href":"https:\/\/legends.goalunited.org\/fr\/wp-json\/wp\/v2\/pages\/2\/revisions\/13043"}],"wp:attachment":[{"href":"https:\/\/legends.goalunited.org\/fr\/wp-json\/wp\/v2\/media?parent=2"}],"curies":[{"name":"wp","href":"https:\/\/api.w.org\/{rel}","templated":true}]}}