{"id":36,"date":"2016-07-14T18:07:33","date_gmt":"2016-07-14T18:07:33","guid":{"rendered":"https:\/\/82.149.252.48\/?page_id=36"},"modified":"2026-03-02T10:56:38","modified_gmt":"2026-03-02T10:56:38","slug":"impressum","status":"publish","type":"page","link":"https:\/\/legends.goalunited.org\/fr\/impressum\/","title":{"rendered":"Mentions l\u00e9gales"},"content":{"rendered":"<p><\/p>\n<p><strong>Responsable de ce site\u00a0:<\/strong><\/p>\n<p>Travian\u00a0Games\u00a0GmbH<br \/>\nMoosacher Str. 70<br \/>\n80809 Munich<br \/>\nAllemagne<br \/>\n<a href=\"mailto:mail@traviangames.com\">mail@traviangames.com<\/a><\/p>\n<p><strong>Juridiction\u00a0:<\/strong><br \/>\nTribunal de Munich, HRB 173511<br \/>\nn\u00b0 de TVA 246258085<br \/>\nDirecteur : <span lang=\"EN-US\">Viktor Pulz, <\/span>J\u00f6rg Strathaus<br \/>\nT\u00e9l\u00e9phone\u00a0: +49 89\/32 49 15 93 8 (aucun support de jeu)<br \/>\nFax\u00a0: +49 89\/32 49 15 97 3 (Support Plus uniquement)<\/p>\n<p><strong>Support\u00a0:<\/strong><br \/>\n<a href=\"https:\/\/support.goalunited.org\/de\/support\/tickets\/new\">Contact<\/a><\/p>\n<p><strong>\u00a0Responsable de la protection de la jeunesse\u00a0:<\/strong><br \/>\nRechtsanwalt Dr. Andreas Lober<br \/>\nBeiten Burkhardt Rechtsanwaltsgesellschaft mbH<\/p>\n<p><a href=\"mailto:youthprotection@traviangames.com\">youthprotection@traviangames.com<\/a><\/p>\n<p><strong>Responsable de la protection des donn\u00e9es\u00a0:<\/strong><\/p>\n<p>Philipp\u00a0Heindorff<\/p>\n<p><a href=\"mailto:privacy@traviangames.com\">privacy@traviangames.com<\/a><\/p>\n<p>Merci d&rsquo;indiquer votre nom de compte et votre serveur de jeu lorsque vous contactez le support.<\/p>\n<p>Tous les droits des textes, des graphismes et des codes source sont d\u00e9tenus par Travian\u00a0Games\u00a0GmbH.<\/p>\n<p>Travian est une marque d\u00e9pos\u00e9e de Travian Games GmbH.<\/p>\n<p>La plateforme europ\u00e9enne de r\u00e8glement en ligne des litiges (ODR) a \u00e9t\u00e9 supprim\u00e9e. Nous ne sommes ni pr\u00eats ni contraints de participer \u00e0 une proc\u00e9dure de r\u00e8glement des litiges devant un organisme de conciliation des consommateurs, conform\u00e9ment au \u00a7\u00a036 de la loi sur la r\u00e9solution des litiges (VSBG). Les consommateurs peuvent nous contacter directement \u00e0 l&rsquo;adresse protest@traviangames.com pour toute pr\u00e9occupation ou plainte.<\/p>\n<p>Liability note: Despite conscientious efforts, we cannot be held responsible for the monitoring of the contents of external links.<br \/>\nThe owner of the linked sites are exclusively responsible for the contents.<\/span><\/p>","protected":false},"excerpt":{"rendered":"<p>Responsable de ce site\u00a0: Travian\u00a0Games\u00a0GmbH Moosacher Str. 70 80809 Munich Allemagne mail@traviangames.com Juridiction\u00a0: Tribunal de Munich, HRB 173511 n\u00b0 de TVA 246258085 Directeur : Viktor Pulz, J\u00f6rg Strathaus T\u00e9l\u00e9phone\u00a0: +49 <a href=\"https:\/\/legends.goalunited.org\/fr\/impressum\/\" class=\"more-link\">[&hellip;]<\/a><\/p>\n","protected":false},"author":1,"featured_media":0,"parent":0,"menu_order":0,"comment_status":"closed","ping_status":"closed","template":"","meta":{"_mi_skip_tracking":false,"_monsterinsights_sitenote_active":false,"_monsterinsights_sitenote_note":"","_monsterinsights_sitenote_category":0,"Layout":""},"aioseo_notices":[],"_links":{"self":[{"href":"https:\/\/legends.goalunited.org\/fr\/wp-json\/wp\/v2\/pages\/36"}],"collection":[{"href":"https:\/\/legends.goalunited.org\/fr\/wp-json\/wp\/v2\/pages"}],"about":[{"href":"https:\/\/legends.goalunited.org\/fr\/wp-json\/wp\/v2\/types\/page"}],"author":[{"embeddable":true,"href":"https:\/\/legends.goalunited.org\/fr\/wp-json\/wp\/v2\/users\/1"}],"replies":[{"embeddable":true,"href":"https:\/\/legends.goalunited.org\/fr\/wp-json\/wp\/v2\/comments?post=36"}],"version-history":[{"count":69,"href":"https:\/\/legends.goalunited.org\/fr\/wp-json\/wp\/v2\/pages\/36\/revisions"}],"predecessor-version":[{"id":13470,"href":"https:\/\/legends.goalunited.org\/fr\/wp-json\/wp\/v2\/pages\/36\/revisions\/13470"}],"wp:attachment":[{"href":"https:\/\/legends.goalunited.org\/fr\/wp-json\/wp\/v2\/media?parent=36"}],"curies":[{"name":"wp","href":"https:\/\/api.w.org\/{rel}","templated":true}]}}