{"id":13401,"date":"2024-04-03T08:44:00","date_gmt":"2024-04-03T08:44:00","guid":{"rendered":"https:\/\/legends.goalunited.org\/?page_id=13401"},"modified":"2024-04-03T08:44:02","modified_gmt":"2024-04-03T08:44:02","slug":"game-rules","status":"publish","type":"page","link":"https:\/\/legends.goalunited.org\/it\/game-rules\/","title":{"rendered":"Regole del gioco"},"content":{"rendered":"<p><br><\/p>\n\n\n\n<p>Regole del gioco<\/p>\n\n\n\n<p>Le Regole del gioco elencate di seguito rappresentano un&#8217;aggiunta ai <a href=\"https:\/\/agb.traviangames.com\/terms-it.pdf\">termini e alle condizioni<\/a> generali. Le condizioni generali vanno consultate in caso di divieto, o semplicemente per verificare cosa \u00e8 consentito e cosa no.<\/p>\n\n\n\n<p>Tutte le regole del gioco (Sezione 6) si applicano ai giocatori attivi, ai giocatori che intendono cancellare il proprio account e a coloro che hanno gi\u00e0 attivato la fase di cancellazione per il proprio account.<\/p>\n\n\n\n<p>1. Conto e club<\/p>\n\n\n\n<p>1.1. Ogni manager goalunited pu\u00f2 possedere un solo account (sono possibili fino a 3 club sullo stesso account tramite la funzione <a href=\"https:\/\/support.goalunited.org\/en\/support\/solutions\/articles\/7000046178-top-manager\">Top Manager<\/a>. I multi-account segnalati o rilevati verranno chiusi, il proprietario verr\u00e0 avvisato e l&#8217;account principale verr\u00e0 penalizzato.<\/p>\n\n\n\n<p>1.2. Il titolare dell&#8217;account \u00e8 la persona il cui indirizzo email \u00e8 registrato sull&#8217;account. Il supporto ha il diritto di richiedere l&#8217;indirizzo e-mail ai fini della verifica della propriet\u00e0.<\/p>\n\n\n\n<p>1.3. Non \u00e8 consentita la condivisione delle password degli account. In caso di reclami ricevuti dall&#8217;Assistenza a questo riguardo, l&#8217;account in questione verr\u00e0 penalizzato\/chiuso a seconda dell&#8217;esito dell&#8217;indagine. I nostri operatori o membri del team non ti chiederanno mai la tua password, se una situazione del genere ti dovesse capitare, segnalalo subito a questions@traviangames.com<\/p>\n\n\n\n<p>1.4. Gli account\/club inattivi possono potenzialmente essere cancellati nel tempo per uno o l&#8217;altro motivo di natura tecnica. I conti che hanno un conto premium attivo sono protetti, tuttavia, i club possono comunque essere ripristinati all&#8217;inizio (Avviare da zero) nel caso in cui a causa della negligenza un club fallisca. \u00c8 impossibile ripristinare account\/club gi\u00e0 cancellati o in bancarotta.<\/p>\n\n\n\n<p>1.5 La vendita degli account \u00e8 vietata. Qualsiasi tentativo di questo tipo pu\u00f2 portare alla cancellazione permanente dell&#8217;account.<\/p>\n\n\n\n<p>2. Comunicazione all&#8217;interno del gioco e utilizzo\/caricamento di contenuti<\/p>\n\n\n\n<p>2.1 I giocatori devono sempre comunicare educatamente tramite messaggi di gioco, libro degli ospiti, comunicati stampa e tutte le altre piattaforme di comunicazione disponibili fornite da goalunited. Qualsiasi forma di insulto, linguaggio offensivo o volgarit\u00e0 rivolta a un manager, gruppo di manager o membri dello Staff, attraverso uno qualsiasi dei canali di comunicazione del gioco, sar\u00e0 punita con un&#8217;azione sull&#8217;account di gioco.<\/p>\n\n\n\n<p>2.2 \u00c8 severamente vietato caricare e visualizzare materiale non adatto ai minori.<\/p>\n\n\n\n<p>2.3 Non \u00e8 consentita pubblicit\u00e0 di alcun tipo. Sono ammessi Travian Games GmbH e\/o societ\u00e0 affiliate o pagine attendibili (YouTube, Wikipedia ecc.).<\/p>\n\n\n\n<p>2.4 I messaggi e le conversazioni tra due parti all&#8217;interno del gioco possono essere pubblicati solo se tutte le parti coinvolte hanno dato il consenso. \u00c8 vietato pubblicare messaggi o e-mail da o verso lo staff di goalunited senza esplicito consenso.<\/p>\n\n\n\n<p>2.5 Il contenuto che corrisponde esattamente a quello originale\/protetto da copyright verr\u00e0 rimosso (come il nome ufficiale di un club o il logo ufficiale); segnala qualsiasi contenuto utilizzando il pulsante di segnalazione nel gioco se noti contenuti che contengono materiale\/marchio protetto da copyright o qualsiasi cosa che violi le presenti regole.<\/p>\n\n\n\n<p>2.6 Qualsiasi contenuto segnalato o rilevato che rappresenti una discriminazione basata su sesso, et\u00e0, razza, orientamento sessuale, disabilit\u00e0, convinzioni politiche o religione sar\u00e0 rimosso e penalizzato di conseguenza.<\/p>\n\n\n\n<p>2.7 Qualsiasi altro contenuto inappropriato, considerato dal Servizio Clienti o dal Personale come dannoso per l&#8217;esperienza di gioco degli altri, pu\u00f2 essere sanzionato.<\/p>\n\n\n\n<p>2.8. \u00c8 vietato forzare un giocatore a cancellare, cedere o condividere il proprio account, o pretendere che condivida la propria password, o violare una regola.<\/p>\n\n\n\n<p>2.9. \u00c8 vietato impersonare un membro dello Staff allo scopo di diffondere false informazioni sul gioco o costringere\/persuadere i giocatori a compiere azioni senza la loro volont\u00e0.<\/p>\n\n\n\n<p>3. Amministrazione\/Moderazione<\/p>\n\n\n\n<p>3.1. Il team di supporto e gli amministratori hanno il potere di decidere le sanzioni per le violazioni delle regole di gioco.<\/p>\n\n\n\n<p>3.2. In caso di violazioni delle regole, il tuo unico contatto dovrebbe essere il team di supporto. Tutti i giocatori possono inviare il proprio appello, spiegando le proprie circostanze, utilizzando il modulo di contatto fornito. Il giocatore dovrebbe avere<\/p>\n\n\n\n<p>un buon motivo per mettere in dubbio la decisione dell&#8217;agente dell&#8217;assistenza, chiedi che il ticket venga incrementato a un livello superiore. Il caso verr\u00e0 poi ulteriormente riesaminato.<\/p>\n\n\n\n<p>3.3. Il team goalunited si riserva il diritto di modificare le regole del gioco in qualsiasi momento per garantire che il gioco rimanga un luogo divertente, giusto e rispettoso.<\/p>\n\n\n\n<p>3.4. Il team goalunited si riserva il diritto di proteggere sempre lo stato sano e corretto del gioco per i suoi giocatori, specialmente nelle situazioni in cui la valutazione e l&#8217;indagine della situazione o dell&#8217;azione potenzialmente dannosa indicano fortemente che si sta subendo un danno contro il gioco e\/o uno o pi\u00f9 giocatori nel gioco. In tali situazioni, la squadra goalunited ha il pieno diritto di intraprendere le azioni necessarie anche se la situazione specifica in quanto tale non \u00e8 coperta dalle attuali regole del gioco.<\/p>\n\n\n\n<p>3.5 Critiche e feedback costruttivi ed educati riguardanti il \u200b\u200bgioco e i suoi membri dello staff sono ben accetti, tuttavia, tieni presente che i tentativi di sminuire il valore e l&#8217;immagine del gioco o di uno o pi\u00f9 individui del nostro team verranno adeguatamente presi in considerazione.<\/p>\n\n\n\n<p>3.6. La squadra di goalunited non riveler\u00e0 n\u00e9 render\u00e0 pubbliche le misure adottate per la violazione delle regole in goalunited<\/p>\n\n\n\n<p>4. Gioco corretto<\/p>\n\n\n\n<p>4.1 \u00c8 vietato l&#8217;uso di bug del gioco o lo sfruttamento di funzionalit\u00e0 allo scopo di trarre vantaggio a danno di altri gestori o a danno del gioco. Qualsiasi exploit trovato dovrebbe essere immediatamente segnalato al team di supporto.<\/p>\n\n\n\n<p>4.2 Ti consigliamo vivamente di trattare tutti i tuoi avversari nel gioco nel modo pi\u00f9 equo possibile. Questa \u00e8 una delle regole principali del fair-play.<\/p>\n\n\n\n<p>4.3 Impostare intenzionalmente una formazione pi\u00f9 debole dei migliori 11 pi\u00f9 volte in competizioni ufficiali o non ufficiali (amichevoli\/partite di allenamento escluse) per &#8220;regalare&#8221; una vittoria all&#8217;avversario, pu\u00f2 portare ad un&#8217;azione da parte del team di supporto.<\/p>\n\n\n\n<p>4.4 Qualsiasi altro comportamento leale e antisportivo sar\u00e0 considerato una violazione e potrebbe portare alla perdita permanente del club\/account.<\/p>\n\n\n\n<p><\/p>\n\n\n\n<p><\/p>","protected":false},"excerpt":{"rendered":"<p>Regole del gioco Le Regole del gioco elencate di seguito rappresentano un&#8217;aggiunta ai termini e alle condizioni generali. Le condizioni generali vanno consultate in caso di divieto, o semplicemente per <a href=\"https:\/\/legends.goalunited.org\/it\/game-rules\/\" class=\"more-link\">[&hellip;]<\/a><\/p>\n","protected":false},"author":1,"featured_media":0,"parent":0,"menu_order":0,"comment_status":"closed","ping_status":"closed","template":"","meta":{"_mi_skip_tracking":false,"_monsterinsights_sitenote_active":false,"_monsterinsights_sitenote_note":"","_monsterinsights_sitenote_category":0,"Layout":""},"aioseo_notices":[],"_links":{"self":[{"href":"https:\/\/legends.goalunited.org\/it\/wp-json\/wp\/v2\/pages\/13401"}],"collection":[{"href":"https:\/\/legends.goalunited.org\/it\/wp-json\/wp\/v2\/pages"}],"about":[{"href":"https:\/\/legends.goalunited.org\/it\/wp-json\/wp\/v2\/types\/page"}],"author":[{"embeddable":true,"href":"https:\/\/legends.goalunited.org\/it\/wp-json\/wp\/v2\/users\/1"}],"replies":[{"embeddable":true,"href":"https:\/\/legends.goalunited.org\/it\/wp-json\/wp\/v2\/comments?post=13401"}],"version-history":[{"count":4,"href":"https:\/\/legends.goalunited.org\/it\/wp-json\/wp\/v2\/pages\/13401\/revisions"}],"predecessor-version":[{"id":13405,"href":"https:\/\/legends.goalunited.org\/it\/wp-json\/wp\/v2\/pages\/13401\/revisions\/13405"}],"wp:attachment":[{"href":"https:\/\/legends.goalunited.org\/it\/wp-json\/wp\/v2\/media?parent=13401"}],"curies":[{"name":"wp","href":"https:\/\/api.w.org\/{rel}","templated":true}]}}