{"id":2,"date":"2016-07-14T06:22:50","date_gmt":"2016-07-14T06:22:50","guid":{"rendered":"https:\/\/82.149.252.48\/?page_id=2"},"modified":"2020-09-28T10:40:32","modified_gmt":"2020-09-28T10:40:32","slug":"start","status":"publish","type":"page","link":"https:\/\/legends.goalunited.org\/it\/","title":{"rendered":"Start"},"content":{"rendered":"<p>\n        <!DOCTYPE html>\n        <html>\n        <head>\n        \t<title><\/title>\n        \t<meta http-equiv=\"Content-Type\" content=\"text\/html;charset=utf-8\" \/>\n        <\/head>\n        <body>\n        <div class=\"gu-rss\"><span class=\"ok\">Server online<\/span><\/div><\/body>\n    <\/html><br \/>\n<a name=\"thegame\"><\/a><\/p>\n<p><img loading=\"lazy\" class=\"aligncenter wp-image-250 size-full\" src=\"https:\/\/82.149.252.48\/wp-content\/uploads\/2016\/08\/GU_Legends_Website_Trenner.jpg\" alt=\"goalunited legends seperator\" width=\"700\" height=\"53\" data-headline=\"goalunited legends seperator\" srcset=\"https:\/\/legends.goalunited.org\/wp-content\/uploads\/2016\/08\/GU_Legends_Website_Trenner.jpg 700w, https:\/\/legends.goalunited.org\/wp-content\/uploads\/2016\/08\/GU_Legends_Website_Trenner-300x23.jpg 300w\" sizes=\"(max-width: 700px) 100vw, 700px\" \/><\/p>\n<h2>IL GIOCO<\/h2>\n<p>goalunited LEGENDS \u00e8 un simulatore manageriale di calcio. \u00c8 superiore agli altri giochi online di gestione manageriale di calcio, grazie alla sua profondit\u00e0 di gioco unica fornisce un divertimento duraturo ai giocatori.<\/p>\n<ul>\n<li>Realizza il tuo sogno, diventa la persona pi\u00f9 importante per la tua squadra di calcio e domina il campionato.<\/li>\n<li>Entra nel doppio ruolo di manager e allenatore e diventa il pi\u00f9 potente boss dei club.<\/li>\n<li>Potrai raggiungere la cima della classifica solo se diventerai uno scaltro stratega tattico dentro e fuori dal campo.<\/li>\n<\/ul>\n<h3><a href=\"https:\/\/82.149.252.48\/wp-content\/uploads\/2017\/01\/goalunited_LEGENDS_home_2017_01_19.jpg\"><img loading=\"lazy\" class=\"alignnone wp-image-315\" src=\"https:\/\/82.149.252.48\/wp-content\/uploads\/2017\/01\/goalunited_LEGENDS_home_2017_01_19-300x213.jpg\" width=\"400\" height=\"285\" data-headline=\"goalunited legends home screen\" srcset=\"https:\/\/legends.goalunited.org\/wp-content\/uploads\/2017\/01\/goalunited_LEGENDS_home_2017_01_19-300x213.jpg 300w, https:\/\/legends.goalunited.org\/wp-content\/uploads\/2017\/01\/goalunited_LEGENDS_home_2017_01_19-768x546.jpg 768w, https:\/\/legends.goalunited.org\/wp-content\/uploads\/2017\/01\/goalunited_LEGENDS_home_2017_01_19-1024x729.jpg 1024w, https:\/\/legends.goalunited.org\/wp-content\/uploads\/2017\/01\/goalunited_LEGENDS_home_2017_01_19-703x500.jpg 703w, https:\/\/legends.goalunited.org\/wp-content\/uploads\/2017\/01\/goalunited_LEGENDS_home_2017_01_19.jpg 1556w\" sizes=\"(max-width: 400px) 100vw, 400px\" \/><\/a><\/h3>\n<h3>Splendidi calcoli delle partite incontrano un&#8217;enorme profondit\u00e0 di gioco.<\/h3>\n<p>Nel cuore di goalunited LEGENDS potrai trovare un esteso e complesso sistema di calcolo delle partite, che fornisce un realismo assoluto e la giusta quantit\u00e0 di competizione tra gli appassionati del Campionato di Serie A. Questo gioco poliedrico ti permette di entrare nel ruolo di manager e guidare la tua squadra alla fortuna:<\/p>\n<p><a href=\"https:\/\/82.149.252.48\/wp-content\/uploads\/2017\/01\/goalunited_LEGENDS_lineup_2017_01_19.jpg\"><img loading=\"lazy\" class=\"alignleft wp-image-316 size-medium\" src=\"https:\/\/82.149.252.48\/wp-content\/uploads\/2017\/01\/goalunited_LEGENDS_lineup_2017_01_19-300x213.jpg\" width=\"300\" height=\"213\" data-headline=\"LINE-UP\" srcset=\"https:\/\/legends.goalunited.org\/wp-content\/uploads\/2017\/01\/goalunited_LEGENDS_lineup_2017_01_19-300x213.jpg 300w, https:\/\/legends.goalunited.org\/wp-content\/uploads\/2017\/01\/goalunited_LEGENDS_lineup_2017_01_19-768x546.jpg 768w, https:\/\/legends.goalunited.org\/wp-content\/uploads\/2017\/01\/goalunited_LEGENDS_lineup_2017_01_19-1024x729.jpg 1024w, https:\/\/legends.goalunited.org\/wp-content\/uploads\/2017\/01\/goalunited_LEGENDS_lineup_2017_01_19-703x500.jpg 703w, https:\/\/legends.goalunited.org\/wp-content\/uploads\/2017\/01\/goalunited_LEGENDS_lineup_2017_01_19.jpg 1556w\" sizes=\"(max-width: 300px) 100vw, 300px\" \/><\/a><a href=\"https:\/\/82.149.252.48\/wp-content\/uploads\/2017\/01\/goalunited_LEGENDS_liveticker_2017_01_19.jpg\"><img loading=\"lazy\" class=\"alignnone wp-image-317 size-medium\" src=\"https:\/\/82.149.252.48\/wp-content\/uploads\/2017\/01\/goalunited_LEGENDS_liveticker_2017_01_19-300x213.jpg\" width=\"300\" height=\"213\" data-headline=\"liveticker\" srcset=\"https:\/\/legends.goalunited.org\/wp-content\/uploads\/2017\/01\/goalunited_LEGENDS_liveticker_2017_01_19-300x213.jpg 300w, https:\/\/legends.goalunited.org\/wp-content\/uploads\/2017\/01\/goalunited_LEGENDS_liveticker_2017_01_19-768x546.jpg 768w, https:\/\/legends.goalunited.org\/wp-content\/uploads\/2017\/01\/goalunited_LEGENDS_liveticker_2017_01_19-1024x729.jpg 1024w, https:\/\/legends.goalunited.org\/wp-content\/uploads\/2017\/01\/goalunited_LEGENDS_liveticker_2017_01_19-703x500.jpg 703w, https:\/\/legends.goalunited.org\/wp-content\/uploads\/2017\/01\/goalunited_LEGENDS_liveticker_2017_01_19.jpg 1556w\" sizes=\"(max-width: 300px) 100vw, 300px\" \/><\/a><\/p>\n<p>Sviluppa il tuo stadio in una grande arena, guadagna attraverso gli sponsor e aggiungi nuovi membri al tuo staff, tutta la responsabilit\u00e0 \u00e8 nelle tue mani. Allena i migliori attaccanti e difensori del futuro &#8211; i giovani talenti sono estremamente importanti. Risparmia denaro, ma a volte dovresti controllare il calciomercato in tempo reale. \u00c8 l&#8217;unico modo per poter trovare velocemente un sostituto per un giocatore infortunato in allenamento. Per poter aiutare un giocatore a guarire rapidamente dovrai anche assumere un medico di prima classe. Come manager e allenatore tutto questo dipende da te.<\/p>\n<p>Forse le possibilit\u00e0 di segnare goal potrebbero aumentare dopo aver acquistato un nuovo giocatore per la tua squadra? Tieni sempre a mentre che gli altri allenatori della community non sono mai stanchi e approfittano del calciomercato: goalunited LEGENDS \u00e8 molto pi\u00f9 che semplice calcio.<\/p>\n<h3><a href=\"https:\/\/82.149.252.48\/wp-content\/uploads\/2017\/01\/goalunited_LEGENDS_arena_2017_01_19.jpg\"><img loading=\"lazy\" class=\"alignleft wp-image-313 size-medium\" src=\"https:\/\/82.149.252.48\/wp-content\/uploads\/2017\/01\/goalunited_LEGENDS_arena_2017_01_19-300x213.jpg\" width=\"300\" height=\"213\" data-headline=\"arena\" srcset=\"https:\/\/legends.goalunited.org\/wp-content\/uploads\/2017\/01\/goalunited_LEGENDS_arena_2017_01_19-300x213.jpg 300w, https:\/\/legends.goalunited.org\/wp-content\/uploads\/2017\/01\/goalunited_LEGENDS_arena_2017_01_19-768x546.jpg 768w, https:\/\/legends.goalunited.org\/wp-content\/uploads\/2017\/01\/goalunited_LEGENDS_arena_2017_01_19-1024x729.jpg 1024w, https:\/\/legends.goalunited.org\/wp-content\/uploads\/2017\/01\/goalunited_LEGENDS_arena_2017_01_19-703x500.jpg 703w, https:\/\/legends.goalunited.org\/wp-content\/uploads\/2017\/01\/goalunited_LEGENDS_arena_2017_01_19.jpg 1556w\" sizes=\"(max-width: 300px) 100vw, 300px\" \/><\/a><a href=\"https:\/\/82.149.252.48\/wp-content\/uploads\/2017\/01\/goalunited_LEGENDS_trophies_2017_01_19.jpg\"><img loading=\"lazy\" class=\"alignnone wp-image-318 size-medium\" src=\"https:\/\/82.149.252.48\/wp-content\/uploads\/2017\/01\/goalunited_LEGENDS_trophies_2017_01_19-300x213.jpg\" width=\"300\" height=\"213\" data-headline=\"trophies\" srcset=\"https:\/\/legends.goalunited.org\/wp-content\/uploads\/2017\/01\/goalunited_LEGENDS_trophies_2017_01_19-300x213.jpg 300w, https:\/\/legends.goalunited.org\/wp-content\/uploads\/2017\/01\/goalunited_LEGENDS_trophies_2017_01_19-768x546.jpg 768w, https:\/\/legends.goalunited.org\/wp-content\/uploads\/2017\/01\/goalunited_LEGENDS_trophies_2017_01_19-1024x729.jpg 1024w, https:\/\/legends.goalunited.org\/wp-content\/uploads\/2017\/01\/goalunited_LEGENDS_trophies_2017_01_19-703x500.jpg 703w, https:\/\/legends.goalunited.org\/wp-content\/uploads\/2017\/01\/goalunited_LEGENDS_trophies_2017_01_19.jpg 1556w\" sizes=\"(max-width: 300px) 100vw, 300px\" \/><\/a><\/h3>\n<h3><\/h3>\n<h3>Il futuro a colpo d&#8217;occhio<\/h3>\n<p>Le aspettative dei tuoi fan fedeli aumentano con i tuoi successi. Sarai quindi in grado di soddisfarli con un negozio per tifosi pi\u00f9 grande, o forse un moderno ristorante fast food? Che ne dici di un parcheggio o una stazione ferroviaria vicina allo stadio? E per quanto riguarda gli sponsor e le loro esigenze? Ci vuole un occhio esperto per tutti questi dettagli, i migliori consigli e trucchi nel calcio e le tattiche intelligenti possono farti avere una possibilit\u00e0 con la concorrenza della community globale &#8211; un&#8217;emozione per qualsiasi giocatore!<\/p>\n<h3>Entra nel doppio ruolo di manager e allenatore<\/h3>\n<p>Diventa una leggenda della storia del calcio coordinando il programma di allenamento dei giocatori con gli obiettivi della stagione. Come dice il proverbio, il prossimo avversario \u00e8 sempre il pi\u00f9 difficile; \u00e8 necessario mantenere una panoramica costante della concorrenza e regolare di conseguenza la tua squadra. Analizza l&#8217;ultimo rapporto sulla partita e prendi in considerazione la forma dei tuoi giocatori in modo da poter elaborare la giusta strategia per la prossima partita.<\/p>\n<p>Sei pronto a diventare una <strong>leggenda<\/strong> in goalunited LEGENDS?<\/p>\n<p><a href=\"https:\/\/82.149.252.48\/wp-content\/uploads\/2017\/01\/goalunited_LEGENDS_2017_01_19.jpg\"><img loading=\"lazy\" class=\"alignleft wp-image-312 size-medium\" src=\"https:\/\/82.149.252.48\/wp-content\/uploads\/2017\/01\/goalunited_LEGENDS_2017_01_19-300x213.jpg\" width=\"300\" height=\"213\" data-headline=\"league\" srcset=\"https:\/\/legends.goalunited.org\/wp-content\/uploads\/2017\/01\/goalunited_LEGENDS_2017_01_19-300x213.jpg 300w, https:\/\/legends.goalunited.org\/wp-content\/uploads\/2017\/01\/goalunited_LEGENDS_2017_01_19-768x546.jpg 768w, https:\/\/legends.goalunited.org\/wp-content\/uploads\/2017\/01\/goalunited_LEGENDS_2017_01_19-1024x729.jpg 1024w, https:\/\/legends.goalunited.org\/wp-content\/uploads\/2017\/01\/goalunited_LEGENDS_2017_01_19-703x500.jpg 703w, https:\/\/legends.goalunited.org\/wp-content\/uploads\/2017\/01\/goalunited_LEGENDS_2017_01_19.jpg 1556w\" sizes=\"(max-width: 300px) 100vw, 300px\" \/><\/a><\/p>\n<p><a href=\"https:\/\/82.149.252.48\/wp-content\/uploads\/2017\/01\/goalunited_LEGENDS_cup_2017_01_19.jpg\"><img loading=\"lazy\" class=\"alignnone wp-image-314 size-medium\" src=\"https:\/\/82.149.252.48\/wp-content\/uploads\/2017\/01\/goalunited_LEGENDS_cup_2017_01_19-300x213.jpg\" width=\"300\" height=\"213\" data-headline=\"cup\" srcset=\"https:\/\/legends.goalunited.org\/wp-content\/uploads\/2017\/01\/goalunited_LEGENDS_cup_2017_01_19-300x213.jpg 300w, https:\/\/legends.goalunited.org\/wp-content\/uploads\/2017\/01\/goalunited_LEGENDS_cup_2017_01_19-768x546.jpg 768w, https:\/\/legends.goalunited.org\/wp-content\/uploads\/2017\/01\/goalunited_LEGENDS_cup_2017_01_19-1024x729.jpg 1024w, https:\/\/legends.goalunited.org\/wp-content\/uploads\/2017\/01\/goalunited_LEGENDS_cup_2017_01_19-703x500.jpg 703w, https:\/\/legends.goalunited.org\/wp-content\/uploads\/2017\/01\/goalunited_LEGENDS_cup_2017_01_19.jpg 1556w\" sizes=\"(max-width: 300px) 100vw, 300px\" \/><\/a><\/p>\n<p>Gli sviluppatori di northworks Software GmbH ad Amburgo hanno lavorato con passione sul titolo fin dall&#8217;inizio della serie goalunited fin dal 2006. Il loro obiettivo \u00e8 quello di fornire a tutti gli appassionati di calcio una sfida realistica con una profondit\u00e0 coinvolgente. Oltre ai riconoscimenti, goalunited ha vinto il Premio Sviluppatore Tedesco nel 2009 e il Premio Gioco per Computer Tedesco nel 2011.<\/p>","protected":false},"excerpt":{"rendered":"<p>IL GIOCO goalunited LEGENDS \u00e8 un simulatore manageriale di calcio. \u00c8 superiore agli altri giochi online di gestione manageriale di calcio, grazie alla sua profondit\u00e0 di gioco unica fornisce un <a href=\"https:\/\/legends.goalunited.org\/it\/\" class=\"more-link\">[&hellip;]<\/a><\/p>\n","protected":false},"author":1,"featured_media":0,"parent":0,"menu_order":0,"comment_status":"closed","ping_status":"closed","template":"","meta":{"_mi_skip_tracking":false,"_monsterinsights_sitenote_active":false,"_monsterinsights_sitenote_note":"","_monsterinsights_sitenote_category":0,"Layout":"2c-l"},"aioseo_notices":[],"_links":{"self":[{"href":"https:\/\/legends.goalunited.org\/it\/wp-json\/wp\/v2\/pages\/2"}],"collection":[{"href":"https:\/\/legends.goalunited.org\/it\/wp-json\/wp\/v2\/pages"}],"about":[{"href":"https:\/\/legends.goalunited.org\/it\/wp-json\/wp\/v2\/types\/page"}],"author":[{"embeddable":true,"href":"https:\/\/legends.goalunited.org\/it\/wp-json\/wp\/v2\/users\/1"}],"replies":[{"embeddable":true,"href":"https:\/\/legends.goalunited.org\/it\/wp-json\/wp\/v2\/comments?post=2"}],"version-history":[{"count":107,"href":"https:\/\/legends.goalunited.org\/it\/wp-json\/wp\/v2\/pages\/2\/revisions"}],"predecessor-version":[{"id":13043,"href":"https:\/\/legends.goalunited.org\/it\/wp-json\/wp\/v2\/pages\/2\/revisions\/13043"}],"wp:attachment":[{"href":"https:\/\/legends.goalunited.org\/it\/wp-json\/wp\/v2\/media?parent=2"}],"curies":[{"name":"wp","href":"https:\/\/api.w.org\/{rel}","templated":true}]}}