{"id":36,"date":"2016-07-14T18:07:33","date_gmt":"2016-07-14T18:07:33","guid":{"rendered":"https:\/\/82.149.252.48\/?page_id=36"},"modified":"2026-03-02T10:56:38","modified_gmt":"2026-03-02T10:56:38","slug":"impressum","status":"publish","type":"page","link":"https:\/\/legends.goalunited.org\/it\/impressum\/","title":{"rendered":"Impressione"},"content":{"rendered":"<p><\/p>\n<p><strong>Responsabile del sito:<\/strong><\/p>\n<p>Travian Games GmbH<br \/>\nMoosacher Str. 70<br \/>\n80809 Monaco di Baviera<br \/>\nGermania<br \/>\n<a href=\"mailto:mail@traviangames.com\">mail@traviangames.com<\/a><\/p>\n<p><strong>Giurisdizione:<\/strong><br \/>\nCorte Distrettuale di Monaco, HRB 173511<br \/>\nP. IVA: DE 246258085<br \/>\nAmministratori delegati: <span lang=\"EN-US\">Viktor Pulz, <\/span>J\u00f6rg Strathaus<br \/>\nTel.: 004989\/32 49 15 93 8 (non valido per il supporto clienti)<br \/>\nFax: 004989\/32 49 15 97 3 (solo plus support)<\/p>\n<p><strong>Supporto:<\/strong><br \/>\n<a href=\"https:\/\/support.goalunited.org\/de\/support\/tickets\/new\">Contatti<\/a><\/p>\n<p><strong>Garante dei minori:<\/strong><br \/>\nAvv. Andreas Lober<br \/>\nBeiten Burkhardt Rechtsanwaltsgesellschaft mbH<\/p>\n<p><a href=\"mailto:youthprotection@traviangames.com\">youthprotection@traviangames.com<\/a><\/p>\n<p><strong>Responsabile protezione dati:<\/strong><\/p>\n<p>Philipp Heindorff<\/p>\n<p><a href=\"mailto:privacy@traviangames.com\">privacy@traviangames.com<\/a><\/p>\n<p>Ti preghiamo di includere sempre il tuo nome utente e il server di gioco nelle email inviate al supporto.<\/p>\n<p>Tutti i diritti su testi, grafica e codici sorgente sono detenuti da Travian Games GmbH.<\/p>\n<p>Travian \u00e8 un marchio registrato Travian Games GmbH.<\/p>\n<p>La piattaforma UE per la risoluzione delle controversie online (ODR) non \u00e8 pi\u00f9 attiva. Non siamo n\u00e9 obbligati n\u00e9 disposti a partecipare a una procedura di risoluzione delle controversie dinanzi a un collegio arbitrale dei consumatori (\u00a7 36 VSBG). I consumatori possono contattarci direttamente all&#8217;indirizzo protest@traviangames.com per eventuali dubbi o reclami.<\/p>\n<p>Liability note: Despite conscientious efforts, we cannot be held responsible for the monitoring of the contents of external links.<br \/>\nThe owner of the linked sites are exclusively responsible for the contents.<\/span><\/p>","protected":false},"excerpt":{"rendered":"<p>Responsabile del sito: Travian Games GmbH Moosacher Str. 70 80809 Monaco di Baviera Germania mail@traviangames.com Giurisdizione: Corte Distrettuale di Monaco, HRB 173511 P. IVA: DE 246258085 Amministratori delegati: Viktor Pulz, <a href=\"https:\/\/legends.goalunited.org\/it\/impressum\/\" class=\"more-link\">[&hellip;]<\/a><\/p>\n","protected":false},"author":1,"featured_media":0,"parent":0,"menu_order":0,"comment_status":"closed","ping_status":"closed","template":"","meta":{"_mi_skip_tracking":false,"_monsterinsights_sitenote_active":false,"_monsterinsights_sitenote_note":"","_monsterinsights_sitenote_category":0,"Layout":""},"aioseo_notices":[],"_links":{"self":[{"href":"https:\/\/legends.goalunited.org\/it\/wp-json\/wp\/v2\/pages\/36"}],"collection":[{"href":"https:\/\/legends.goalunited.org\/it\/wp-json\/wp\/v2\/pages"}],"about":[{"href":"https:\/\/legends.goalunited.org\/it\/wp-json\/wp\/v2\/types\/page"}],"author":[{"embeddable":true,"href":"https:\/\/legends.goalunited.org\/it\/wp-json\/wp\/v2\/users\/1"}],"replies":[{"embeddable":true,"href":"https:\/\/legends.goalunited.org\/it\/wp-json\/wp\/v2\/comments?post=36"}],"version-history":[{"count":69,"href":"https:\/\/legends.goalunited.org\/it\/wp-json\/wp\/v2\/pages\/36\/revisions"}],"predecessor-version":[{"id":13470,"href":"https:\/\/legends.goalunited.org\/it\/wp-json\/wp\/v2\/pages\/36\/revisions\/13470"}],"wp:attachment":[{"href":"https:\/\/legends.goalunited.org\/it\/wp-json\/wp\/v2\/media?parent=36"}],"curies":[{"name":"wp","href":"https:\/\/api.w.org\/{rel}","templated":true}]}}