{"id":13401,"date":"2024-04-03T08:44:00","date_gmt":"2024-04-03T08:44:00","guid":{"rendered":"https:\/\/legends.goalunited.org\/?page_id=13401"},"modified":"2024-04-03T08:44:02","modified_gmt":"2024-04-03T08:44:02","slug":"game-rules","status":"publish","type":"page","link":"https:\/\/legends.goalunited.org\/pl\/game-rules\/","title":{"rendered":"Zasady gry"},"content":{"rendered":"<p><br><\/p>\n\n\n\n<p><strong>Zasady gry<\/strong><\/p>\n\n\n\n<p>Poni\u017csze zasady gry s\u0105 uzupe\u0142nieniem <a href=\"https:\/\/agb.traviangames.com\/terms-pl.pdf\">Og\u00f3lnych Zasad i Warunk\u00f3w<\/a>.<\/p>\n\n\n\n<p>W przypadku blokady konta lub w celu sprawdzenia co jest dozwolone, a co nie, nale\u017cy zapozna\u0107 si\u0119 z tre\u015bci\u0105 Og\u00f3lnych Zasad i Warunk\u00f3w (Paragraf 6).<\/p>\n\n\n\n<p>Wszystkie zasady gry odnosz\u0105 si\u0119 do graczy aktywnych, graczy kt\u00f3rzy maj\u0105 zamiar skasowa\u0107 konto b\u0105d\u017a ich konta s\u0105 w\u0142a\u015bnie w fazie kasacji.<\/p>\n\n\n\n<p><strong>1. Konto I kluby<\/strong><\/p>\n\n\n\n<p>1.1 Ka\u017cdy menad\u017cer goalunited mo\u017ce posiada\u0107 tylko jedno konto (funkcja <a href=\"https:\/\/support.goalunited.org\/pl\/support\/solutions\/articles\/7000046178-top-manager\">Top Manager<\/a> umo\u017cliwia posiadanie do 3 klub\u00f3w w ramach tego samego konta). Zg\u0142oszone lub wykryte multikonta zostan\u0105 zamkni\u0119te, w\u0142a\u015bciciel zostanie powiadomiony, a konto g\u0142\u00f3wne zostanie ukarane.<\/p>\n\n\n\n<p>1.2 W\u0142a\u015bcicielem konta jest osoba, kt\u00f3rej adres e-mail jest zarejestrowany na koncie. Obs\u0142uga Klienta ma prawo poprosi\u0107 o adres e-mail w celu weryfikacji w\u0142asno\u015bci.<\/p>\n\n\n\n<p>1.3 Udost\u0119pnianie hase\u0142 do kont jest niedozwolone. W przypadku skarg otrzymanych przez Obs\u0142ug\u0119 Klienta w tym zakresie, dane konto zostanie ukarane\/zamkni\u0119te w zale\u017cno\u015bci od wyniku dochodzenia. Obs\u0142uga Klienta lub cz\u0142onkowie zespo\u0142u nigdy nie poprosz\u0105 Ci\u0119 o podanie has\u0142a. Je\u015bli taka sytuacja Ci si\u0119 przytrafi, zg\u0142o\u015b to natychmiast na adres complaints@traviangames.com<\/p>\n\n\n\n<p>1.4 Nieaktywne konta lub nieaktywne kluby mog\u0105 z czasem zosta\u0107 usuni\u0119te z tego czy innego powodu natury technicznej. Konta posiadaj\u0105ce aktywne konto Premium s\u0105 chronione, jednak\u017ce klub(y) w ramach tych kont nadal mog\u0105 zosta\u0107 zresetowane do stanu pocz\u0105tkowego (Nowy start) w przypadku, gdy z powodu zaniedbania finans\u00f3w klub zbankrutuje.<br>Nie ma mo\u017cliwo\u015bci przywr\u00f3cenia ju\u017c usuni\u0119tych klub\u00f3w , tak samo jak klub\u00f3w, kt\u00f3re zbankrutowa\u0142y.<\/p>\n\n\n\n<p>1.5 Sprzedawanie kont jest zabronione. Ka\u017cda taka pr\u00f3ba mo\u017ce skutkowa\u0107 trwa\u0142ym usuni\u0119ciem konta.<\/p>\n\n\n\n<p><strong>2. Komunikacja w grze oraz u\u017cywane\/wgrywane tre\u015bci<\/strong><\/p>\n\n\n\n<p>2.1 Gracze u\u017cywaj\u0105c wiadomo\u015bci w grze, ksi\u0119gi go\u015bci, artyku\u0142\u00f3w prasowych oraz korzystaj\u0105c z wszystkich pozosta\u0142ych udost\u0119pnionych platform komunikacji udost\u0119pnianych przez goalunited musza zawsze komunikowa\u0107 si\u0119 w spos\u00f3b uprzejmy i kulturalny. Wszelkie formy zniewag, obel\u017cywego j\u0119zyka lub przekle\u0144stwa kierowane pod adresem mened\u017cera, grupy mened\u017cer\u00f3w lub cz\u0142onk\u00f3w personelu gry za po\u015brednictwem kt\u00f3regokolwiek z kana\u0142\u00f3w komunikacji w grze b\u0119d\u0105 karane podj\u0119ciem dzia\u0142a\u0144 na koncie gry.<\/p>\n\n\n\n<p>2.2 Przesy\u0142anie i prezentowanie materia\u0142\u00f3w nieodpowiednich dla os\u00f3b nieletnich jest surowo zabronione.<\/p>\n\n\n\n<p>2.3 Ka\u017cda forma reklamy jest zabroniona. Dozwolone s\u0105 reklamy stron Travian Games GmbH i\/lub firm stowarzyszonych lub zaufanych stron (YouTube, Wikipedia itp.)<\/p>\n\n\n\n<p>2.4 Wiadomo\u015bci i rozmowy pomi\u0119dzy dwiema stronami w ramach gry mog\u0105 by\u0107 publikowane wy\u0142\u0105cznie za zgod\u0105 wszystkich zaanga\u017cowanych stron. Publikowanie wiadomo\u015bci lub e-maili do lub od pracownik\u00f3w goalunited jest zabronione, chyba \u017ce uzyskano wyra\u017an\u0105 zgod\u0119.<\/p>\n\n\n\n<p>2.5 Tre\u015bci dok\u0142adnie odpowiadaj\u0105ce orygina\u0142owi i\/lub chronione prawem autorskim zostan\u0105 usuni\u0119te (np. oficjalna nazwa klubu lub oficjalne logo); prosimy o zg\u0142aszanie wszelkich tre\u015bci za pomoc\u0105 przycisku zg\u0142aszania w grze, je\u015bli zauwa\u017cysz tre\u015bci zawieraj\u0105ce materia\u0142y chronione prawem autorskim\/znaki towarowe lub cokolwiek, co narusza niniejsze zasady.<\/p>\n\n\n\n<p>2.6 Wszelkie zg\u0142oszone lub wykryte tre\u015bci reprezentuj\u0105ce dyskryminacj\u0119 ze wzgl\u0119du na p\u0142e\u0107, wiek, ras\u0119, orientacj\u0119 seksualn\u0105, niepe\u0142nosprawno\u015b\u0107, przekonania polityczne lub religi\u0119 zostan\u0105 usuni\u0119te i odpowiednio ukarane.<\/p>\n\n\n\n<p>2.7 Wszelkie inne nieodpowiednie tre\u015bci, kt\u00f3re Obs\u0142uga Klienta lub Pracownicy uznaj\u0105 za zak\u0142\u00f3caj\u0105ce zabaw\u0119 innych os\u00f3b, mog\u0105 zosta\u0107 ukarane.<\/p>\n\n\n\n<p>2.8. Zabronione jest zmuszanie gracza do usuni\u0119cia, przekazania lub udost\u0119pnienia konta, \u017c\u0105danie udost\u0119pnienia has\u0142a lub z\u0142amania regulaminu.<\/p>\n\n\n\n<p>2.9. Zabrania si\u0119 podszywania pod Pracownika i rozpowszechniania nieprawdziwych informacji o grze lub zmuszania\/namawiania graczy do wykonywania czynno\u015bci wbrew ich woli.<\/p>\n\n\n\n<p><strong>3. Administration\/Moderation<\/strong><\/p>\n\n\n\n<p>3.1. Obs\u0142uga Klienta i administratorzy s\u0105 uprawnieni do decydowania o karach za naruszenie zasad gry.<\/p>\n\n\n\n<p>3.2. W przypadku naruszenia zasad Twoim jedynym kontaktem powinna by\u0107 Obs\u0142uga Klienta. Ka\u017cdy gracz mo\u017ce wys\u0142a\u0107 swoje odwo\u0142anie, wyja\u015bniaj\u0105c swoj\u0105 sytuacj\u0119, korzystaj\u0105c z udost\u0119pnionego formularza kontaktowego. Je\u015bli gracz ma dobry pow\u00f3d, aby zakwestionowa\u0107 decyzj\u0119 cz\u0142onka Dzia\u0142u Obs\u0142ugi, mo\u017ce poprosi\u0107 o eskalacj\u0119 zg\u0142oszenia na wy\u017cszy poziom. Sprawa zostanie w\u00f3wczas dodatkowo rozpatrzona.<\/p>\n\n\n\n<p>3.3. Zesp\u00f3\u0142 goalunited zastrzega sobie prawo do zmiany zasad gry w dowolnym momencie, aby zapewni\u0107, \u017ce gra pozostanie przyjemna, uczciwa i pe\u0142na szacunku.<\/p>\n\n\n\n<p>3.4. Zesp\u00f3\u0142 goalunited zastrzega sobie prawo do ochrony uczciwej rozgrywki dla swoich graczy w szczeg\u00f3lno\u015bci w sytuacjach, gdy analiza i ocena potencjalnie szkodliwej sytuacji&nbsp; lub diza\u0142ania zdecydowanie wskazuj\u0105, \u017ce wy\u017c\u0105dzono szkody dla rozgrywki, gracza lub graczy. W takich sytuacjach zesp\u00f3\u0142 goalunited ma pe\u0142ne prawo do podj\u0119cia niezb\u0119dnych dzia\u0142a\u0144, nawet je\u015bli zaistnia\u0142a sytuacja jako taka nie jest uregulowana w aktualnych zasadach gry.<\/p>\n\n\n\n<p>3.5 Konstruktywna i uprzejma krytyka oraz opinie dotycz\u0105ce gry i jej pracownik\u00f3w s\u0105 mile widziane, nale\u017cy jednak pami\u0119ta\u0107, \u017ce pr\u00f3by umniejszania warto\u015bci i wizerunku gry lub jednej lub kilku os\u00f3b z naszego zespo\u0142u spotkaj\u0105 si\u0119 z odpowiedni\u0105 reakcj\u0105.<\/p>\n\n\n\n<p>3.6. Zesp\u00f3\u0142 goalunited nie ujawni, ani nie upubliczni dzia\u0142a\u0144 podj\u0119tych w zwi\u0105zku z naruszeniem zasad w goalunited.<\/p>\n\n\n\n<p><strong>4. Fair play<\/strong><\/p>\n\n\n\n<p>4.1 Zabronione jest wykorzystywanie b\u0142\u0119d\u00f3w lub funkcjonalno\u015bci gry w celu osi\u0105gni\u0119cia korzy\u015bci na szkod\u0119 innych menad\u017cer\u00f3w lub na szkod\u0119 gry. Ka\u017cdy znaleziony defekt gry umo\u017cliwiaj\u0105cy uzyskanie nielegalnej korzy\u015bci (exploit) nale\u017cy natychmiast zg\u0142osi\u0107 Obs\u0142udze Klienta.<\/p>\n\n\n\n<p>4.2 Zdecydowanie zaleca si\u0119 r\u00f3wne traktowanie wszystkich przeciwnik\u00f3w w grze. To jedna z g\u0142\u00f3wnych zasad fair-play.<\/p>\n\n\n\n<p>4.3 Celowe, wielokrotne ustawianie s\u0142abszego wyj\u015bciowego sk\u0142adu w obligatoryjnych lub nieoficjalnych rozgrywkach (z wy\u0142\u0105czeniem mecz\u00f3w towarzyskich\/treningowych), aby \u201epodarowa\u0107\u201d zwyci\u0119stwo przeciwnikowi, mo\u017ce skutkowa\u0107 podj\u0119ciem dzia\u0142ania przez Dzia\u0142 Obs\u0142ugi Klienta.<\/p>\n\n\n\n<p>4.4 Wszelkie inne niesportowe zachowania sprzeczne z fair play b\u0119d\u0105 uznawane za naruszenie i mog\u0105 prowadzi\u0107 do trwa\u0142ej utraty klubu\/konta.<\/p>\n\n\n\n<p><\/p>\n\n\n\n<p><\/p>","protected":false},"excerpt":{"rendered":"<p>Zasady gry Poni\u017csze zasady gry s\u0105 uzupe\u0142nieniem Og\u00f3lnych Zasad i Warunk\u00f3w. W przypadku blokady konta lub w celu sprawdzenia co jest dozwolone, a co nie, nale\u017cy zapozna\u0107 si\u0119 z tre\u015bci\u0105 <a href=\"https:\/\/legends.goalunited.org\/pl\/game-rules\/\" class=\"more-link\">[&hellip;]<\/a><\/p>\n","protected":false},"author":1,"featured_media":0,"parent":0,"menu_order":0,"comment_status":"closed","ping_status":"closed","template":"","meta":{"_mi_skip_tracking":false,"_monsterinsights_sitenote_active":false,"_monsterinsights_sitenote_note":"","_monsterinsights_sitenote_category":0,"Layout":""},"aioseo_notices":[],"_links":{"self":[{"href":"https:\/\/legends.goalunited.org\/pl\/wp-json\/wp\/v2\/pages\/13401"}],"collection":[{"href":"https:\/\/legends.goalunited.org\/pl\/wp-json\/wp\/v2\/pages"}],"about":[{"href":"https:\/\/legends.goalunited.org\/pl\/wp-json\/wp\/v2\/types\/page"}],"author":[{"embeddable":true,"href":"https:\/\/legends.goalunited.org\/pl\/wp-json\/wp\/v2\/users\/1"}],"replies":[{"embeddable":true,"href":"https:\/\/legends.goalunited.org\/pl\/wp-json\/wp\/v2\/comments?post=13401"}],"version-history":[{"count":4,"href":"https:\/\/legends.goalunited.org\/pl\/wp-json\/wp\/v2\/pages\/13401\/revisions"}],"predecessor-version":[{"id":13405,"href":"https:\/\/legends.goalunited.org\/pl\/wp-json\/wp\/v2\/pages\/13401\/revisions\/13405"}],"wp:attachment":[{"href":"https:\/\/legends.goalunited.org\/pl\/wp-json\/wp\/v2\/media?parent=13401"}],"curies":[{"name":"wp","href":"https:\/\/api.w.org\/{rel}","templated":true}]}}