{"id":2,"date":"2016-07-14T06:22:50","date_gmt":"2016-07-14T06:22:50","guid":{"rendered":"https:\/\/82.149.252.48\/?page_id=2"},"modified":"2020-09-28T10:40:32","modified_gmt":"2020-09-28T10:40:32","slug":"start","status":"publish","type":"page","link":"https:\/\/legends.goalunited.org\/pl\/","title":{"rendered":"START"},"content":{"rendered":"<p>\n        <!DOCTYPE html>\n        <html>\n        <head>\n        \t<title><\/title>\n        \t<meta http-equiv=\"Content-Type\" content=\"text\/html;charset=utf-8\" \/>\n        <\/head>\n        <body>\n        <div class=\"gu-rss\"><span class=\"ok\">Server online<\/span><\/div><\/body>\n    <\/html><br \/>\n<a name=\"thegame\"><\/a><\/p>\n<p><img loading=\"lazy\" class=\"aligncenter wp-image-250 size-full\" src=\"https:\/\/82.149.252.48\/wp-content\/uploads\/2016\/08\/GU_Legends_Website_Trenner.jpg\" alt=\"goalunited legends seperator\" width=\"700\" height=\"53\" data-headline=\"goalunited legends seperator\" srcset=\"https:\/\/legends.goalunited.org\/wp-content\/uploads\/2016\/08\/GU_Legends_Website_Trenner.jpg 700w, https:\/\/legends.goalunited.org\/wp-content\/uploads\/2016\/08\/GU_Legends_Website_Trenner-300x23.jpg 300w\" sizes=\"(max-width: 700px) 100vw, 700px\" \/><\/p>\n<h2>GRA<\/h2>\n<p>goalunited LEGENDS jest symulatorem menad\u017cera pi\u0142karskiego. O kilka klas przebija inne menad\u017cery pi\u0142karskie online, przez swoj\u0105 wyj\u0105tkow\u0105 g\u0142\u0119bi\u0119 gry zapewnia nieustaj\u0105c\u0105 rozrywk\u0119 dla graczy.<\/p>\n<ul>\n<li>Spe\u0142nij swoje marzenia, zosta\u0144 najwa\u017cniejsz\u0105 osob\u0105 we w\u0142asnym klubie pi\u0142karskim i zdominuj lig\u0119.<\/li>\n<li>Wejd\u017a w po\u0142\u0105czon\u0105\u00a0rol\u0119 menad\u017cera pi\u0142karskiego i trenera i zosta\u0144\u00a0szefem pot\u0119\u017cnego klubu.<\/li>\n<li>Tylko b\u0119d\u0105c przebieg\u0142ym taktykiem zar\u00f3wno na boisku, jak i poza nim, zdo\u0142asz dotrze\u0107 na szczyt ligi.<\/li>\n<\/ul>\n<h3><a href=\"https:\/\/82.149.252.48\/wp-content\/uploads\/2017\/01\/goalunited_LEGENDS_home_2017_01_19.jpg\"><img loading=\"lazy\" class=\"alignnone wp-image-315\" src=\"https:\/\/82.149.252.48\/wp-content\/uploads\/2017\/01\/goalunited_LEGENDS_home_2017_01_19-300x213.jpg\" width=\"400\" height=\"285\" data-headline=\"goalunited legends home screen\" srcset=\"https:\/\/legends.goalunited.org\/wp-content\/uploads\/2017\/01\/goalunited_LEGENDS_home_2017_01_19-300x213.jpg 300w, https:\/\/legends.goalunited.org\/wp-content\/uploads\/2017\/01\/goalunited_LEGENDS_home_2017_01_19-768x546.jpg 768w, https:\/\/legends.goalunited.org\/wp-content\/uploads\/2017\/01\/goalunited_LEGENDS_home_2017_01_19-1024x729.jpg 1024w, https:\/\/legends.goalunited.org\/wp-content\/uploads\/2017\/01\/goalunited_LEGENDS_home_2017_01_19-703x500.jpg 703w, https:\/\/legends.goalunited.org\/wp-content\/uploads\/2017\/01\/goalunited_LEGENDS_home_2017_01_19.jpg 1556w\" sizes=\"(max-width: 400px) 100vw, 400px\" \/><\/a><\/h3>\n<h3>Inteligentna kalkulacja mecz\u00f3w wykorzystuje ogromn\u0105 g\u0142\u0119bi\u0119 gry<\/h3>\n<p>Obszerny i z\u0142o\u017cony system kalkulacji meczu jest sercem goalunited LEGEND, zapewnia absolutny realizm i w\u0142a\u015bciw\u0105 dawk\u0119 rywalizacji pomi\u0119dzy fanami Ekstraklasy. Ta r\u00f3\u017cnorodna gra pozwala wej\u015b\u0107 w rol\u0119 menad\u017cera i doprowadzi\u0107 w\u0142asny klub do bogactwa:<\/p>\n<p><a href=\"https:\/\/82.149.252.48\/wp-content\/uploads\/2017\/01\/goalunited_LEGENDS_lineup_2017_01_19.jpg\"><img loading=\"lazy\" class=\"wp-image-316 size-medium alignleft\" src=\"https:\/\/82.149.252.48\/wp-content\/uploads\/2017\/01\/goalunited_LEGENDS_lineup_2017_01_19-300x213.jpg\" width=\"300\" height=\"213\" data-headline=\"LINE-UP\" srcset=\"https:\/\/legends.goalunited.org\/wp-content\/uploads\/2017\/01\/goalunited_LEGENDS_lineup_2017_01_19-300x213.jpg 300w, https:\/\/legends.goalunited.org\/wp-content\/uploads\/2017\/01\/goalunited_LEGENDS_lineup_2017_01_19-768x546.jpg 768w, https:\/\/legends.goalunited.org\/wp-content\/uploads\/2017\/01\/goalunited_LEGENDS_lineup_2017_01_19-1024x729.jpg 1024w, https:\/\/legends.goalunited.org\/wp-content\/uploads\/2017\/01\/goalunited_LEGENDS_lineup_2017_01_19-703x500.jpg 703w, https:\/\/legends.goalunited.org\/wp-content\/uploads\/2017\/01\/goalunited_LEGENDS_lineup_2017_01_19.jpg 1556w\" sizes=\"(max-width: 300px) 100vw, 300px\" \/><\/a><a href=\"https:\/\/82.149.252.48\/wp-content\/uploads\/2017\/01\/goalunited_LEGENDS_liveticker_2017_01_19.jpg\"><img loading=\"lazy\" class=\"alignnone wp-image-317 size-medium\" src=\"https:\/\/82.149.252.48\/wp-content\/uploads\/2017\/01\/goalunited_LEGENDS_liveticker_2017_01_19-300x213.jpg\" width=\"300\" height=\"213\" data-headline=\"liveticker\" srcset=\"https:\/\/legends.goalunited.org\/wp-content\/uploads\/2017\/01\/goalunited_LEGENDS_liveticker_2017_01_19-300x213.jpg 300w, https:\/\/legends.goalunited.org\/wp-content\/uploads\/2017\/01\/goalunited_LEGENDS_liveticker_2017_01_19-768x546.jpg 768w, https:\/\/legends.goalunited.org\/wp-content\/uploads\/2017\/01\/goalunited_LEGENDS_liveticker_2017_01_19-1024x729.jpg 1024w, https:\/\/legends.goalunited.org\/wp-content\/uploads\/2017\/01\/goalunited_LEGENDS_liveticker_2017_01_19-703x500.jpg 703w, https:\/\/legends.goalunited.org\/wp-content\/uploads\/2017\/01\/goalunited_LEGENDS_liveticker_2017_01_19.jpg 1556w\" sizes=\"(max-width: 300px) 100vw, 300px\" \/><\/a><\/p>\n<p>Od rozbudowy zwyk\u0142ego boiska do areny wielkiej rangi, poprzez zdobywanie sponsor\u00f3w i nowych pracownik\u00f3w, cala ta odpowiedzialno\u015b\u0107 spoczywa na Twoich barkach. B\u0119dziesz trenowa\u0107 topowych strzelc\u00f3w i bij\u0105cych rekordy zawodnik\u00f3w przysz\u0142o\u015bci &#8211; to dlatego m\u0142ode talenty s\u0105 te\u017c niezwykle wa\u017cne. Juniorzy pozwalaj\u0105 r\u00f3wnie\u017c zaoszcz\u0119dzi\u0107 pieni\u0105dze, ale czasami dobrze jest sprawdzi\u0107 dzia\u0142aj\u0105cy w czasie rzeczywistym rynek transferowy. To jedyny spos\u00f3b, aby szybko znale\u017a\u0107 zmiennik\u00f3w dla kluczowych graczy kontuzjowanych w trakcie treningu. Aby pom\u00f3c zawodnikom w szybszym powrocie do zdrowia, musisz oczywi\u015bcie zatrudni\u0107 lekarza. A poniewa\u017c to Ty jeste\u015b menad\u017cerem i trenerem, wszytko to le\u017cy w Twojej gestii.<\/p>\n<p>A mo\u017ce szanse na zdobycie gola wzrosn\u0105 po zakupie nowego zawodnika do Twojej dru\u017cyny? Zawsze pami\u0119taj o tym, \u017ce pozostali trenerzy w spo\u0142eczno\u015bci nigdy nie pr\u00f3\u017cnuj\u0105 i r\u00f3wnie\u017c czerpi\u0105 z korzy\u015bci jakie daje rynek transferowy: goalunited LEGENDS to wi\u0119cej ni\u017c tylko pi\u0142ka no\u017cna.<\/p>\n<h3><a href=\"https:\/\/82.149.252.48\/wp-content\/uploads\/2017\/01\/goalunited_LEGENDS_arena_2017_01_19.jpg\"><img loading=\"lazy\" class=\"wp-image-313 size-medium alignleft\" src=\"https:\/\/82.149.252.48\/wp-content\/uploads\/2017\/01\/goalunited_LEGENDS_arena_2017_01_19-300x213.jpg\" width=\"300\" height=\"213\" data-headline=\"arena\" srcset=\"https:\/\/legends.goalunited.org\/wp-content\/uploads\/2017\/01\/goalunited_LEGENDS_arena_2017_01_19-300x213.jpg 300w, https:\/\/legends.goalunited.org\/wp-content\/uploads\/2017\/01\/goalunited_LEGENDS_arena_2017_01_19-768x546.jpg 768w, https:\/\/legends.goalunited.org\/wp-content\/uploads\/2017\/01\/goalunited_LEGENDS_arena_2017_01_19-1024x729.jpg 1024w, https:\/\/legends.goalunited.org\/wp-content\/uploads\/2017\/01\/goalunited_LEGENDS_arena_2017_01_19-703x500.jpg 703w, https:\/\/legends.goalunited.org\/wp-content\/uploads\/2017\/01\/goalunited_LEGENDS_arena_2017_01_19.jpg 1556w\" sizes=\"(max-width: 300px) 100vw, 300px\" \/><img loading=\"lazy\" class=\"alignnone wp-image-318 size-medium\" src=\"https:\/\/82.149.252.48\/wp-content\/uploads\/2017\/01\/goalunited_LEGENDS_trophies_2017_01_19-300x213.jpg\" width=\"300\" height=\"213\" data-headline=\"trophies\" srcset=\"https:\/\/legends.goalunited.org\/wp-content\/uploads\/2017\/01\/goalunited_LEGENDS_trophies_2017_01_19-300x213.jpg 300w, https:\/\/legends.goalunited.org\/wp-content\/uploads\/2017\/01\/goalunited_LEGENDS_trophies_2017_01_19-768x546.jpg 768w, https:\/\/legends.goalunited.org\/wp-content\/uploads\/2017\/01\/goalunited_LEGENDS_trophies_2017_01_19-1024x729.jpg 1024w, https:\/\/legends.goalunited.org\/wp-content\/uploads\/2017\/01\/goalunited_LEGENDS_trophies_2017_01_19-703x500.jpg 703w, https:\/\/legends.goalunited.org\/wp-content\/uploads\/2017\/01\/goalunited_LEGENDS_trophies_2017_01_19.jpg 1556w\" sizes=\"(max-width: 300px) 100vw, 300px\" \/><\/a><\/h3>\n<h3>Przegl\u0105d opcji<\/h3>\n<p>Oczekiwania fan\u00f3w rosn\u0105 wraz z sukcesami.Czy wystarczy im wi\u0119kszy sklep kibica, a mo\u017ce zamiast tego nowoczesna restauracja? A co z parkingiem czy stacj\u0105 kolejow\u0105 w pobli\u017cu stadionu? Co ze sponsorami i ich wymaganiami? Trzeba mie\u0107 oko na wszystkie te detale, zna\u0107 najlepsze futbolowe triki oraz sprytne taktyki, aby mie\u0107 szanse w\u015br\u00f3d twardej konkurencji pochodz\u0105cej z og\u00f3lno\u015bwiatowej spo\u0142eczno\u015bci &#8211; prawdziwy dreszcz emocji dla ka\u017cdego gracza!<\/p>\n<h3>Wejd\u017a w po\u0142\u0105czon\u0105 rol\u0119 menad\u017cera pi\u0142karskiego i trenera<\/h3>\n<p>Sta\u0144 si\u0119 legend\u0105 historii pi\u0142ki no\u017cnej dostosowuj\u0105c program treningowy zawodnik\u00f3w do swoich cel\u00f3w sezonowych. Jak to mawiaj\u0105, kolejny przeciwnik jest zawsze trudniejszy; trzeba b\u0119dzie stale nadzorowa\u0107 konkurencj\u0119 i odpowiednio rotowa\u0107 sk\u0142adem. Przeanalizuj raport z ostatniego meczu i kontroluj form\u0119 dnia zawodnik\u00f3w, aby opracowa\u0107 w\u0142a\u015bciw\u0105 strategi\u0119 na kolejny mecz.<\/p>\n<p>Jeste\u015b got\u00f3w, aby sta\u0107 si\u0119 <strong>legend\u0105<\/strong> w goalunited LEGENDS?<\/p>\n<p><a href=\"https:\/\/82.149.252.48\/wp-content\/uploads\/2017\/01\/goalunited_LEGENDS_2017_01_19.jpg\"><img loading=\"lazy\" class=\"wp-image-312 size-medium alignleft\" src=\"https:\/\/82.149.252.48\/wp-content\/uploads\/2017\/01\/goalunited_LEGENDS_2017_01_19-300x213.jpg\" width=\"300\" height=\"213\" data-headline=\"league\" srcset=\"https:\/\/legends.goalunited.org\/wp-content\/uploads\/2017\/01\/goalunited_LEGENDS_2017_01_19-300x213.jpg 300w, https:\/\/legends.goalunited.org\/wp-content\/uploads\/2017\/01\/goalunited_LEGENDS_2017_01_19-768x546.jpg 768w, https:\/\/legends.goalunited.org\/wp-content\/uploads\/2017\/01\/goalunited_LEGENDS_2017_01_19-1024x729.jpg 1024w, https:\/\/legends.goalunited.org\/wp-content\/uploads\/2017\/01\/goalunited_LEGENDS_2017_01_19-703x500.jpg 703w, https:\/\/legends.goalunited.org\/wp-content\/uploads\/2017\/01\/goalunited_LEGENDS_2017_01_19.jpg 1556w\" sizes=\"(max-width: 300px) 100vw, 300px\" \/><\/a><\/p>\n<p><a href=\"https:\/\/82.149.252.48\/wp-content\/uploads\/2017\/01\/goalunited_LEGENDS_cup_2017_01_19.jpg\"><img loading=\"lazy\" class=\"alignnone wp-image-314 size-medium\" src=\"https:\/\/82.149.252.48\/wp-content\/uploads\/2017\/01\/goalunited_LEGENDS_cup_2017_01_19-300x213.jpg\" width=\"300\" height=\"213\" data-headline=\"cup\" srcset=\"https:\/\/legends.goalunited.org\/wp-content\/uploads\/2017\/01\/goalunited_LEGENDS_cup_2017_01_19-300x213.jpg 300w, https:\/\/legends.goalunited.org\/wp-content\/uploads\/2017\/01\/goalunited_LEGENDS_cup_2017_01_19-768x546.jpg 768w, https:\/\/legends.goalunited.org\/wp-content\/uploads\/2017\/01\/goalunited_LEGENDS_cup_2017_01_19-1024x729.jpg 1024w, https:\/\/legends.goalunited.org\/wp-content\/uploads\/2017\/01\/goalunited_LEGENDS_cup_2017_01_19-703x500.jpg 703w, https:\/\/legends.goalunited.org\/wp-content\/uploads\/2017\/01\/goalunited_LEGENDS_cup_2017_01_19.jpg 1556w\" sizes=\"(max-width: 300px) 100vw, 300px\" \/><\/a><\/p>\n<p>Programi\u015bci\u00a0northworks Software GmbH z Hamburga pracowali z pasj\u0105 nad tym tytu\u0142em od pocz\u0105tku serii goalunited w roku 2006. Ich celem jest dostarczenie wszystkim fanom realistycznego wyzwania z wci\u0105gaj\u0105c\u0105 g\u0142\u0119bi\u0105. Obok wielu wyr\u00f3\u017cnie\u0144, goalunited przyznano Nagrod\u0119 Niemieckich Programist\u00f3w w roku 2009, jak r\u00f3wnie\u017c Nagrod\u0119 Niemieckich Gier Komputerowych w roku 2011.<\/p>","protected":false},"excerpt":{"rendered":"<p>GRA goalunited LEGENDS jest symulatorem menad\u017cera pi\u0142karskiego. O kilka klas przebija inne menad\u017cery pi\u0142karskie online, przez swoj\u0105 wyj\u0105tkow\u0105 g\u0142\u0119bi\u0119 gry zapewnia nieustaj\u0105c\u0105 rozrywk\u0119 dla graczy. Spe\u0142nij swoje marzenia, zosta\u0144 najwa\u017cniejsz\u0105 <a href=\"https:\/\/legends.goalunited.org\/pl\/\" class=\"more-link\">[&hellip;]<\/a><\/p>\n","protected":false},"author":1,"featured_media":0,"parent":0,"menu_order":0,"comment_status":"closed","ping_status":"closed","template":"","meta":{"_mi_skip_tracking":false,"_monsterinsights_sitenote_active":false,"_monsterinsights_sitenote_note":"","_monsterinsights_sitenote_category":0,"Layout":"2c-l"},"aioseo_notices":[],"_links":{"self":[{"href":"https:\/\/legends.goalunited.org\/pl\/wp-json\/wp\/v2\/pages\/2"}],"collection":[{"href":"https:\/\/legends.goalunited.org\/pl\/wp-json\/wp\/v2\/pages"}],"about":[{"href":"https:\/\/legends.goalunited.org\/pl\/wp-json\/wp\/v2\/types\/page"}],"author":[{"embeddable":true,"href":"https:\/\/legends.goalunited.org\/pl\/wp-json\/wp\/v2\/users\/1"}],"replies":[{"embeddable":true,"href":"https:\/\/legends.goalunited.org\/pl\/wp-json\/wp\/v2\/comments?post=2"}],"version-history":[{"count":107,"href":"https:\/\/legends.goalunited.org\/pl\/wp-json\/wp\/v2\/pages\/2\/revisions"}],"predecessor-version":[{"id":13043,"href":"https:\/\/legends.goalunited.org\/pl\/wp-json\/wp\/v2\/pages\/2\/revisions\/13043"}],"wp:attachment":[{"href":"https:\/\/legends.goalunited.org\/pl\/wp-json\/wp\/v2\/media?parent=2"}],"curies":[{"name":"wp","href":"https:\/\/api.w.org\/{rel}","templated":true}]}}