{"id":36,"date":"2016-07-14T18:07:33","date_gmt":"2016-07-14T18:07:33","guid":{"rendered":"https:\/\/82.149.252.48\/?page_id=36"},"modified":"2026-03-02T10:56:38","modified_gmt":"2026-03-02T10:56:38","slug":"impressum","status":"publish","type":"page","link":"https:\/\/legends.goalunited.org\/pl\/impressum\/","title":{"rendered":"Imprint"},"content":{"rendered":"<p><\/p>\n<p><strong>Odpowiedzialni za t\u0119 stron\u0119:<\/strong><\/p>\n<p>Travian Games GmbH<br \/>\nMoosacher Str. 70<br \/>\n80809 Monachium<br \/>\nNiemcy<br \/>\n<a href=\"mailto:mail@traviangames.com\">mail@traviangames.com<\/a><\/p>\n<p><strong>Jurysdykcja:<\/strong><br \/>\nS\u0105d Okr\u0119gowy w Monachium, HRB 173511<br \/>\nNIP: DE 246258085<br \/>\nDyrektorzy zarz\u0105dzaj\u0105cy: <span lang=\"EN-US\">Viktor Pulz, <\/span>J\u00f6rg Strathaus<br \/>\nTelefon: 004989\/32 49 15 93 8 (nie dla pomocy w grze)<br \/>\nFaks: 004989\/32 49 15 97 3 (tylko w sprawach PLUSa)<\/p>\n<p><strong>Pomoc:<\/strong><br \/>\n<a href=\"https:\/\/support.goalunited.org\/de\/support\/tickets\/new\">Kontakt<\/a><\/p>\n<p><strong>Odpowiedzialny za ochron\u0119 m\u0142odzie\u017cy:<\/strong><br \/>\nRechtsanwalt Dr. Andreas Lober<br \/>\nBeiten Burkhardt Rechtsanwaltsgesellschaft mbH<\/p>\n<p><a href=\"mailto:youthprotection@traviangames.com\">youthprotection@traviangames.com<\/a><\/p>\n<p><strong>Odpowiedzialny za ochron\u0119 danych:<\/strong><\/p>\n<p>Philipp Heindorff<\/p>\n<p><a href=\"mailto:privacy@traviangames.com\">privacy@traviangames.com<\/a><\/p>\n<p>Je\u017celi potrzebujesz pomocy, podaj w korespondencji nick Twojego konta oraz \u015bwiat gry, na kt\u00f3rym grasz.<\/p>\n<p>Wszystkie prawa do tekst\u00f3w, obrazk\u00f3w i kodu stron nale\u017c\u0105 do Travian Games GmbH.<\/p>\n<p>Travian jest zarejestrowanym znakiem handlowym Travian Games GmbH.<\/p>\n<p>Platforma internetowego rozstrzygania spor\u00f3w (ODR) UE zosta\u0142a zamkni\u0119ta. Nie jeste\u015bmy zobowi\u0105zani ani nie chcemy uczestniczy\u0107 w post\u0119powaniu rozstrzygaj\u0105cym spory przed konsumenck\u0105 komisj\u0105 arbitra\u017cow\u0105 (\u00a7 36 VSBG). W celu zg\u0142oszenia jakichkolwiek w\u0105tpliwo\u015bci lub skarg konsumenci mog\u0105 skontaktowa\u0107 si\u0119 z nami bezpo\u015brednio pod adresem protest@traviangames.com.<\/p>\n<p>Liability note: Despite conscientious efforts, we cannot be held responsible for the monitoring of the contents of external links.<br \/>\nThe owner of the linked sites are exclusively responsible for the contents.<\/span><\/p>","protected":false},"excerpt":{"rendered":"<p>Odpowiedzialni za t\u0119 stron\u0119: Travian Games GmbH Moosacher Str. 70 80809 Monachium Niemcy mail@traviangames.com Jurysdykcja: S\u0105d Okr\u0119gowy w Monachium, HRB 173511 NIP: DE 246258085 Dyrektorzy zarz\u0105dzaj\u0105cy: Viktor Pulz, J\u00f6rg Strathaus <a href=\"https:\/\/legends.goalunited.org\/pl\/impressum\/\" class=\"more-link\">[&hellip;]<\/a><\/p>\n","protected":false},"author":1,"featured_media":0,"parent":0,"menu_order":0,"comment_status":"closed","ping_status":"closed","template":"","meta":{"_mi_skip_tracking":false,"_monsterinsights_sitenote_active":false,"_monsterinsights_sitenote_note":"","_monsterinsights_sitenote_category":0,"Layout":""},"aioseo_notices":[],"_links":{"self":[{"href":"https:\/\/legends.goalunited.org\/pl\/wp-json\/wp\/v2\/pages\/36"}],"collection":[{"href":"https:\/\/legends.goalunited.org\/pl\/wp-json\/wp\/v2\/pages"}],"about":[{"href":"https:\/\/legends.goalunited.org\/pl\/wp-json\/wp\/v2\/types\/page"}],"author":[{"embeddable":true,"href":"https:\/\/legends.goalunited.org\/pl\/wp-json\/wp\/v2\/users\/1"}],"replies":[{"embeddable":true,"href":"https:\/\/legends.goalunited.org\/pl\/wp-json\/wp\/v2\/comments?post=36"}],"version-history":[{"count":69,"href":"https:\/\/legends.goalunited.org\/pl\/wp-json\/wp\/v2\/pages\/36\/revisions"}],"predecessor-version":[{"id":13470,"href":"https:\/\/legends.goalunited.org\/pl\/wp-json\/wp\/v2\/pages\/36\/revisions\/13470"}],"wp:attachment":[{"href":"https:\/\/legends.goalunited.org\/pl\/wp-json\/wp\/v2\/media?parent=36"}],"curies":[{"name":"wp","href":"https:\/\/api.w.org\/{rel}","templated":true}]}}