{"id":2,"date":"2016-07-14T06:22:50","date_gmt":"2016-07-14T06:22:50","guid":{"rendered":"https:\/\/82.149.252.48\/?page_id=2"},"modified":"2020-09-28T10:40:32","modified_gmt":"2020-09-28T10:40:32","slug":"start","status":"publish","type":"page","link":"https:\/\/legends.goalunited.org\/pt\/","title":{"rendered":"IN\u00cdCIO"},"content":{"rendered":"<p>\n        <!DOCTYPE html>\n        <html>\n        <head>\n        \t<title><\/title>\n        \t<meta http-equiv=\"Content-Type\" content=\"text\/html;charset=utf-8\" \/>\n        <\/head>\n        <body>\n        <div class=\"gu-rss\"><span class=\"ok\">Server online<\/span><\/div><\/body>\n    <\/html><br \/>\n<a name=\"thegame\"><\/a><\/p>\n<p><img loading=\"lazy\" class=\"aligncenter wp-image-250 size-full\" src=\"https:\/\/82.149.252.48\/wp-content\/uploads\/2016\/08\/GU_Legends_Website_Trenner.jpg\" alt=\"goalunited legends seperator\" width=\"700\" height=\"53\" data-headline=\"goalunited legends seperator\" srcset=\"https:\/\/legends.goalunited.org\/wp-content\/uploads\/2016\/08\/GU_Legends_Website_Trenner.jpg 700w, https:\/\/legends.goalunited.org\/wp-content\/uploads\/2016\/08\/GU_Legends_Website_Trenner-300x23.jpg 300w\" sizes=\"(max-width: 700px) 100vw, 700px\" \/><\/p>\n<h2>O JOGO<\/h2>\n<p>goalunited LEGENDS \u00e9 o simulador de gest\u00e3o de futebol. Est\u00e1 ligas \u00e0 frente de outros jogos de gest\u00e3o de futebol online, gra\u00e7as \u00e0 sua profundidade de jogo \u00fanica, que oferece aos jogadores horas sem fim de divers\u00e3o.<\/p>\n<ul>\n<li>Agarra o teu sonho, torna-te a pessoa mais importante do teu pr\u00f3prio clube de futebol, e domina a liga.<\/li>\n<li>Assume os pap\u00e9is combinados de gestor e treinador e torna-te o poderoso l\u00edder de um clube.<\/li>\n<li>S\u00f3 conseguir\u00e1s atingir o topo da liga usando t\u00e1ticas h\u00e1beis, tanto dentro como fora dos relvados.<\/li>\n<\/ul>\n<h3><a href=\"https:\/\/82.149.252.48\/wp-content\/uploads\/2017\/01\/goalunited_LEGENDS_home_2017_01_19.jpg\"><img loading=\"lazy\" class=\"alignnone wp-image-315\" src=\"https:\/\/82.149.252.48\/wp-content\/uploads\/2017\/01\/goalunited_LEGENDS_home_2017_01_19-300x213.jpg\" width=\"400\" height=\"285\" data-headline=\"goalunited legends home screen\" srcset=\"https:\/\/legends.goalunited.org\/wp-content\/uploads\/2017\/01\/goalunited_LEGENDS_home_2017_01_19-300x213.jpg 300w, https:\/\/legends.goalunited.org\/wp-content\/uploads\/2017\/01\/goalunited_LEGENDS_home_2017_01_19-768x546.jpg 768w, https:\/\/legends.goalunited.org\/wp-content\/uploads\/2017\/01\/goalunited_LEGENDS_home_2017_01_19-1024x729.jpg 1024w, https:\/\/legends.goalunited.org\/wp-content\/uploads\/2017\/01\/goalunited_LEGENDS_home_2017_01_19-703x500.jpg 703w, https:\/\/legends.goalunited.org\/wp-content\/uploads\/2017\/01\/goalunited_LEGENDS_home_2017_01_19.jpg 1556w\" sizes=\"(max-width: 400px) 100vw, 400px\" \/><\/a><\/h3>\n<h3>O c\u00e1lculo inteligente de partidas soma-se \u00e0 profundidade do jogo<\/h3>\n<p>No centro do goalunited LEGENDS est\u00e1 um sistema de c\u00e1lculo de partidas complexo e extenso, que oferece um realismo absoluto e a quantidade certa de competi\u00e7\u00e3o entre os f\u00e3s da Primeira Liga. Este jogo multifacetado permite-te entrar no papel de um gestor e liderar o teu clube at\u00e9 atingir a gl\u00f3ria:<\/p>\n<p><a href=\"https:\/\/82.149.252.48\/wp-content\/uploads\/2017\/01\/goalunited_LEGENDS_liveticker_2017_01_19.jpg\"><img loading=\"lazy\" class=\"wp-image-317 size-medium alignleft\" src=\"https:\/\/82.149.252.48\/wp-content\/uploads\/2017\/01\/goalunited_LEGENDS_liveticker_2017_01_19-300x213.jpg\" width=\"300\" height=\"213\" data-headline=\"liveticker\" srcset=\"https:\/\/legends.goalunited.org\/wp-content\/uploads\/2017\/01\/goalunited_LEGENDS_liveticker_2017_01_19-300x213.jpg 300w, https:\/\/legends.goalunited.org\/wp-content\/uploads\/2017\/01\/goalunited_LEGENDS_liveticker_2017_01_19-768x546.jpg 768w, https:\/\/legends.goalunited.org\/wp-content\/uploads\/2017\/01\/goalunited_LEGENDS_liveticker_2017_01_19-1024x729.jpg 1024w, https:\/\/legends.goalunited.org\/wp-content\/uploads\/2017\/01\/goalunited_LEGENDS_liveticker_2017_01_19-703x500.jpg 703w, https:\/\/legends.goalunited.org\/wp-content\/uploads\/2017\/01\/goalunited_LEGENDS_liveticker_2017_01_19.jpg 1556w\" sizes=\"(max-width: 300px) 100vw, 300px\" \/><\/a><\/p>\n<p><a href=\"https:\/\/82.149.252.48\/wp-content\/uploads\/2017\/01\/goalunited_LEGENDS_lineup_2017_01_19.jpg\"><img loading=\"lazy\" class=\"alignnone size-medium wp-image-316\" src=\"https:\/\/82.149.252.48\/wp-content\/uploads\/2017\/01\/goalunited_LEGENDS_lineup_2017_01_19-300x213.jpg\" alt=\"\" width=\"300\" height=\"213\" data-headline=\"goalunited_LEGENDS_lineup_2017_01_19\" srcset=\"https:\/\/legends.goalunited.org\/wp-content\/uploads\/2017\/01\/goalunited_LEGENDS_lineup_2017_01_19-300x213.jpg 300w, https:\/\/legends.goalunited.org\/wp-content\/uploads\/2017\/01\/goalunited_LEGENDS_lineup_2017_01_19-768x546.jpg 768w, https:\/\/legends.goalunited.org\/wp-content\/uploads\/2017\/01\/goalunited_LEGENDS_lineup_2017_01_19-1024x729.jpg 1024w, https:\/\/legends.goalunited.org\/wp-content\/uploads\/2017\/01\/goalunited_LEGENDS_lineup_2017_01_19-703x500.jpg 703w, https:\/\/legends.goalunited.org\/wp-content\/uploads\/2017\/01\/goalunited_LEGENDS_lineup_2017_01_19.jpg 1556w\" sizes=\"(max-width: 300px) 100vw, 300px\" \/><\/a><\/p>\n<p>Desde desenvolver o teu est\u00e1dio at\u00e9 este ser uma arena famosa, passando por conseguir patroc\u00ednios e recrutar pessoal, todas as responsabilidades est\u00e3o nas tuas m\u00e3os. Ir\u00e1s treinar os futuros marcadores de topo e os jogadores que ir\u00e3o quebrar todos os recordes &#8211; isto porque jovens talentos s\u00e3o fundamentais. Tamb\u00e9m te poupam dinheiro, mas por vezes deves ver o mercado de transfer\u00eancias em tempo real. Esta \u00e9 a \u00fanica forma de conseguires encontrar rapidamente um substituto para um jogador que se lesione no treino. Para conseguires que um jogador recupere rapidamente, ter\u00e1s tamb\u00e9m de contratar m\u00e9dicos de topo. Como gestor e treinador, tudo est\u00e1 nas tuas m\u00e3os.<\/p>\n<p>Talvez consigas melhorar ainda mais as tuas hip\u00f3teses de marcar depois de comprares um novo jogador para a tua equipa? Lembra-te que os outros treinadores na comunidade nunca se cansam e, como tu, aproveitam a vantagem do mercado das transfer\u00eancias: o goalunited LEGENDS \u00e9 muito mais do que futebol.<\/p>\n<h3><a href=\"https:\/\/82.149.252.48\/wp-content\/uploads\/2017\/01\/goalunited_LEGENDS_trophies_2017_01_19.jpg\"><img loading=\"lazy\" class=\"alignnone wp-image-313 size-medium\" src=\"https:\/\/82.149.252.48\/wp-content\/uploads\/2017\/01\/goalunited_LEGENDS_arena_2017_01_19-300x213.jpg\" width=\"300\" height=\"213\" data-headline=\"arena\" srcset=\"https:\/\/legends.goalunited.org\/wp-content\/uploads\/2017\/01\/goalunited_LEGENDS_arena_2017_01_19-300x213.jpg 300w, https:\/\/legends.goalunited.org\/wp-content\/uploads\/2017\/01\/goalunited_LEGENDS_arena_2017_01_19-768x546.jpg 768w, https:\/\/legends.goalunited.org\/wp-content\/uploads\/2017\/01\/goalunited_LEGENDS_arena_2017_01_19-1024x729.jpg 1024w, https:\/\/legends.goalunited.org\/wp-content\/uploads\/2017\/01\/goalunited_LEGENDS_arena_2017_01_19-703x500.jpg 703w, https:\/\/legends.goalunited.org\/wp-content\/uploads\/2017\/01\/goalunited_LEGENDS_arena_2017_01_19.jpg 1556w\" sizes=\"(max-width: 300px) 100vw, 300px\" \/><img loading=\"lazy\" class=\"wp-image-318 size-medium alignleft\" src=\"https:\/\/82.149.252.48\/wp-content\/uploads\/2017\/01\/goalunited_LEGENDS_trophies_2017_01_19-300x213.jpg\" width=\"300\" height=\"213\" data-headline=\"trophies\" srcset=\"https:\/\/legends.goalunited.org\/wp-content\/uploads\/2017\/01\/goalunited_LEGENDS_trophies_2017_01_19-300x213.jpg 300w, https:\/\/legends.goalunited.org\/wp-content\/uploads\/2017\/01\/goalunited_LEGENDS_trophies_2017_01_19-768x546.jpg 768w, https:\/\/legends.goalunited.org\/wp-content\/uploads\/2017\/01\/goalunited_LEGENDS_trophies_2017_01_19-1024x729.jpg 1024w, https:\/\/legends.goalunited.org\/wp-content\/uploads\/2017\/01\/goalunited_LEGENDS_trophies_2017_01_19-703x500.jpg 703w, https:\/\/legends.goalunited.org\/wp-content\/uploads\/2017\/01\/goalunited_LEGENDS_trophies_2017_01_19.jpg 1556w\" sizes=\"(max-width: 300px) 100vw, 300px\" \/><\/a><\/h3>\n<h3>Uma vista de olhos no futuro<\/h3>\n<p>As expectativas dos teus leais f\u00e3s aumentam com os teus sucessos. Eventualmente, s\u00f3 poder\u00e1s satisfaz\u00ea-los com uma loja para f\u00e3s maior&#8230; Ou talvez com um restaurante de fast food moderno, em vez disso? Que tal um parque de estacionamento ou uma esta\u00e7\u00e3o de comboios perto do est\u00e1dio? E os patrocinadores e as suas necessidades? \u00c9 necess\u00e1rio controlar todos os detalhes com um olhar agu\u00e7ado, seguir as melhores dicas e truques do futebol e aplicar as t\u00e1ticas mais inteligentes para ter uma hip\u00f3tese na dura competi\u00e7\u00e3o entre a comunidade global \u2013 um excitante desafio para qualquer jogador!<\/p>\n<h3>Ir\u00e1s ter os pap\u00e9is combinados de gestor de futebol e treinador<\/h3>\n<p>Torna-te uma lenda da hist\u00f3ria do futebol, coordenando o programa de treino dos teus jogadores com os teus objetivos para a \u00e9poca. Como se costuma dizer, o pr\u00f3ximo advers\u00e1rio \u00e9 sempre o mais dif\u00edcil; vais precisar de ter sempre presente quem \u00e9 a competi\u00e7\u00e3o e ajustar o teu plantel de acordo com isso. Analisa o relat\u00f3rio do \u00faltimo jogo e considera o estado dos teus jogadores no dia, para poderes escolher a melhor estrat\u00e9gia para a pr\u00f3xima partida.<\/p>\n<p>Est\u00e1s pronto para te tornares uma <strong>lenda<\/strong> no goalunited LEGENDS?<\/p>\n<p><a href=\"https:\/\/82.149.252.48\/wp-content\/uploads\/2017\/01\/goalunited_LEGENDS_2017_01_19.jpg\"><img loading=\"lazy\" class=\"wp-image-312 size-medium alignleft\" src=\"https:\/\/82.149.252.48\/wp-content\/uploads\/2017\/01\/goalunited_LEGENDS_2017_01_19-300x213.jpg\" width=\"300\" height=\"213\" data-headline=\"league\" srcset=\"https:\/\/legends.goalunited.org\/wp-content\/uploads\/2017\/01\/goalunited_LEGENDS_2017_01_19-300x213.jpg 300w, https:\/\/legends.goalunited.org\/wp-content\/uploads\/2017\/01\/goalunited_LEGENDS_2017_01_19-768x546.jpg 768w, https:\/\/legends.goalunited.org\/wp-content\/uploads\/2017\/01\/goalunited_LEGENDS_2017_01_19-1024x729.jpg 1024w, https:\/\/legends.goalunited.org\/wp-content\/uploads\/2017\/01\/goalunited_LEGENDS_2017_01_19-703x500.jpg 703w, https:\/\/legends.goalunited.org\/wp-content\/uploads\/2017\/01\/goalunited_LEGENDS_2017_01_19.jpg 1556w\" sizes=\"(max-width: 300px) 100vw, 300px\" \/><\/a><\/p>\n<p><a href=\"https:\/\/82.149.252.48\/wp-content\/uploads\/2017\/01\/goalunited_LEGENDS_cup_2017_01_19.jpg\"><img loading=\"lazy\" class=\"alignnone wp-image-314 size-medium\" src=\"https:\/\/82.149.252.48\/wp-content\/uploads\/2017\/01\/goalunited_LEGENDS_cup_2017_01_19-300x213.jpg\" width=\"300\" height=\"213\" data-headline=\"cup\" srcset=\"https:\/\/legends.goalunited.org\/wp-content\/uploads\/2017\/01\/goalunited_LEGENDS_cup_2017_01_19-300x213.jpg 300w, https:\/\/legends.goalunited.org\/wp-content\/uploads\/2017\/01\/goalunited_LEGENDS_cup_2017_01_19-768x546.jpg 768w, https:\/\/legends.goalunited.org\/wp-content\/uploads\/2017\/01\/goalunited_LEGENDS_cup_2017_01_19-1024x729.jpg 1024w, https:\/\/legends.goalunited.org\/wp-content\/uploads\/2017\/01\/goalunited_LEGENDS_cup_2017_01_19-703x500.jpg 703w, https:\/\/legends.goalunited.org\/wp-content\/uploads\/2017\/01\/goalunited_LEGENDS_cup_2017_01_19.jpg 1556w\" sizes=\"(max-width: 300px) 100vw, 300px\" \/><\/a><\/p>\n<p>Os programadores da northworks Software GmbH em Hamburgo t\u00eam estado a trabalhar apaixonadamente no jogo desde o in\u00edcio da s\u00e9rie do goalunited, em 2006. O seu objetivo \u00e9 oferecer a todos os f\u00e3s de futebol um desafio real\u00edstico com profundidade imersiva. Al\u00e9m de outros pr\u00e9mios, o goalunited recebeu o Pr\u00e9mio de Desenvolvimento Alem\u00e3o de 2009, assim como o Pr\u00e9mio de Jogos de Computador Alem\u00e3es, em 2011.<\/p>","protected":false},"excerpt":{"rendered":"<p>O JOGO goalunited LEGENDS \u00e9 o simulador de gest\u00e3o de futebol. Est\u00e1 ligas \u00e0 frente de outros jogos de gest\u00e3o de futebol online, gra\u00e7as \u00e0 sua profundidade de jogo \u00fanica, <a href=\"https:\/\/legends.goalunited.org\/pt\/\" class=\"more-link\">[&hellip;]<\/a><\/p>\n","protected":false},"author":1,"featured_media":0,"parent":0,"menu_order":0,"comment_status":"closed","ping_status":"closed","template":"","meta":{"_mi_skip_tracking":false,"_monsterinsights_sitenote_active":false,"_monsterinsights_sitenote_note":"","_monsterinsights_sitenote_category":0,"Layout":"2c-l"},"aioseo_notices":[],"_links":{"self":[{"href":"https:\/\/legends.goalunited.org\/pt\/wp-json\/wp\/v2\/pages\/2"}],"collection":[{"href":"https:\/\/legends.goalunited.org\/pt\/wp-json\/wp\/v2\/pages"}],"about":[{"href":"https:\/\/legends.goalunited.org\/pt\/wp-json\/wp\/v2\/types\/page"}],"author":[{"embeddable":true,"href":"https:\/\/legends.goalunited.org\/pt\/wp-json\/wp\/v2\/users\/1"}],"replies":[{"embeddable":true,"href":"https:\/\/legends.goalunited.org\/pt\/wp-json\/wp\/v2\/comments?post=2"}],"version-history":[{"count":107,"href":"https:\/\/legends.goalunited.org\/pt\/wp-json\/wp\/v2\/pages\/2\/revisions"}],"predecessor-version":[{"id":13043,"href":"https:\/\/legends.goalunited.org\/pt\/wp-json\/wp\/v2\/pages\/2\/revisions\/13043"}],"wp:attachment":[{"href":"https:\/\/legends.goalunited.org\/pt\/wp-json\/wp\/v2\/media?parent=2"}],"curies":[{"name":"wp","href":"https:\/\/api.w.org\/{rel}","templated":true}]}}