{"id":36,"date":"2016-07-14T18:07:33","date_gmt":"2016-07-14T18:07:33","guid":{"rendered":"https:\/\/82.149.252.48\/?page_id=36"},"modified":"2026-03-02T10:56:38","modified_gmt":"2026-03-02T10:56:38","slug":"impressum","status":"publish","type":"page","link":"https:\/\/legends.goalunited.org\/pt\/impressum\/","title":{"rendered":"Aviso"},"content":{"rendered":"<p><\/p>\n<p><strong>Respons\u00e1vel por este website:<\/strong><\/p>\n<p>Travian Games GmbH<br \/>\nMoosacher Str. 70<br \/>\n80809 Munique<br \/>\nAlemanha<br \/>\n<a href=\"mailto:mail@traviangames.com\">mail@traviangames.com<\/a><\/p>\n<p><strong>Jurisdi\u00e7\u00e3o:<\/strong><br \/>\nTribunal Distrital de Munique, HRB 173511<br \/>\nNIF DE 246258085<br \/>\nDiretores Executivos: <span lang=\"EN-US\">Viktor Pulz, <\/span>J\u00f6rg Strathaus<br \/>\nTelefone: 004989\/32 49 15 93 8 (n\u00e3o para suporte ao jogo)<br \/>\nFax: 004989\/32 49 15 97 3 (apenas suporte plus)<\/p>\n<p><strong>Suporte:<\/strong><br \/>\n<a href=\"https:\/\/support.goalunited.org\/de\/support\/tickets\/new\">Contacto<\/a><\/p>\n<p><strong>Agente de prote\u00e7\u00e3o a menores:<\/strong><br \/>\nDr. Advogado Andreas Lober<br \/>\nBeiten Burkhardt Rechtsanwaltsgesellschaft mbH<\/p>\n<p><a href=\"mailto:youthprotection@traviangames.com\">youthprotection@traviangames.com<\/a><\/p>\n<p><strong>Agente de prote\u00e7\u00e3o de dados:<\/strong><\/p>\n<p>Philipp Heindorff<\/p>\n<p><a href=\"mailto:privacy@traviangames.com\">privacy@traviangames.com<\/a><\/p>\n<p>Por favor, n\u00e3o te esque\u00e7as de incluir o teu nome de utilizador e servidor de jogo quando contactares o Suporte.<\/p>\n<p>Todos os direitos de textos, gr\u00e1ficos e c\u00f3digo fonte s\u00e3o propriedade da Travian Games GmbH.<\/p>\n<p>Travian \u00e9 uma marca registada da Travian Games GmbH.<\/p>\n<p>A plataforma de resolu\u00e7\u00e3o de lit\u00edgios online (RLL) da UE foi descontinuada. N\u00e3o somos obrigados nem estamos dispostos a participar em processos de resolu\u00e7\u00e3o de lit\u00edgios perante um centro de arbitragem de consumo (\u00a7 36 VSBG). Os consumidores podem contactar-nos diretamente atrav\u00e9s do e-mail protest@traviangames.com para colocar quaisquer preocupa\u00e7\u00f5es ou queixas.<\/p>\n<p>Liability note: Despite conscientious efforts, we cannot be held responsible for the monitoring of the contents of external links.<br \/>\nThe owner of the linked sites are exclusively responsible for the contents.<\/span><\/p>","protected":false},"excerpt":{"rendered":"<p>Respons\u00e1vel por este website: Travian Games GmbH Moosacher Str. 70 80809 Munique Alemanha mail@traviangames.com Jurisdi\u00e7\u00e3o: Tribunal Distrital de Munique, HRB 173511 NIF DE 246258085 Diretores Executivos: Viktor Pulz, J\u00f6rg Strathaus <a href=\"https:\/\/legends.goalunited.org\/pt\/impressum\/\" class=\"more-link\">[&hellip;]<\/a><\/p>\n","protected":false},"author":1,"featured_media":0,"parent":0,"menu_order":0,"comment_status":"closed","ping_status":"closed","template":"","meta":{"_mi_skip_tracking":false,"_monsterinsights_sitenote_active":false,"_monsterinsights_sitenote_note":"","_monsterinsights_sitenote_category":0,"Layout":""},"aioseo_notices":[],"_links":{"self":[{"href":"https:\/\/legends.goalunited.org\/pt\/wp-json\/wp\/v2\/pages\/36"}],"collection":[{"href":"https:\/\/legends.goalunited.org\/pt\/wp-json\/wp\/v2\/pages"}],"about":[{"href":"https:\/\/legends.goalunited.org\/pt\/wp-json\/wp\/v2\/types\/page"}],"author":[{"embeddable":true,"href":"https:\/\/legends.goalunited.org\/pt\/wp-json\/wp\/v2\/users\/1"}],"replies":[{"embeddable":true,"href":"https:\/\/legends.goalunited.org\/pt\/wp-json\/wp\/v2\/comments?post=36"}],"version-history":[{"count":69,"href":"https:\/\/legends.goalunited.org\/pt\/wp-json\/wp\/v2\/pages\/36\/revisions"}],"predecessor-version":[{"id":13470,"href":"https:\/\/legends.goalunited.org\/pt\/wp-json\/wp\/v2\/pages\/36\/revisions\/13470"}],"wp:attachment":[{"href":"https:\/\/legends.goalunited.org\/pt\/wp-json\/wp\/v2\/media?parent=36"}],"curies":[{"name":"wp","href":"https:\/\/api.w.org\/{rel}","templated":true}]}}