{"id":13058,"date":"2020-11-13T09:01:46","date_gmt":"2020-11-13T09:01:46","guid":{"rendered":"https:\/\/legends.goalunited.org\/?page_id=13058"},"modified":"2022-02-17T10:11:00","modified_gmt":"2022-02-17T10:11:00","slug":"downloads","status":"publish","type":"page","link":"https:\/\/legends.goalunited.org\/tr\/downloads\/","title":{"rendered":"Desktop Client"},"content":{"rendered":"<p id=\"client\">Bilgisayar\u0131n i\u00e7in goalunited masa\u00fcst\u00fc istemcisini hemen y\u00fckle ve kendi futbol kul\u00fcb\u00fcn\u00fc \u015f\u00f6hrete ve zafere ta\u015f\u0131!<br><\/p>\n\n\n\n<div class=\"wp-block-group client-win64 has-background\" style=\"background-color:#e7e7e7\"><div class=\"wp-block-group__inner-container\">\n<p class=\"has-text-align-center\">\u00d6nerilen s\u00fcr\u00fcm\u00fcn:<br><\/p>\n\n\n\n<div class=\"wp-block-image\"><figure class=\"aligncenter size-large is-resized\"><img loading=\"lazy\" src=\"https:\/\/legends.goalunited.org\/wp-content\/uploads\/2020\/11\/windows_xp_icon.png\" alt=\"\" class=\"wp-image-13157\" width=\"80\" height=\"80\"\/><\/figure><\/div>\n\n\n\n<div class=\"wp-block-buttons is-content-justification-center\">\n<div class=\"wp-block-button\"><a class=\"wp-block-button__link has-background\" href=\"https:\/\/legends.goalunited.org\/download\/windows-64-bit-installer\/?wpdmdl=13215&amp;refresh=5fc4086f4cd9d1606682735\" style=\"border-radius:10px;background:linear-gradient(181deg,rgb(194,231,35) 0%,rgb(126,147,34) 100%)\">Windows 64Bit<\/a><\/div>\n<\/div>\n\n\n\n<p><\/p>\n<\/div><\/div>\n\n\n\n<p><\/p>\n\n\n\n<div class=\"wp-block-group client-win32 has-background\" style=\"background-color:#e7e7e7\"><div class=\"wp-block-group__inner-container\">\n<p class=\"has-text-align-center\">\u00d6nerilen s\u00fcr\u00fcm\u00fcn:<br><\/p>\n\n\n\n<div class=\"wp-block-image\"><figure class=\"aligncenter size-large is-resized\"><img loading=\"lazy\" src=\"https:\/\/legends.goalunited.org\/wp-content\/uploads\/2020\/11\/windows_xp_icon.png\" alt=\"\" class=\"wp-image-13157\" width=\"80\" height=\"80\"\/><\/figure><\/div>\n\n\n\n<div class=\"wp-block-buttons is-content-justification-center\">\n<div class=\"wp-block-button\"><a class=\"wp-block-button__link has-background\" href=\"https:\/\/legends.goalunited.org\/download\/windows-32-bit-installer\/?wpdmdl=13221&amp;refresh=5fc4086f4ea221606682735\" style=\"border-radius:10px;background:linear-gradient(181deg,rgb(194,231,35) 0%,rgb(126,147,34) 100%)\">Windows 32Bit<\/a><\/div>\n<\/div>\n\n\n\n<p><\/p>\n<\/div><\/div>\n\n\n\n<p><\/p>\n\n\n\n<div class=\"wp-block-group client-mac64 has-background\" style=\"background-color:#e7e7e7\"><div class=\"wp-block-group__inner-container\">\n<p class=\"has-text-align-center\">\u00d6nerilen s\u00fcr\u00fcm\u00fcn:<br><\/p>\n\n\n\n<div class=\"wp-block-image\"><figure class=\"aligncenter size-large is-resized\"><img loading=\"lazy\" src=\"https:\/\/legends.goalunited.org\/wp-content\/uploads\/2020\/11\/apple_icon.png\" alt=\"\" class=\"wp-image-13156\" width=\"80\" height=\"80\"\/><\/figure><\/div>\n\n\n\n<div class=\"wp-block-buttons is-content-justification-center\">\n<div class=\"wp-block-button\"><a class=\"wp-block-button__link has-background\" href=\"https:\/\/legends.goalunited.org\/download\/macos-64-bit-dmg\/?wpdmdl=13225&amp;refresh=5fc4086f4f8711606682735\" style=\"border-radius:10px;background:linear-gradient(181deg,rgb(194,231,35) 0%,rgb(126,147,34) 100%)\">macOS 64Bit<\/a><\/div>\n<\/div>\n\n\n\n<p><\/p>\n<\/div><\/div>\n\n\n\n<p><\/p>\n\n\n\n<div class=\"wp-block-group client-linux64 has-background\" style=\"background-color:#e7e7e7\"><div class=\"wp-block-group__inner-container\">\n<p class=\"has-text-align-center\">\u00d6nerilen s\u00fcr\u00fcm\u00fcn:<br><\/p>\n\n\n\n<div class=\"wp-block-image\"><figure class=\"aligncenter size-large is-resized\"><img loading=\"lazy\" src=\"https:\/\/legends.goalunited.org\/wp-content\/uploads\/2020\/11\/linux_icon.png\" alt=\"\" class=\"wp-image-13158\" width=\"80\" height=\"80\"\/><\/figure><\/div>\n\n\n\n<div class=\"wp-block-buttons is-content-justification-center\">\n<div class=\"wp-block-button\"><a class=\"wp-block-button__link has-background\" href=\"https:\/\/legends.goalunited.org\/download\/linux-64-bit-tar\/?wpdmdl=13228&amp;refresh=5fc4086f506281606682735\" style=\"border-radius:10px;background:linear-gradient(181deg,rgb(194,231,35) 0%,rgb(126,147,34) 100%)\">Linux 64Bit<\/a><\/div>\n<\/div>\n\n\n\n<p><\/p>\n<\/div><\/div>\n\n\n\n<p><\/p>\n\n\n\n<p><\/p>\n\n\n\n<div style=\"height:29px\" aria-hidden=\"true\" id=\"all\" class=\"wp-block-spacer\"><\/div>\n\n\n\n<h5>T\u00fcm s\u00fcr\u00fcmler:<br><\/h5>\n\n\n<div class='w3eden'><!-- WPDM Link Template: Call to Action 3 -->\n\n<div class=\"well c2a3\">\n    <div class=\"media\">\n        <div class=\"mr-3\" align=\"left\">\n            <img class=\"wpdm_icon\" alt=\"Icon\"   src=\"https:\/\/legends.goalunited.org\/wp-content\/uploads\/2020\/11\/windows_xp_icon.png\" \/>\n        <\/div>\n        <div class=\"media-body\">\n            <h3 class=\"media-heading\" style=\"padding-top: 0px;border:0px;margin: 0 0 5px 0;font-size:12pt;\">\n                <a style=\"font-weight: 700\" href=\"https:\/\/legends.goalunited.org\/tr\/download\/windows-64-bit-installer\/\"><\/a>\n                <span style=\"font-size:8pt;font-weight:300\" class=\"text-muted ml-4\">\n                    <i class=\"fa fa-hdd mr-1\"><\/i> 60 MB \n\t\t    <i class=\"ml-3  fa fa-bookmark mr-1\"><\/i> Version 1.0.12 \n                <\/span>\n            <\/h3>\n            \n...\n        <\/div>\n        <div class=\"ml-3\" align=\"right\">\n            <a class='wpdm-download-link btn btn-primary ' rel='nofollow' href='https:\/\/legends.goalunited.org\/tr\/download\/windows-64-bit-installer\/?wpdmdl=13215&refresh=69d7f013e8eb91775759379'>Win64Bit Installer<\/a>\n        <\/div>\n    <\/div>\n\n<\/div>\n<style>\n    .well.c2a3 .btn {\n        padding: 11px 30px;\n        font-size: 11pt;\n    }\n\n    .well.c2a3 .media-body {\n        font-size: 11pt;\n    }\n\n    .well.c2a3 .wpdm_icon {\n        height: 42px;\n        width: auto;\n    }<\/style><\/div>\n\n\n<div class='w3eden'><!-- WPDM Link Template: Call to Action 3 -->\n\n<div class=\"well c2a3\">\n    <div class=\"media\">\n        <div class=\"mr-3\" align=\"left\">\n            <img class=\"wpdm_icon\" alt=\"Icon\"   src=\"https:\/\/legends.goalunited.org\/wp-content\/uploads\/2020\/11\/windows_xp_icon.png\" \/>\n        <\/div>\n        <div class=\"media-body\">\n            <h3 class=\"media-heading\" style=\"padding-top: 0px;border:0px;margin: 0 0 5px 0;font-size:12pt;\">\n                <a style=\"font-weight: 700\" href=\"https:\/\/legends.goalunited.org\/tr\/download\/windows-32-bit-installer\/\"><\/a>\n                <span style=\"font-size:8pt;font-weight:300\" class=\"text-muted ml-4\">\n                    <i class=\"fa fa-hdd mr-1\"><\/i> 56 MB \n\t\t    <i class=\"ml-3  fa fa-bookmark mr-1\"><\/i> Version 1.0.10 \n                <\/span>\n            <\/h3>\n            \n...\n        <\/div>\n        <div class=\"ml-3\" align=\"right\">\n            <a class='wpdm-download-link btn btn-primary ' rel='nofollow' href='https:\/\/legends.goalunited.org\/tr\/download\/windows-32-bit-installer\/?wpdmdl=13221&refresh=69d7f013ed66e1775759379'>Win32Bit Installer<\/a>\n        <\/div>\n    <\/div>\n\n<\/div>\n<style>\n    .well.c2a3 .btn {\n        padding: 11px 30px;\n        font-size: 11pt;\n    }\n\n    .well.c2a3 .media-body {\n        font-size: 11pt;\n    }\n\n    .well.c2a3 .wpdm_icon {\n        height: 42px;\n        width: auto;\n    }<\/style><\/div>\n\n\n<div class='w3eden'><!-- WPDM Link Template: Call to Action 3 -->\n\n<div class=\"well c2a3\">\n    <div class=\"media\">\n        <div class=\"mr-3\" align=\"left\">\n            <img class=\"wpdm_icon\" alt=\"Icon\"   src=\"https:\/\/legends.goalunited.org\/wp-content\/uploads\/2020\/11\/apple_icon.png\" \/>\n        <\/div>\n        <div class=\"media-body\">\n            <h3 class=\"media-heading\" style=\"padding-top: 0px;border:0px;margin: 0 0 5px 0;font-size:12pt;\">\n                <a style=\"font-weight: 700\" href=\"https:\/\/legends.goalunited.org\/tr\/download\/macos-64-bit-dmg\/\"><\/a>\n                <span style=\"font-size:8pt;font-weight:300\" class=\"text-muted ml-4\">\n                    <i class=\"fa fa-hdd mr-1\"><\/i> 97 MB \n\t\t    <i class=\"ml-3  fa fa-bookmark mr-1\"><\/i> Version 1.0.8 \n                <\/span>\n            <\/h3>\n            \n...\n        <\/div>\n        <div class=\"ml-3\" align=\"right\">\n            <a class='wpdm-download-link btn btn-primary ' rel='nofollow' href='https:\/\/legends.goalunited.org\/tr\/download\/macos-64-bit-dmg\/?wpdmdl=13225&refresh=69d7f013f19c61775759379'>macOS 64Bit DMG<\/a>\n        <\/div>\n    <\/div>\n\n<\/div>\n<style>\n    .well.c2a3 .btn {\n        padding: 11px 30px;\n        font-size: 11pt;\n    }\n\n    .well.c2a3 .media-body {\n        font-size: 11pt;\n    }\n\n    .well.c2a3 .wpdm_icon {\n        height: 42px;\n        width: auto;\n    }<\/style><\/div>\n\n\n<div class='w3eden'><!-- WPDM Link Template: Call to Action 3 -->\n\n<div class=\"well c2a3\">\n    <div class=\"media\">\n        <div class=\"mr-3\" align=\"left\">\n            <img class=\"wpdm_icon\" alt=\"Icon\"   src=\"https:\/\/legends.goalunited.org\/wp-content\/uploads\/2020\/11\/linux_icon.png\" \/>\n        <\/div>\n        <div class=\"media-body\">\n            <h3 class=\"media-heading\" style=\"padding-top: 0px;border:0px;margin: 0 0 5px 0;font-size:12pt;\">\n                <a style=\"font-weight: 700\" href=\"https:\/\/legends.goalunited.org\/tr\/download\/linux-64-bit-tar\/\"><\/a>\n                <span style=\"font-size:8pt;font-weight:300\" class=\"text-muted ml-4\">\n                    <i class=\"fa fa-hdd mr-1\"><\/i> 97 MB \n\t\t    <i class=\"ml-3  fa fa-bookmark mr-1\"><\/i> Version 1.0.10 \n                <\/span>\n            <\/h3>\n            \n...\n        <\/div>\n        <div class=\"ml-3\" align=\"right\">\n            <a class='wpdm-download-link btn btn-primary ' rel='nofollow' href='https:\/\/legends.goalunited.org\/tr\/download\/linux-64-bit-tar\/?wpdmdl=13228&refresh=69d7f014014ca1775759380'>Linux 64bit TAR<\/a>\n        <\/div>\n    <\/div>\n\n<\/div>\n<style>\n    .well.c2a3 .btn {\n        padding: 11px 30px;\n        font-size: 11pt;\n    }\n\n    .well.c2a3 .media-body {\n        font-size: 11pt;\n    }\n\n    .well.c2a3 .wpdm_icon {\n        height: 42px;\n        width: auto;\n    }<\/style><\/div>\n\n\n\n<div style=\"height:54px\" aria-hidden=\"true\" id=\"portable\" class=\"wp-block-spacer\"><\/div>\n\n\n\n<h5>Portable versions:<\/h5>\n\n\n<div class='w3eden'><!-- WPDM Link Template: Call to Action 3 -->\n\n<div class=\"well c2a3\">\n    <div class=\"media\">\n        <div class=\"mr-3\" align=\"left\">\n            <img class=\"wpdm_icon\" alt=\"Icon\"   src=\"https:\/\/legends.goalunited.org\/wp-content\/uploads\/2020\/11\/windows_xp_icon.png\" \/>\n        <\/div>\n        <div class=\"media-body\">\n            <h3 class=\"media-heading\" style=\"padding-top: 0px;border:0px;margin: 0 0 5px 0;font-size:12pt;\">\n                <a style=\"font-weight: 700\" href=\"https:\/\/legends.goalunited.org\/tr\/download\/windows-64-bit-portable\/\"><\/a>\n                <span style=\"font-size:8pt;font-weight:300\" class=\"text-muted ml-4\">\n                    <i class=\"fa fa-hdd mr-1\"><\/i> 65 MB \n\t\t    <i class=\"ml-3  fa fa-bookmark mr-1\"><\/i> Version 1.0.10 \n                <\/span>\n            <\/h3>\n            \n...\n        <\/div>\n        <div class=\"ml-3\" align=\"right\">\n            <a class='wpdm-download-link btn btn-primary ' rel='nofollow' href='https:\/\/legends.goalunited.org\/tr\/download\/windows-64-bit-portable\/?wpdmdl=13231&refresh=69d7f014025e71775759380'>Win64Bit Portable<\/a>\n        <\/div>\n    <\/div>\n\n<\/div>\n<style>\n    .well.c2a3 .btn {\n        padding: 11px 30px;\n        font-size: 11pt;\n    }\n\n    .well.c2a3 .media-body {\n        font-size: 11pt;\n    }\n\n    .well.c2a3 .wpdm_icon {\n        height: 42px;\n        width: auto;\n    }<\/style><\/div>\n\n\n<div class='w3eden'><!-- WPDM Link Template: Call to Action 3 -->\n\n<div class=\"well c2a3\">\n    <div class=\"media\">\n        <div class=\"mr-3\" align=\"left\">\n            <img class=\"wpdm_icon\" alt=\"Icon\"   src=\"https:\/\/legends.goalunited.org\/wp-content\/uploads\/2020\/11\/windows_xp_icon.png\" \/>\n        <\/div>\n        <div class=\"media-body\">\n            <h3 class=\"media-heading\" style=\"padding-top: 0px;border:0px;margin: 0 0 5px 0;font-size:12pt;\">\n                <a style=\"font-weight: 700\" href=\"https:\/\/legends.goalunited.org\/tr\/download\/windows-32-bit-portable\/\"><\/a>\n                <span style=\"font-size:8pt;font-weight:300\" class=\"text-muted ml-4\">\n                    <i class=\"fa fa-hdd mr-1\"><\/i> 60 MB \n\t\t    <i class=\"ml-3  fa fa-bookmark mr-1\"><\/i> Version 1.0.10 \n                <\/span>\n            <\/h3>\n            \n...\n        <\/div>\n        <div class=\"ml-3\" align=\"right\">\n            <a class='wpdm-download-link btn btn-primary ' rel='nofollow' href='https:\/\/legends.goalunited.org\/tr\/download\/windows-32-bit-portable\/?wpdmdl=13235&refresh=69d7f014055b91775759380'>Win32Bit Portable<\/a>\n        <\/div>\n    <\/div>\n\n<\/div>\n<style>\n    .well.c2a3 .btn {\n        padding: 11px 30px;\n        font-size: 11pt;\n    }\n\n    .well.c2a3 .media-body {\n        font-size: 11pt;\n    }\n\n    .well.c2a3 .wpdm_icon {\n        height: 42px;\n        width: auto;\n    }<\/style><\/div>\n\n\n<div class='w3eden'><!-- WPDM Link Template: Call to Action 3 -->\n\n<div class=\"well c2a3\">\n    <div class=\"media\">\n        <div class=\"mr-3\" align=\"left\">\n            <img class=\"wpdm_icon\" alt=\"Icon\"   src=\"https:\/\/legends.goalunited.org\/wp-content\/uploads\/2020\/11\/windows_xp_icon.png\" \/>\n        <\/div>\n        <div class=\"media-body\">\n            <h3 class=\"media-heading\" style=\"padding-top: 0px;border:0px;margin: 0 0 5px 0;font-size:12pt;\">\n                <a style=\"font-weight: 700\" href=\"https:\/\/legends.goalunited.org\/tr\/download\/windows-64-bit-zip\/\"><\/a>\n                <span style=\"font-size:8pt;font-weight:300\" class=\"text-muted ml-4\">\n                    <i class=\"fa fa-hdd mr-1\"><\/i> 81 MB \n\t\t    <i class=\"ml-3  fa fa-bookmark mr-1\"><\/i> Version 1.0.10 \n                <\/span>\n            <\/h3>\n            \n...\n        <\/div>\n        <div class=\"ml-3\" align=\"right\">\n            <a class='wpdm-download-link btn btn-primary ' rel='nofollow' href='https:\/\/legends.goalunited.org\/tr\/download\/windows-64-bit-zip\/?wpdmdl=13243&refresh=69d7f01406bbd1775759380'>Win64Bit ZIP<\/a>\n        <\/div>\n    <\/div>\n\n<\/div>\n<style>\n    .well.c2a3 .btn {\n        padding: 11px 30px;\n        font-size: 11pt;\n    }\n\n    .well.c2a3 .media-body {\n        font-size: 11pt;\n    }\n\n    .well.c2a3 .wpdm_icon {\n        height: 42px;\n        width: auto;\n    }<\/style><\/div>\n\n\n<div class='w3eden'><!-- WPDM Link Template: Call to Action 3 -->\n\n<div class=\"well c2a3\">\n    <div class=\"media\">\n        <div class=\"mr-3\" align=\"left\">\n            <img class=\"wpdm_icon\" alt=\"Icon\"   src=\"https:\/\/legends.goalunited.org\/wp-content\/uploads\/2020\/11\/windows_xp_icon.png\" \/>\n        <\/div>\n        <div class=\"media-body\">\n            <h3 class=\"media-heading\" style=\"padding-top: 0px;border:0px;margin: 0 0 5px 0;font-size:12pt;\">\n                <a style=\"font-weight: 700\" href=\"https:\/\/legends.goalunited.org\/tr\/download\/windows-32-bit-zip\/\"><\/a>\n                <span style=\"font-size:8pt;font-weight:300\" class=\"text-muted ml-4\">\n                    <i class=\"fa fa-hdd mr-1\"><\/i> 74 MB \n\t\t    <i class=\"ml-3  fa fa-bookmark mr-1\"><\/i> Version 1.0.10 \n                <\/span>\n            <\/h3>\n            \n...\n        <\/div>\n        <div class=\"ml-3\" align=\"right\">\n            <a class='wpdm-download-link btn btn-primary ' rel='nofollow' href='https:\/\/legends.goalunited.org\/tr\/download\/windows-32-bit-zip\/?wpdmdl=13240&refresh=69d7f0140a9f01775759380'>Win32Bit ZIP<\/a>\n        <\/div>\n    <\/div>\n\n<\/div>\n<style>\n    .well.c2a3 .btn {\n        padding: 11px 30px;\n        font-size: 11pt;\n    }\n\n    .well.c2a3 .media-body {\n        font-size: 11pt;\n    }\n\n    .well.c2a3 .wpdm_icon {\n        height: 42px;\n        width: auto;\n    }<\/style><\/div>\n\n\n\n<div style=\"height:100px\" aria-hidden=\"true\" id=\"info\" class=\"wp-block-spacer\"><\/div>\n\n\n\n<h5><strong>Supported Platforms<\/strong><\/h5>\n\n\n\n<p>Following platforms are supported by goalunited Desktop Client:<\/p>\n\n\n\n<p><br><strong>macOS<\/strong><br>Only 64bit binaries are provided for macOS, and the minimum macOS version supported is macOS 10.10 (Yosemite).<\/p>\n\n\n\n<p><br><strong>Windows<\/strong><br>Windows 7 and later are supported, older operating systems are not supported (and do not work).<br>Both ia32 (x86) and x64 (amd64) binaries are provided for Windows.<\/p>\n\n\n\n<p><br><strong>Linux<\/strong><br>The prebuilt binaries of goalunited Desktop Client are built on Ubuntu 18.04.<br>Whether the prebuilt binary can run on a distribution depends on whether the distribution includes the libraries that goalunited Desktop Client is linked to on the building platform, so only Ubuntu 18.04 is guaranteed to work, but following platforms are also verified to be able to run the prebuilt binaries of the Desktop Client:<br>Ubuntu 14.04 and newer<br>Fedora 24 and newer<br>Debian 8 and newer<\/p>\n\n\n\n<p><\/p>","protected":false},"excerpt":{"rendered":"<p>Bilgisayar\u0131n i\u00e7in goalunited masa\u00fcst\u00fc istemcisini hemen y\u00fckle ve kendi futbol kul\u00fcb\u00fcn\u00fc \u015f\u00f6hrete ve zafere ta\u015f\u0131! T\u00fcm s\u00fcr\u00fcmler: Portable versions: Supported Platforms Following platforms are supported by goalunited Desktop Client: macOSOnly <a href=\"https:\/\/legends.goalunited.org\/tr\/downloads\/\" class=\"more-link\">[&hellip;]<\/a><\/p>\n","protected":false},"author":1,"featured_media":0,"parent":0,"menu_order":0,"comment_status":"closed","ping_status":"closed","template":"","meta":{"_mi_skip_tracking":false,"_monsterinsights_sitenote_active":false,"_monsterinsights_sitenote_note":"","_monsterinsights_sitenote_category":0,"Layout":"1c"},"aioseo_notices":[],"_links":{"self":[{"href":"https:\/\/legends.goalunited.org\/tr\/wp-json\/wp\/v2\/pages\/13058"}],"collection":[{"href":"https:\/\/legends.goalunited.org\/tr\/wp-json\/wp\/v2\/pages"}],"about":[{"href":"https:\/\/legends.goalunited.org\/tr\/wp-json\/wp\/v2\/types\/page"}],"author":[{"embeddable":true,"href":"https:\/\/legends.goalunited.org\/tr\/wp-json\/wp\/v2\/users\/1"}],"replies":[{"embeddable":true,"href":"https:\/\/legends.goalunited.org\/tr\/wp-json\/wp\/v2\/comments?post=13058"}],"version-history":[{"count":125,"href":"https:\/\/legends.goalunited.org\/tr\/wp-json\/wp\/v2\/pages\/13058\/revisions"}],"predecessor-version":[{"id":13331,"href":"https:\/\/legends.goalunited.org\/tr\/wp-json\/wp\/v2\/pages\/13058\/revisions\/13331"}],"wp:attachment":[{"href":"https:\/\/legends.goalunited.org\/tr\/wp-json\/wp\/v2\/media?parent=13058"}],"curies":[{"name":"wp","href":"https:\/\/api.w.org\/{rel}","templated":true}]}}