{"id":13401,"date":"2024-04-03T08:44:00","date_gmt":"2024-04-03T08:44:00","guid":{"rendered":"https:\/\/legends.goalunited.org\/?page_id=13401"},"modified":"2024-04-03T08:44:02","modified_gmt":"2024-04-03T08:44:02","slug":"game-rules","status":"publish","type":"page","link":"https:\/\/legends.goalunited.org\/tr\/game-rules\/","title":{"rendered":"Oyun Kurallar\u0131"},"content":{"rendered":"<p><br><\/p>\n\n\n\n<p><strong>Oyun Kurallar\u0131<\/strong><\/p>\n\n\n\n<p><a>A\u015fa\u011f\u0131da listelenen Oyun Kurallar\u0131,<\/a> genel <a href=\"https:\/\/agb.traviangames.com\/terms-tr.pdf\">\u015fartlar ve ko\u015fullar<\/a>\u2018a bir ek te\u015fkil eder.<\/p>\n\n\n\n<p>Bir uzakla\u015ft\u0131rma durumunda genel \u015fartlar ve ko\u015fullar (B\u00f6l\u00fcm 6) g\u00f6z \u00f6n\u00fcnde tutulmal\u0131d\u0131r, ayr\u0131ca nelere izin verilip, nelere verilmedi\u011fini kontrol etmek i\u00e7in de \u00f6nemlidir.<\/p>\n\n\n\n<p>T\u00fcm oyun kurallar\u0131; aktif oyuncular, hesab\u0131n\u0131 silmek isteyen oyuncular ve hesab\u0131 i\u00e7in silme a\u015famas\u0131n\u0131 zaten etkinle\u015ftirmi\u015f olan oyuncular i\u00e7in ge\u00e7erlidir.<\/p>\n\n\n\n<p><strong>1. Hesaplar ve kul\u00fcpler<\/strong><\/p>\n\n\n\n<p>1.1. Her goalunited menajerinin yaln\u0131zca bir hesab\u0131 bulunmas\u0131na izin verilir (Ayn\u0131 hesap \u00fczerinden en fazla 3 kul\u00fcp, <a href=\"https:\/\/support.goalunited.org\/tr\/support\/solutions\/articles\/7000046178-top-manager\">Zirve Menajer<\/a> \u00f6zelli\u011fi arac\u0131l\u0131\u011f\u0131yla m\u00fcmk\u00fcnd\u00fcr). Bildirilen veya tespit edilen \u00e7oklu hesaplar kapat\u0131lacak, sahibine bildirimde bulunulacak ve ana hesap cezaland\u0131r\u0131lacakt\u0131r.<\/p>\n\n\n\n<p>1.2. Hesap sahibi, hesaba kay\u0131tl\u0131 e-posta adresine sahip olan ki\u015fidir. Destek birimi, sahiplik do\u011frulamas\u0131 amac\u0131yla e-posta adresini talep etme hakk\u0131na sahiptir.<\/p>\n\n\n\n<p>1.3. Hesap \u015fifrelerini payla\u015fmak yasakt\u0131r. Bu konuda destek birimi taraf\u0131ndan al\u0131nan \u015fikayetler do\u011frultusunda, s\u00f6z konusu hesap soru\u015fturman\u0131n sonucuna ba\u011fl\u0131 olarak cezaland\u0131r\u0131lacakt\u0131r veya kapat\u0131lacakt\u0131r. Destek\u00e7ilerimiz veya ekip \u00fcyelerimiz asla \u015fifrenizi sizden istemeyecektir; b\u00f6yle bir durumla kar\u015f\u0131la\u015f\u0131rsan\u0131z hemen complaints@traviangames.com adresine bildirmelisiniz.<\/p>\n\n\n\n<p>1.4. Pasif hesaplar\/ kul\u00fcpler, teknik nedenlerden dolay\u0131 zaman i\u00e7inde silinebilir. Aktif bir premium hesab\u0131 olan hesaplar korunur, ancak kul\u00fcpler, ihmal nedeniyle iflas ederse ba\u015flang\u0131ca d\u00f6nebilir\/s\u0131f\u0131rlanabilir. Silinen veya iflas eden hesaplar\u0131\/kul\u00fcpleri geri getirmek m\u00fcmk\u00fcn de\u011fildir.<\/p>\n\n\n\n<p>1.5. Hesap sat\u0131\u015f\u0131 yasakt\u0131r. B\u00f6yle bir giri\u015fim, hesab\u0131n kal\u0131c\u0131 olarak silinmesine neden olabilir.<\/p>\n\n\n\n<p><strong>2. Oyun i\u00e7i ileti\u015fim ve i\u00e7erik kullan\u0131m\u0131\/y\u00fcklenmesi<\/strong><\/p>\n\n\n\n<p>2.1. Oyuncular, her zaman goalunited taraf\u0131ndan sa\u011flanan ileti\u015fim platformlar\u0131 olan oyun i\u00e7i mesajlar, ziyaret\u00e7i defteri, bas\u0131n a\u00e7\u0131klamalar\u0131 ve di\u011fer t\u00fcm ileti\u015fim ara\u00e7lar\u0131 \u00fczerinden sayg\u0131l\u0131 bir \u015fekilde ileti\u015fim kurmal\u0131d\u0131r. Oyun i\u00e7i ileti\u015fim kanallar\u0131ndan herhangi birinde menajer, menajer grubu veya Ekip \u00fcyelerine y\u00f6nelik hakaret, sald\u0131rgan dil veya k\u00fcf\u00fcr i\u00e7eren herhangi bir ileti, oyun hesab\u0131na y\u00f6nelik bir i\u015flemle cezaland\u0131r\u0131lacakt\u0131r.<\/p>\n\n\n\n<p>2.2. K\u00fc\u00e7\u00fckler i\u00e7in uygun olmayan materyalleri y\u00fcklemek ve g\u00f6stermek kesinlikle yasakt\u0131r.<\/p>\n\n\n\n<p>2.3 Her t\u00fcrl\u00fc reklam yasakt\u0131r. Ancak Travian Games GmbH ve\/veya ba\u011fl\u0131 \u015firketler veya g\u00fcvenilen sayfalar (YouTube, Wikipedia vb.) serbesttir.<\/p>\n\n\n\n<p>2.4. Oyun i\u00e7inde iki taraf aras\u0131ndaki mesajlar ve konu\u015fmalar, yaln\u0131zca t\u00fcm ilgili taraflar\u0131n onay\u0131 al\u0131nm\u0131\u015fsa yay\u0131nlanabilir. goalunited ekibi ile olan mesajlar\u0131 veya e-postalar\u0131 yay\u0131nlamak, a\u00e7\u0131k\u00e7a onay al\u0131nmad\u0131k\u00e7a yasakt\u0131r.<\/p>\n\n\n\n<p>2.5. Orijinal \/ telif hakk\u0131na sahip olanla tam e\u015fle\u015fen i\u00e7erikler (\u00f6rne\u011fin resmi kul\u00fcp ad\u0131 veya resmi logo) kald\u0131r\u0131lacakt\u0131r; l\u00fctfen mevcut kurallar\u0131 ihlal eden telif hakk\u0131 materyali, ticari marka veya herhangi bir i\u00e7eri\u011fi fark ederseniz, oyun i\u00e7indeki bildirim d\u00fc\u011fmesini kullanarak bildirin.<\/p>\n\n\n\n<p>2. Cinsiyet, ya\u015f, \u0131rk, cinsel y\u00f6nelim, engellilik, siyasi inan\u00e7lar veya din temelinde ayr\u0131mc\u0131l\u0131\u011f\u0131 temsil eden i\u00e7erikler kald\u0131r\u0131lacak ve uygun \u015fekilde cezaland\u0131r\u0131lacakt\u0131r.<\/p>\n\n\n\n<p>2.7. M\u00fc\u015fteri Hizmetleri veya Yetkili Ekip taraf\u0131ndan di\u011fer oyuncular\u0131n oyun deneyimini olumsuz etkileyici olarak de\u011ferlendirilen uygunsuz herhangi ba\u015fka i\u00e7erikler cezaland\u0131r\u0131labilir.<\/p>\n\n\n\n<p>2.8. Bir oyuncuyu; hesab\u0131n\u0131 silmeye, devretmeye veya payla\u015fmaya zorlamak, \u015fifresini payla\u015fmas\u0131n\u0131 talep etmek veya bir kural\u0131 ihlal etmesini istemek yasakt\u0131r.<\/p>\n\n\n\n<p>2.9. Oyun Yetkilisini taklit etmek, oyun hakk\u0131nda yan\u0131lt\u0131c\u0131 bilgiler yaymak veya oyuncular\u0131 istekleri d\u0131\u015f\u0131nda eylemler yapmaya zorlamak yasakt\u0131r.<\/p>\n\n\n\n<p><strong>3. Y\u00f6netim \/ Moderasyon<\/strong><\/p>\n\n\n\n<p>3.1. Destek ekibi ve y\u00f6neticiler, oyun kurallar\u0131na uymama durumlar\u0131nda uygulanacak cezalar\u0131 belirleme yetkisine sahiptirler.<\/p>\n\n\n\n<p>3.2. Kurallar\u0131n ihlal edilmesi durumunda tek ileti\u015fim noktan\u0131z destek ekibi olmal\u0131d\u0131r. T\u00fcm oyuncular, durumlar\u0131n\u0131 a\u00e7\u0131klayan bir itiraz g\u00f6nderebilirler, bunun i\u00e7in sunulan ileti\u015fim formunu kullanabilirler. E\u011fer oyuncu, destek temsilcisinin karar\u0131n\u0131 sorgulamak i\u00e7in ge\u00e7erli bir nedene sahipse, yaz\u0131\u015fman\u0131n daha \u00fcst bir seviyeye ta\u015f\u0131nmas\u0131n\u0131 talep edebilir. Sonras\u0131nda vaka tekrar g\u00f6zden ge\u00e7irilecektir.<\/p>\n\n\n\n<p>3.3. goalunited ekibi, oyunun e\u011flenceli, adil ve sayg\u0131l\u0131 bir yer olarak kalmas\u0131n\u0131 sa\u011flamak i\u00e7in oyun kurallar\u0131n\u0131 her zaman de\u011fi\u015ftirme hakk\u0131n\u0131 sakl\u0131 tutar.<\/p>\n\n\n\n<p>3.4. goalunited ekibi, oyunun sa\u011fl\u0131kl\u0131 ve adil bir oyun deneyimi sunmas\u0131n\u0131 her zaman koruma hakk\u0131n\u0131 sakl\u0131 tutar. \u00d6zellikle potansiyel olarak zararl\u0131 bir durumun veya eylemin de\u011ferlendirilmesi ve soru\u015fturulmas\u0131, oyun deneyimine ve\/veya bir veya daha fazla oyuncuya zarar verildi\u011fini g\u00fc\u00e7l\u00fc bir \u015fekilde g\u00f6sterdi\u011fi durumlarda, goalunited ekibi, belirli bir durumun mevcut oyun kurallar\u0131nda kapsanmasa dahi gerekli \u00f6nlemleri alma hakk\u0131na sahiptir.<\/p>\n\n\n\n<p>3.5. Oyun ve ekibi hakk\u0131nda yap\u0131c\u0131 ve kibar ele\u015ftiri\/geri bildirimler ho\u015f kar\u015f\u0131lan\u0131rken, oyunun de\u011ferini veya ekibimizin bir ya da daha fazla \u00fcyesinin imaj\u0131n\u0131 d\u00fc\u015f\u00fcrmeye y\u00f6nelik giri\u015fimler uygun bir \u015fekilde i\u015flem g\u00f6recektir.<\/p>\n\n\n\n<p>3.6. goalunited ekibi, goalunited&#8217;daki kural ihlalleri i\u00e7in al\u0131nan \u00f6nlemleri payla\u015fmayacak veya kamuya a\u00e7\u0131klamayacakt\u0131r.<\/p>\n\n\n\n<p><strong>4. Fair play<\/strong><\/p>\n\n\n\n<p>4.1. Oyun hatalar\u0131n\u0131n veya \u00f6zelliklerinin k\u00f6t\u00fcye kullan\u0131lmas\u0131, di\u011fer menajerlerin veya oyunun zarar\u0131na olacak \u015fekilde avantaj elde etmek anlam\u0131na gelir ve yasakt\u0131r. Herhangi bir hata bulunursa veya k\u00f6t\u00fcye kullan\u0131m durumu g\u00f6zlemlenirse, bunun derhal destek ekibine bildirilmesi gerekir.<\/p>\n\n\n\n<p>4.2. Oyun i\u00e7i rakiplerinize m\u00fcmk\u00fcn oldu\u011funca e\u015fit \u015fekilde davranmak b\u00fcy\u00fck \u00f6l\u00e7\u00fcde te\u015fvik edilen bir durumdur. Bu, adil oyunun ana kurallar\u0131ndan biridir.<\/p>\n\n\n\n<p>4.3. Birden fazla resmi veya resmi olmayan m\u00fcsabakada (dostluk ve antrenman ma\u00e7lar\u0131 hari\u00e7 olmak \u00fczere) kas\u0131tl\u0131 olarak en iyi 11\u2019den daha zay\u0131f bir kadro olu\u015fturarak rakibe bir galibiyet &#8220;hediye etmek&#8221;, destek ekibi taraf\u0131ndan bir i\u015fleme neden olabilir.<\/p>\n\n\n\n<p>4.4. Herhangi bir di\u011fer fair-play ve sportmenlik d\u0131\u015f\u0131 davran\u0131\u015f, bir ihlal olarak kabul edilecek ve kul\u00fcb\u00fcn\/hesab\u0131n kal\u0131c\u0131 kaybedilmesine neden olabilecektir.<\/p>\n\n\n\n<p class=\"has-text-align-left\"><\/p>\n\n\n\n<p><\/p>","protected":false},"excerpt":{"rendered":"<p>Oyun Kurallar\u0131 A\u015fa\u011f\u0131da listelenen Oyun Kurallar\u0131, genel \u015fartlar ve ko\u015fullar\u2018a bir ek te\u015fkil eder. Bir uzakla\u015ft\u0131rma durumunda genel \u015fartlar ve ko\u015fullar (B\u00f6l\u00fcm 6) g\u00f6z \u00f6n\u00fcnde tutulmal\u0131d\u0131r, ayr\u0131ca nelere izin verilip, <a href=\"https:\/\/legends.goalunited.org\/tr\/game-rules\/\" class=\"more-link\">[&hellip;]<\/a><\/p>\n","protected":false},"author":1,"featured_media":0,"parent":0,"menu_order":0,"comment_status":"closed","ping_status":"closed","template":"","meta":{"_mi_skip_tracking":false,"_monsterinsights_sitenote_active":false,"_monsterinsights_sitenote_note":"","_monsterinsights_sitenote_category":0,"Layout":""},"aioseo_notices":[],"_links":{"self":[{"href":"https:\/\/legends.goalunited.org\/tr\/wp-json\/wp\/v2\/pages\/13401"}],"collection":[{"href":"https:\/\/legends.goalunited.org\/tr\/wp-json\/wp\/v2\/pages"}],"about":[{"href":"https:\/\/legends.goalunited.org\/tr\/wp-json\/wp\/v2\/types\/page"}],"author":[{"embeddable":true,"href":"https:\/\/legends.goalunited.org\/tr\/wp-json\/wp\/v2\/users\/1"}],"replies":[{"embeddable":true,"href":"https:\/\/legends.goalunited.org\/tr\/wp-json\/wp\/v2\/comments?post=13401"}],"version-history":[{"count":4,"href":"https:\/\/legends.goalunited.org\/tr\/wp-json\/wp\/v2\/pages\/13401\/revisions"}],"predecessor-version":[{"id":13405,"href":"https:\/\/legends.goalunited.org\/tr\/wp-json\/wp\/v2\/pages\/13401\/revisions\/13405"}],"wp:attachment":[{"href":"https:\/\/legends.goalunited.org\/tr\/wp-json\/wp\/v2\/media?parent=13401"}],"curies":[{"name":"wp","href":"https:\/\/api.w.org\/{rel}","templated":true}]}}