{"id":2,"date":"2016-07-14T06:22:50","date_gmt":"2016-07-14T06:22:50","guid":{"rendered":"https:\/\/82.149.252.48\/?page_id=2"},"modified":"2020-09-28T10:40:32","modified_gmt":"2020-09-28T10:40:32","slug":"start","status":"publish","type":"page","link":"https:\/\/legends.goalunited.org\/tr\/","title":{"rendered":"BA\u015eLA"},"content":{"rendered":"<p>\n        <!DOCTYPE html>\n        <html>\n        <head>\n        \t<title><\/title>\n        \t<meta http-equiv=\"Content-Type\" content=\"text\/html;charset=utf-8\" \/>\n        <\/head>\n        <body>\n        <div class=\"gu-rss\"><span class=\"ok\">Server online<\/span><\/div><\/body>\n    <\/html><br \/>\n<a name=\"thegame\"><\/a><\/p>\n<p><img loading=\"lazy\" class=\"aligncenter wp-image-250 size-full\" src=\"https:\/\/82.149.252.48\/wp-content\/uploads\/2016\/08\/GU_Legends_Website_Trenner.jpg\" alt=\"goalunited legends seperator\" width=\"700\" height=\"53\" data-headline=\"goalunited legends seperator\" srcset=\"https:\/\/legends.goalunited.org\/wp-content\/uploads\/2016\/08\/GU_Legends_Website_Trenner.jpg 700w, https:\/\/legends.goalunited.org\/wp-content\/uploads\/2016\/08\/GU_Legends_Website_Trenner-300x23.jpg 300w\" sizes=\"(max-width: 700px) 100vw, 700px\" \/><\/p>\n<h2>OYUN<\/h2>\n<p>goalunited LEGENDS futbol menajerlik sim\u00fclat\u00f6r\u00fcd\u00fcr. Oyunculara t\u00fckenmeyen e\u011flence sunan e\u015fsiz oyun derinli\u011fi sayesinde goalunited LEGENDS ligleri, di\u011fer \u00e7evrimi\u00e7i futbol menajerli\u011fi oyunlar\u0131ndan ileridedir.<\/p>\n<ul>\n<li>Hayaline ula\u015f, kendi futbol kul\u00fcb\u00fcndeki en \u00f6nemli insan ol ve lige y\u00f6n ver.<\/li>\n<li>Menajer ve teknik direkt\u00f6rl\u00fck rollerini bir arada s\u00fcrd\u00fcr ve g\u00fc\u00e7l\u00fc bir kul\u00fcp patronu ol.<\/li>\n<li>Yaln\u0131zca hem saha i\u00e7inde hem de saha d\u0131\u015f\u0131nda kurnaz bir taktisyen olarak ligin zirvesine ula\u015fabilirsin.<\/li>\n<\/ul>\n<h3><a href=\"https:\/\/82.149.252.48\/wp-content\/uploads\/2017\/01\/goalunited_LEGENDS_home_2017_01_19.jpg\"><img loading=\"lazy\" class=\"alignnone wp-image-315\" src=\"https:\/\/82.149.252.48\/wp-content\/uploads\/2017\/01\/goalunited_LEGENDS_home_2017_01_19-300x213.jpg\" width=\"400\" height=\"285\" data-headline=\"goalunited legends home screen\" srcset=\"https:\/\/legends.goalunited.org\/wp-content\/uploads\/2017\/01\/goalunited_LEGENDS_home_2017_01_19-300x213.jpg 300w, https:\/\/legends.goalunited.org\/wp-content\/uploads\/2017\/01\/goalunited_LEGENDS_home_2017_01_19-768x546.jpg 768w, https:\/\/legends.goalunited.org\/wp-content\/uploads\/2017\/01\/goalunited_LEGENDS_home_2017_01_19-1024x729.jpg 1024w, https:\/\/legends.goalunited.org\/wp-content\/uploads\/2017\/01\/goalunited_LEGENDS_home_2017_01_19-703x500.jpg 703w, https:\/\/legends.goalunited.org\/wp-content\/uploads\/2017\/01\/goalunited_LEGENDS_home_2017_01_19.jpg 1556w\" sizes=\"(max-width: 400px) 100vw, 400px\" \/><\/a><\/h3>\n<h3>Ak\u0131ll\u0131 ma\u00e7 hesaplamalar\u0131 devasa oyun derinli\u011fiyle bulu\u015fuyor<\/h3>\n<p>Kat\u0131ks\u0131z ger\u00e7ek\u00e7ili\u011fi ve S\u00fcper Lig hayranlar\u0131 aras\u0131ndaki \u00e7eki\u015fmenin ger\u00e7ek de\u011ferlerde olmas\u0131n\u0131 sa\u011flayan kapsaml\u0131 ve karma\u015f\u0131k ma\u00e7 hesaplama sistemi, goalunited LEGENDS&#8217;\u0131n kalbini olu\u015fturur. Bu \u00e7ok y\u00f6nl\u00fc oyun, senin bir menajerin rol\u00fcne soyunmana ve kul\u00fcb\u00fcn\u00fc gelece\u011fe ta\u015f\u0131mana olanak sa\u011flar.<\/p>\n<p><a href=\"https:\/\/82.149.252.48\/wp-content\/uploads\/2017\/01\/goalunited_LEGENDS_lineup_2017_01_19.jpg\"><img loading=\"lazy\" class=\"wp-image-316 size-medium alignleft\" src=\"https:\/\/82.149.252.48\/wp-content\/uploads\/2017\/01\/goalunited_LEGENDS_lineup_2017_01_19-300x213.jpg\" width=\"300\" height=\"213\" data-headline=\"LINE-UP\" srcset=\"https:\/\/legends.goalunited.org\/wp-content\/uploads\/2017\/01\/goalunited_LEGENDS_lineup_2017_01_19-300x213.jpg 300w, https:\/\/legends.goalunited.org\/wp-content\/uploads\/2017\/01\/goalunited_LEGENDS_lineup_2017_01_19-768x546.jpg 768w, https:\/\/legends.goalunited.org\/wp-content\/uploads\/2017\/01\/goalunited_LEGENDS_lineup_2017_01_19-1024x729.jpg 1024w, https:\/\/legends.goalunited.org\/wp-content\/uploads\/2017\/01\/goalunited_LEGENDS_lineup_2017_01_19-703x500.jpg 703w, https:\/\/legends.goalunited.org\/wp-content\/uploads\/2017\/01\/goalunited_LEGENDS_lineup_2017_01_19.jpg 1556w\" sizes=\"(max-width: 300px) 100vw, 300px\" \/><\/a><a href=\"https:\/\/82.149.252.48\/wp-content\/uploads\/2017\/01\/goalunited_LEGENDS_liveticker_2017_01_19.jpg\"><img loading=\"lazy\" class=\"wp-image-317 size-medium alignleft\" src=\"https:\/\/82.149.252.48\/wp-content\/uploads\/2017\/01\/goalunited_LEGENDS_liveticker_2017_01_19-300x213.jpg\" width=\"300\" height=\"213\" data-headline=\"liveticker\" srcset=\"https:\/\/legends.goalunited.org\/wp-content\/uploads\/2017\/01\/goalunited_LEGENDS_liveticker_2017_01_19-300x213.jpg 300w, https:\/\/legends.goalunited.org\/wp-content\/uploads\/2017\/01\/goalunited_LEGENDS_liveticker_2017_01_19-768x546.jpg 768w, https:\/\/legends.goalunited.org\/wp-content\/uploads\/2017\/01\/goalunited_LEGENDS_liveticker_2017_01_19-1024x729.jpg 1024w, https:\/\/legends.goalunited.org\/wp-content\/uploads\/2017\/01\/goalunited_LEGENDS_liveticker_2017_01_19-703x500.jpg 703w, https:\/\/legends.goalunited.org\/wp-content\/uploads\/2017\/01\/goalunited_LEGENDS_liveticker_2017_01_19.jpg 1556w\" sizes=\"(max-width: 300px) 100vw, 300px\" \/><\/a><\/p>\n<p>Sponsorlar ve yeni personeller edinerek stadyumunu b\u00fcy\u00fck bir arenaya geli\u015ftirirken t\u00fcm sorumluluk senin ellerinde. Gelece\u011fin en iyi golc\u00fclerini ve rekortmen oyuncular\u0131n\u0131 &#8211; gen\u00e7 yetenekler de ayr\u0131ca \u00e7ok \u00f6nemlidir &#8211; \u00e7al\u0131\u015ft\u0131racaks\u0131n. Ayr\u0131ca bu tasarruf etmeni sa\u011flar ancak bazen ger\u00e7ek zamanl\u0131 transfer borsas\u0131n\u0131 da takip etmek iyi bir fikir olabilir. Bu, antrenmanda sakatlanan kilit bir oyuncunun yerine h\u0131zla yedek bir oyuncu bulabilmenin tek yoludur. Ayr\u0131ca oyuncunun sakatl\u0131ktan h\u0131zl\u0131ca \u00e7\u0131kmas\u0131n\u0131 sa\u011flamak i\u00e7in elbette birinci s\u0131n\u0131f bir doktoru i\u015fe alabilirsin. Menajer ve teknik direkt\u00f6r olarak her \u015fey senin ellerinde.<\/p>\n<p>Belki gol yollar\u0131ndaki \u015fans\u0131n tak\u0131ma yeni bir oyuncu sat\u0131n almanla daha da artabilir. Her zaman, camiadaki di\u011fer teknik direkt\u00f6rlerin hi\u00e7 yorulmad\u0131klar\u0131n\u0131 ve ayn\u0131 \u015fekilde transfer borsas\u0131n\u0131n avantajlar\u0131n\u0131 kullad\u0131klar\u0131n\u0131 akl\u0131ndan \u00e7\u0131karma: goalunited LEGENDS futboldan \u00e7ok daha fazlas\u0131d\u0131r.<\/p>\n<h3><a href=\"https:\/\/82.149.252.48\/wp-content\/uploads\/2017\/01\/goalunited_LEGENDS_arena_2017_01_19.jpg\"><img loading=\"lazy\" class=\"wp-image-313 size-medium alignleft\" src=\"https:\/\/82.149.252.48\/wp-content\/uploads\/2017\/01\/goalunited_LEGENDS_arena_2017_01_19-300x213.jpg\" width=\"300\" height=\"213\" data-headline=\"arena\" srcset=\"https:\/\/legends.goalunited.org\/wp-content\/uploads\/2017\/01\/goalunited_LEGENDS_arena_2017_01_19-300x213.jpg 300w, https:\/\/legends.goalunited.org\/wp-content\/uploads\/2017\/01\/goalunited_LEGENDS_arena_2017_01_19-768x546.jpg 768w, https:\/\/legends.goalunited.org\/wp-content\/uploads\/2017\/01\/goalunited_LEGENDS_arena_2017_01_19-1024x729.jpg 1024w, https:\/\/legends.goalunited.org\/wp-content\/uploads\/2017\/01\/goalunited_LEGENDS_arena_2017_01_19-703x500.jpg 703w, https:\/\/legends.goalunited.org\/wp-content\/uploads\/2017\/01\/goalunited_LEGENDS_arena_2017_01_19.jpg 1556w\" sizes=\"(max-width: 300px) 100vw, 300px\" \/><img loading=\"lazy\" class=\"wp-image-318 size-medium alignleft\" src=\"https:\/\/82.149.252.48\/wp-content\/uploads\/2017\/01\/goalunited_LEGENDS_trophies_2017_01_19-300x213.jpg\" width=\"300\" height=\"213\" data-headline=\"trophies\" srcset=\"https:\/\/legends.goalunited.org\/wp-content\/uploads\/2017\/01\/goalunited_LEGENDS_trophies_2017_01_19-300x213.jpg 300w, https:\/\/legends.goalunited.org\/wp-content\/uploads\/2017\/01\/goalunited_LEGENDS_trophies_2017_01_19-768x546.jpg 768w, https:\/\/legends.goalunited.org\/wp-content\/uploads\/2017\/01\/goalunited_LEGENDS_trophies_2017_01_19-1024x729.jpg 1024w, https:\/\/legends.goalunited.org\/wp-content\/uploads\/2017\/01\/goalunited_LEGENDS_trophies_2017_01_19-703x500.jpg 703w, https:\/\/legends.goalunited.org\/wp-content\/uploads\/2017\/01\/goalunited_LEGENDS_trophies_2017_01_19.jpg 1556w\" sizes=\"(max-width: 300px) 100vw, 300px\" \/><\/a><\/h3>\n<h3><\/h3>\n<h3><\/h3>\n<h3><\/h3>\n<h3><\/h3>\n<h3>Bir bak\u0131\u015fta gelecek<\/h3>\n<p>Vefal\u0131 taraftarlar\u0131n\u0131n beklentileri senin ba\u015far\u0131lar\u0131nla beraber artar. Bu y\u00fczden onlar\u0131 sadece daha b\u00fcy\u00fck bir taraftar ma\u011fazas\u0131 ile ya da onun yerine belki de modern bir fast food restoran\u0131yla tatmin edebilirsin. Kapal\u0131 otoparka ya da stadyuma yak\u0131n bir tren istasyonuna ne dersin? Peki ya sponsorlar ve onlar\u0131n istekleri ne olacak? T\u00fcm bu ayr\u0131nt\u0131lar, futboldaki en iyi ipucu ve tiyolar ve d\u00fcnya \u00e7ap\u0131ndaki bu zorlu yar\u0131\u015fmada bir \u015fans\u0131n olabilmesi i\u00e7in gereken ak\u0131ll\u0131 taktikler, keskin bir g\u00f6z gerektirecek &#8211; her oyuncu i\u00e7in ger\u00e7ek bir heyecan!<\/p>\n<h3>Futbol menajeri ve teknik direkt\u00f6r\u00fc rollerini bir arada s\u00fcrd\u00fcr<\/h3>\n<p>Sezon hedeflerine g\u00f6re oyuncular\u0131n\u0131n antrenman programlar\u0131n\u0131 haz\u0131rlayarak bir futbol efsanesi ol. Ne derler bilirsin, bir sonraki rakip her zaman en g\u00fc\u00e7l\u00fcs\u00fcd\u00fcr; G\u00f6z\u00fcn\u00fc s\u00fcrekli bu amans\u0131z yar\u0131\u015f\u0131n \u00fczerinde tutmal\u0131 ve tak\u0131m\u0131n\u0131 buna g\u00f6re kurmal\u0131s\u0131n. Son ma\u00e7 raporunu analiz et ve oyuncular\u0131n\u0131n o g\u00fcnk\u00fc formlar\u0131n\u0131 g\u00f6z \u00f6n\u00fcnde bulundur ki sonraki ma\u00e7 i\u00e7in do\u011fru stratejiyi geli\u015ftirebilesin.<\/p>\n<p>goalunited LEGENDS&#8217;da bir <strong>efsane<\/strong> olmaya haz\u0131r m\u0131s\u0131n?<\/p>\n<p><a href=\"https:\/\/82.149.252.48\/wp-content\/uploads\/2017\/01\/goalunited_LEGENDS_2017_01_19.jpg\"><img loading=\"lazy\" class=\"wp-image-312 size-medium alignleft\" src=\"https:\/\/82.149.252.48\/wp-content\/uploads\/2017\/01\/goalunited_LEGENDS_2017_01_19-300x213.jpg\" width=\"300\" height=\"213\" data-headline=\"league\" srcset=\"https:\/\/legends.goalunited.org\/wp-content\/uploads\/2017\/01\/goalunited_LEGENDS_2017_01_19-300x213.jpg 300w, https:\/\/legends.goalunited.org\/wp-content\/uploads\/2017\/01\/goalunited_LEGENDS_2017_01_19-768x546.jpg 768w, https:\/\/legends.goalunited.org\/wp-content\/uploads\/2017\/01\/goalunited_LEGENDS_2017_01_19-1024x729.jpg 1024w, https:\/\/legends.goalunited.org\/wp-content\/uploads\/2017\/01\/goalunited_LEGENDS_2017_01_19-703x500.jpg 703w, https:\/\/legends.goalunited.org\/wp-content\/uploads\/2017\/01\/goalunited_LEGENDS_2017_01_19.jpg 1556w\" sizes=\"(max-width: 300px) 100vw, 300px\" \/><\/a><\/p>\n<p><a href=\"https:\/\/82.149.252.48\/wp-content\/uploads\/2017\/01\/goalunited_LEGENDS_cup_2017_01_19.jpg\"><img loading=\"lazy\" class=\"wp-image-314 size-medium alignleft\" src=\"https:\/\/82.149.252.48\/wp-content\/uploads\/2017\/01\/goalunited_LEGENDS_cup_2017_01_19-300x213.jpg\" width=\"300\" height=\"213\" data-headline=\"cup\" srcset=\"https:\/\/legends.goalunited.org\/wp-content\/uploads\/2017\/01\/goalunited_LEGENDS_cup_2017_01_19-300x213.jpg 300w, https:\/\/legends.goalunited.org\/wp-content\/uploads\/2017\/01\/goalunited_LEGENDS_cup_2017_01_19-768x546.jpg 768w, https:\/\/legends.goalunited.org\/wp-content\/uploads\/2017\/01\/goalunited_LEGENDS_cup_2017_01_19-1024x729.jpg 1024w, https:\/\/legends.goalunited.org\/wp-content\/uploads\/2017\/01\/goalunited_LEGENDS_cup_2017_01_19-703x500.jpg 703w, https:\/\/legends.goalunited.org\/wp-content\/uploads\/2017\/01\/goalunited_LEGENDS_cup_2017_01_19.jpg 1556w\" sizes=\"(max-width: 300px) 100vw, 300px\" \/><\/a><\/p>\n<p>Hamburglu northworks Software GmbH geli\u015ftiricileri, 2006&#8217;da unvan\u0131n\u0131 korumak i\u00e7in goalunited&#8217;\u0131n \u00e7\u0131k\u0131\u015f\u0131ndan beri tutkuyla \u00e7al\u0131\u015f\u0131yorlar. Ama\u00e7lar\u0131, t\u00fcm futbol hayranlar\u0131 i\u00e7in s\u00fcr\u00fckleyici bir derinli\u011fi olan ger\u00e7ek\u00e7i bir \u00e7eki\u015fme ortam\u0131 sa\u011flamak. \u00d6vg\u00fcye de\u011fer di\u011fer \u015feylere ek olarak, goalunited&#8217;\u0131n 2009&#8217;da Alman Oyun Geli\u015ftiricleri \u00d6d\u00fcl\u00fcn\u00fcn yan\u0131nda 2011&#8217;de de Alman Bilgisayar Oyunlar\u0131 \u00f6d\u00fcl\u00fcn\u00fc ald\u0131\u011f\u0131n\u0131 belirtelim.<\/p>","protected":false},"excerpt":{"rendered":"<p>OYUN goalunited LEGENDS futbol menajerlik sim\u00fclat\u00f6r\u00fcd\u00fcr. Oyunculara t\u00fckenmeyen e\u011flence sunan e\u015fsiz oyun derinli\u011fi sayesinde goalunited LEGENDS ligleri, di\u011fer \u00e7evrimi\u00e7i futbol menajerli\u011fi oyunlar\u0131ndan ileridedir. Hayaline ula\u015f, kendi futbol kul\u00fcb\u00fcndeki en \u00f6nemli <a href=\"https:\/\/legends.goalunited.org\/tr\/\" class=\"more-link\">[&hellip;]<\/a><\/p>\n","protected":false},"author":1,"featured_media":0,"parent":0,"menu_order":0,"comment_status":"closed","ping_status":"closed","template":"","meta":{"_mi_skip_tracking":false,"_monsterinsights_sitenote_active":false,"_monsterinsights_sitenote_note":"","_monsterinsights_sitenote_category":0,"Layout":"2c-l"},"aioseo_notices":[],"_links":{"self":[{"href":"https:\/\/legends.goalunited.org\/tr\/wp-json\/wp\/v2\/pages\/2"}],"collection":[{"href":"https:\/\/legends.goalunited.org\/tr\/wp-json\/wp\/v2\/pages"}],"about":[{"href":"https:\/\/legends.goalunited.org\/tr\/wp-json\/wp\/v2\/types\/page"}],"author":[{"embeddable":true,"href":"https:\/\/legends.goalunited.org\/tr\/wp-json\/wp\/v2\/users\/1"}],"replies":[{"embeddable":true,"href":"https:\/\/legends.goalunited.org\/tr\/wp-json\/wp\/v2\/comments?post=2"}],"version-history":[{"count":107,"href":"https:\/\/legends.goalunited.org\/tr\/wp-json\/wp\/v2\/pages\/2\/revisions"}],"predecessor-version":[{"id":13043,"href":"https:\/\/legends.goalunited.org\/tr\/wp-json\/wp\/v2\/pages\/2\/revisions\/13043"}],"wp:attachment":[{"href":"https:\/\/legends.goalunited.org\/tr\/wp-json\/wp\/v2\/media?parent=2"}],"curies":[{"name":"wp","href":"https:\/\/api.w.org\/{rel}","templated":true}]}}