{"id":36,"date":"2016-07-14T18:07:33","date_gmt":"2016-07-14T18:07:33","guid":{"rendered":"https:\/\/82.149.252.48\/?page_id=36"},"modified":"2026-03-02T10:56:38","modified_gmt":"2026-03-02T10:56:38","slug":"impressum","status":"publish","type":"page","link":"https:\/\/legends.goalunited.org\/tr\/impressum\/","title":{"rendered":"Bask\u0131"},"content":{"rendered":"<p><\/p>\n<p><strong>Bu websitesinin sorumlusu:<\/strong><\/p>\n<p>Travian Games GmbH<br \/>\nMoosacher Str. 70<br \/>\n80809 M\u00fcnih<br \/>\nAlmanya<br \/>\n<a href=\"mailto:mail@traviangames.com\">mail@traviangames.com<\/a><\/p>\n<p><strong>Yetkili Mahkeme:<\/strong><br \/>\nM\u00fcnih B\u00f6lge Mahkemesi, HRB 173511<br \/>\nVAT ID No. DE 246258085<br \/>\n\u0130dari Y\u00f6neticiler: <span lang=\"EN-US\">Viktor Pulz, <\/span>J\u00f6rg Strathaus<br \/>\nTelefon: 004989\/32 49 15 93 8 (oyuni\u00e7i destek i\u00e7in de\u011fildir)<br \/>\nFax: 004989\/32 49 15 97 3 (sadece plus destek i\u00e7in)<\/p>\n<p><strong>Destek:<\/strong><br \/>\n<a href=\"https:\/\/support.goalunited.org\/de\/support\/tickets\/new\">\u0130leti\u015fim<\/a><\/p>\n<p><strong>Gen\u00e7lik koruma memuru:<\/strong><br \/>\nAvukat Dr. Andreas Lober<br \/>\nBeiten Burkhardt Rechtsanwaltsgesellschaft mbH<\/p>\n<p><a href=\"mailto:youthprotection@traviangames.com\">youthprotection@traviangames.com<\/a><\/p>\n<p><strong>Veri koruma memuru:<\/strong><\/p>\n<p>Philipp Heindorff<\/p>\n<p><a href=\"mailto:privacy@traviangames.com\">privacy@traviangames.com<\/a><\/p>\n<p>Deste\u011fe yazd\u0131\u011f\u0131n\u0131zda l\u00fctfen kullan\u0131c\u0131 ad\u0131n\u0131z\u0131 ve oynad\u0131\u011f\u0131n\u0131z sunucuyu eklemeyi unutmay\u0131n.<\/p>\n<p>Metinlerin, g\u00f6rsellerin ve kaynak kodlar\u0131n t\u00fcm haklar\u0131 Travian Games GmbH&#8217;ye aittir.<\/p>\n<p>Travian, Travian Games GmbH&#8217;nin tescilli bir markas\u0131d\u0131r.<\/p>\n<p>AB \u00c7evrimi\u00e7i Uyu\u015fmazl\u0131k \u00c7\u00f6z\u00fcm\u00fc (ODR) platformu durdurulmu\u015ftur. T\u00fcketici hakem heyeti (\u00a7 36 VSBG) nezdindeki uyu\u015fmazl\u0131k \u00e7\u00f6z\u00fcm s\u00fcre\u00e7lerine kat\u0131lmakla ne y\u00fck\u00fcml\u00fcy\u00fcz ne de buna istemekteyiz. T\u00fcketiciler herhangi bir endi\u015fe veya \u015fikayetlerini dile getirmek i\u00e7in protest@traviangames.com adresinden do\u011frudan bizimle ileti\u015fime ge\u00e7ebilirler.<\/p>\n<p>Liability note: Despite conscientious efforts, we cannot be held responsible for the monitoring of the contents of external links.<br \/>\nThe owner of the linked sites are exclusively responsible for the contents.<\/span><\/p>","protected":false},"excerpt":{"rendered":"<p>Bu websitesinin sorumlusu: Travian Games GmbH Moosacher Str. 70 80809 M\u00fcnih Almanya mail@traviangames.com Yetkili Mahkeme: M\u00fcnih B\u00f6lge Mahkemesi, HRB 173511 VAT ID No. DE 246258085 \u0130dari Y\u00f6neticiler: Viktor Pulz, J\u00f6rg <a href=\"https:\/\/legends.goalunited.org\/tr\/impressum\/\" class=\"more-link\">[&hellip;]<\/a><\/p>\n","protected":false},"author":1,"featured_media":0,"parent":0,"menu_order":0,"comment_status":"closed","ping_status":"closed","template":"","meta":{"_mi_skip_tracking":false,"_monsterinsights_sitenote_active":false,"_monsterinsights_sitenote_note":"","_monsterinsights_sitenote_category":0,"Layout":""},"aioseo_notices":[],"_links":{"self":[{"href":"https:\/\/legends.goalunited.org\/tr\/wp-json\/wp\/v2\/pages\/36"}],"collection":[{"href":"https:\/\/legends.goalunited.org\/tr\/wp-json\/wp\/v2\/pages"}],"about":[{"href":"https:\/\/legends.goalunited.org\/tr\/wp-json\/wp\/v2\/types\/page"}],"author":[{"embeddable":true,"href":"https:\/\/legends.goalunited.org\/tr\/wp-json\/wp\/v2\/users\/1"}],"replies":[{"embeddable":true,"href":"https:\/\/legends.goalunited.org\/tr\/wp-json\/wp\/v2\/comments?post=36"}],"version-history":[{"count":69,"href":"https:\/\/legends.goalunited.org\/tr\/wp-json\/wp\/v2\/pages\/36\/revisions"}],"predecessor-version":[{"id":13470,"href":"https:\/\/legends.goalunited.org\/tr\/wp-json\/wp\/v2\/pages\/36\/revisions\/13470"}],"wp:attachment":[{"href":"https:\/\/legends.goalunited.org\/tr\/wp-json\/wp\/v2\/media?parent=36"}],"curies":[{"name":"wp","href":"https:\/\/api.w.org\/{rel}","templated":true}]}}