{"id":5,"date":"2016-07-14T06:42:01","date_gmt":"2016-07-14T06:42:01","guid":{"rendered":"https:\/\/82.149.252.48\/?page_id=5"},"modified":"2025-06-11T14:46:06","modified_gmt":"2025-06-11T14:46:06","slug":"support","status":"publish","type":"page","link":"https:\/\/legends.goalunited.org\/tr\/support\/","title":{"rendered":"YARDIM"},"content":{"rendered":"<p><\/p>\n<div class=\"help_header\"><a class=\"helplink\" href=\"https:\/\/support.goalunited.org\" target=\"_blank\" rel=\"noopener noreferrer\">Yard\u0131m &#8211; goalunited k\u0131lavuzu<\/a><\/div>\n<div class=\"help_body\">\u00d6zellikler hakk\u0131nda daha fazlas\u0131n\u0131 ve sorular\u0131na cevaplar\u0131 bul<\/div>\n<p><\/p>","protected":false},"excerpt":{"rendered":"<p>Yard\u0131m &#8211; goalunited k\u0131lavuzu \u00d6zellikler hakk\u0131nda daha fazlas\u0131n\u0131 ve sorular\u0131na cevaplar\u0131 bul<\/p>\n","protected":false},"author":1,"featured_media":0,"parent":0,"menu_order":0,"comment_status":"closed","ping_status":"closed","template":"","meta":{"_mi_skip_tracking":false,"_monsterinsights_sitenote_active":false,"_monsterinsights_sitenote_note":"","_monsterinsights_sitenote_category":0,"Layout":""},"aioseo_notices":[],"_links":{"self":[{"href":"https:\/\/legends.goalunited.org\/tr\/wp-json\/wp\/v2\/pages\/5"}],"collection":[{"href":"https:\/\/legends.goalunited.org\/tr\/wp-json\/wp\/v2\/pages"}],"about":[{"href":"https:\/\/legends.goalunited.org\/tr\/wp-json\/wp\/v2\/types\/page"}],"author":[{"embeddable":true,"href":"https:\/\/legends.goalunited.org\/tr\/wp-json\/wp\/v2\/users\/1"}],"replies":[{"embeddable":true,"href":"https:\/\/legends.goalunited.org\/tr\/wp-json\/wp\/v2\/comments?post=5"}],"version-history":[{"count":56,"href":"https:\/\/legends.goalunited.org\/tr\/wp-json\/wp\/v2\/pages\/5\/revisions"}],"predecessor-version":[{"id":13446,"href":"https:\/\/legends.goalunited.org\/tr\/wp-json\/wp\/v2\/pages\/5\/revisions\/13446"}],"wp:attachment":[{"href":"https:\/\/legends.goalunited.org\/tr\/wp-json\/wp\/v2\/media?parent=5"}],"curies":[{"name":"wp","href":"https:\/\/api.w.org\/{rel}","templated":true}]}}